{"id":3288,"date":"2025-06-07T22:10:04","date_gmt":"2025-06-07T20:10:04","guid":{"rendered":"https:\/\/hestiahealth.es\/canal-de-denuncies\/"},"modified":"2025-07-23T12:43:13","modified_gmt":"2025-07-23T10:43:13","slug":"canal-de-denuncies","status":"publish","type":"page","link":"https:\/\/hestiahealth.es\/ca\/canal-de-denuncies\/","title":{"rendered":"Canal de den\u00fancies"},"content":{"rendered":"\t\t<div data-elementor-type=\"wp-page\" data-elementor-id=\"3288\" class=\"elementor elementor-3288 elementor-1906\" data-elementor-post-type=\"page\">\n\t\t\t\t\t\t<section class=\"elementor-section elementor-top-section elementor-element elementor-element-e777cc9 elementor-section-boxed elementor-section-height-default elementor-section-height-default\" data-id=\"e777cc9\" data-element_type=\"section\">\n\t\t\t\t\t\t<div class=\"elementor-container elementor-column-gap-default\">\n\t\t\t\t\t<div class=\"elementor-column elementor-col-100 elementor-top-column elementor-element elementor-element-645b115\" data-id=\"645b115\" data-element_type=\"column\" data-settings=\"{&quot;background_background&quot;:&quot;classic&quot;}\">\n\t\t\t<div class=\"elementor-widget-wrap elementor-element-populated\">\n\t\t\t\t\t\t<div class=\"elementor-element elementor-element-bd5baa1 elementor-view-default elementor-widget elementor-widget-icon\" data-id=\"bd5baa1\" data-element_type=\"widget\" data-widget_type=\"icon.default\">\n\t\t\t\t<div class=\"elementor-widget-container\">\n\t\t\t\t\t\t\t<div class=\"elementor-icon-wrapper\">\n\t\t\t<div class=\"elementor-icon\">\n\t\t\t<svg xmlns=\"http:\/\/www.w3.org\/2000\/svg\" xmlns:xlink=\"http:\/\/www.w3.org\/1999\/xlink\" xmlns:xodm=\"http:\/\/www.corel.com\/coreldraw\/odm\/2003\" xml:space=\"preserve\" width=\"23.8126mm\" height=\"23.8126mm\" style=\"shape-rendering:geometricPrecision; text-rendering:geometricPrecision; image-rendering:optimizeQuality; fill-rule:evenodd; clip-rule:evenodd\" viewBox=\"0 0 2381.26 2381.26\"> <defs>  <style type=\"text\/css\">       .str0 {stroke:white;stroke-width:59.09;stroke-linecap:round;stroke-linejoin:round;stroke-miterlimit:22.9256}    .fil1 {fill:none;fill-rule:nonzero}    .fil0 {fill:#6CBE99;fill-rule:nonzero}     <\/style>   <clipPath id=\"id0\" style=\"clip-rule:nonzero\">    <path d=\"M476.26 1957.92l1402.28 0 0 -1508.12 -1402.28 0 0 1508.12z\"><\/path>   <\/clipPath> <\/defs> <g id=\"Capa_x0020_1\">  <metadata id=\"CorelCorpID_0Corel-Layer\"><\/metadata>  <path class=\"fil0\" d=\"M396.88 0l1587.5 0c219.14,0 396.87,177.73 396.87,396.88l0.01 1587.5c-0.01,219.13 -177.74,396.86 -396.89,396.86l-1587.49 0.02c-219.14,-0.02 -396.87,-177.75 -396.87,-396.9l-0.01 -1587.48c0.01,-219.15 177.74,-396.88 396.89,-396.88z\"><\/path>  <g>  <\/g>  <g style=\"clip-path:url(#id0)\">   <g id=\"_2212913374224\">    <path class=\"fil1 str0\" d=\"M505.79 1081.7l640.79 500.19c18.03,14.33 43.58,14.33 61.61,0l640.79 -500.19\"><\/path>    <path class=\"fil1 str0\" d=\"M1778.38 1019.62l55.84 43.48c12.27,9.55 19.28,24.13 19.28,39.47l0 729.68c0,55.3 -45.07,100.54 -100.16,100.54l-1151.88 0c-55.09,0 -100.17,-45.24 -100.17,-100.54l0 -729.68c0,-15.34 7.01,-29.92 19.28,-39.47l55.85 -43.48\"><\/path>    <line class=\"fil1 str0\" x1=\"957.8\" y1=\"1561.78\" x2=\"625.01\" y2=\"1832.24\"><\/line>    <line class=\"fil1 str0\" x1=\"1729.79\" y1=\"1832.24\" x2=\"1397\" y2=\"1561.78\"><\/line>    <path class=\"fil1 str0\" d=\"M676.58 1087.49l0 -562.28c0,-27.65 22.54,-50.27 50.08,-50.27l901.47 0c27.55,0 50.08,22.62 50.08,50.27l0 562.53\"><\/path>    <line class=\"fil1 str0\" x1=\"1027.15\" y1=\"676.01\" x2=\"1327.64\" y2=\"676.01\"><\/line>    <line class=\"fil1 str0\" x1=\"876.9\" y1=\"851.97\" x2=\"1477.89\" y2=\"851.97\"><\/line>    <line class=\"fil1 str0\" x1=\"876.9\" y1=\"1027.91\" x2=\"1477.89\" y2=\"1027.91\"><\/line>    <line class=\"fil1 str0\" x1=\"876.9\" y1=\"1203.86\" x2=\"1477.89\" y2=\"1203.86\"><\/line>   <\/g>  <\/g>  <polygon class=\"fil1\" points=\"476.26,1957.92 1878.54,1957.92 1878.54,449.8 476.26,449.8 \"><\/polygon> <\/g><\/svg>\t\t\t<\/div>\n\t\t<\/div>\n\t\t\t\t\t\t<\/div>\n\t\t\t\t<\/div>\n\t\t\t\t<div class=\"elementor-element elementor-element-44cb090 elementor-widget elementor-widget-heading\" data-id=\"44cb090\" data-element_type=\"widget\" data-widget_type=\"heading.default\">\n\t\t\t\t<div class=\"elementor-widget-container\">\n\t\t\t\t\t<h2 class=\"elementor-heading-title elementor-size-default\">Canal segur de comunicaci\u00f3 interna de den\u00fancies<\/h2>\t\t\t\t<\/div>\n\t\t\t\t<\/div>\n\t\t\t\t<div class=\"elementor-element elementor-element-9150150 elementor-widget elementor-widget-text-editor\" data-id=\"9150150\" data-element_type=\"widget\" data-widget_type=\"text-editor.default\">\n\t\t\t\t<div class=\"elementor-widget-container\">\n\t\t\t\t\t\t\t\t\t<p>Si heu detectat una mala praxi o infracci\u00f3 en la vostra relaci\u00f3 professional amb aquesta entitat i podeu aportar proves, podeu utilitzar aquest canal per comunicar-ho i enviar la informaci\u00f3 de manera completament an\u00f2nima.<\/p>\t\t\t\t\t\t\t\t<\/div>\n\t\t\t\t<\/div>\n\t\t\t\t<section class=\"elementor-section elementor-inner-section elementor-element elementor-element-2f73b6c elementor-section-boxed elementor-section-height-default elementor-section-height-default\" data-id=\"2f73b6c\" data-element_type=\"section\">\n\t\t\t\t\t\t<div class=\"elementor-container elementor-column-gap-default\">\n\t\t\t\t\t<div class=\"elementor-column elementor-col-50 elementor-inner-column elementor-element elementor-element-15d4e42\" data-id=\"15d4e42\" data-element_type=\"column\">\n\t\t\t<div class=\"elementor-widget-wrap elementor-element-populated\">\n\t\t\t\t\t\t<div class=\"elementor-element elementor-element-e003257 elementor-widget elementor-widget-text-editor\" data-id=\"e003257\" data-element_type=\"widget\" data-widget_type=\"text-editor.default\">\n\t\t\t\t<div class=\"elementor-widget-container\">\n\t\t\t\t\t\t\t\t\t<p><strong>Nova comunicaci\u00f3<\/strong><br \/>Mitjan\u00e7ant aquesta aplicaci\u00f3 podreu fer que s\u2019estudi\u00ef el vostre cas i us informarem sobre les accions de millora, mantenint l\u2019anonimat.<\/p><p><strong>Ja heu presentat una incid\u00e8ncia?<\/strong><br \/>Feu el seguiment del proc\u00e9s.<\/p>\t\t\t\t\t\t\t\t<\/div>\n\t\t\t\t<\/div>\n\t\t\t\t\t<\/div>\n\t\t<\/div>\n\t\t\t\t<div class=\"elementor-column elementor-col-50 elementor-inner-column elementor-element elementor-element-2172b2a\" data-id=\"2172b2a\" data-element_type=\"column\">\n\t\t\t<div class=\"elementor-widget-wrap elementor-element-populated\">\n\t\t\t\t\t\t<div class=\"elementor-element elementor-element-2f0ca6b elementor-align-right elementor-mobile-align-center elementor-widget elementor-widget-button\" data-id=\"2f0ca6b\" data-element_type=\"widget\" data-widget_type=\"button.default\">\n\t\t\t\t<div class=\"elementor-widget-container\">\n\t\t\t\t\t\t\t\t\t<div class=\"elementor-button-wrapper\">\n\t\t\t\t\t<a class=\"elementor-button elementor-button-link elementor-size-sm\" href=\"https:\/\/themis.sortiacloud.com\/t\/935ef213-f3d8-487a-af5a-07c4aacd45d3\/#\/\" target=\"_blank\">\n\t\t\t\t\t\t<span class=\"elementor-button-content-wrapper\">\n\t\t\t\t\t\t\t\t\t<span class=\"elementor-button-text\">Canal de den\u00fancies<\/span>\n\t\t\t\t\t<\/span>\n\t\t\t\t\t<\/a>\n\t\t\t\t<\/div>\n\t\t\t\t\t\t\t\t<\/div>\n\t\t\t\t<\/div>\n\t\t\t\t\t<\/div>\n\t\t<\/div>\n\t\t\t\t\t<\/div>\n\t\t<\/section>\n\t\t\t\t\t<\/div>\n\t\t<\/div>\n\t\t\t\t\t<\/div>\n\t\t<\/section>\n\t\t\t\t<\/div>\n\t\t","protected":false},"excerpt":{"rendered":"<p>&nbsp; &nbsp; Canal segur de comunicaci\u00f3 interna de den\u00fancies Si heu detectat una mala praxi o infracci\u00f3 en la vostra relaci\u00f3 professional amb aquesta entitat i podeu aportar proves, podeu utilitzar aquest canal per comunicar-ho i enviar la informaci\u00f3 de manera completament an\u00f2nima. Nova comunicaci\u00f3 Mitjan\u00e7ant aquesta aplicaci\u00f3 podreu fer que s\u2019estudi\u00ef el vostre cas [&hellip;]<\/p>\n","protected":false},"author":1,"featured_media":0,"parent":0,"menu_order":0,"comment_status":"closed","ping_status":"closed","template":"","meta":{"footnotes":""},"class_list":["post-3288","page","type-page","status-publish","hentry"],"yoast_head":"<!-- This site is optimized with the Yoast SEO plugin v26.6 - https:\/\/yoast.com\/wordpress\/plugins\/seo\/ -->\n<title>Canal de den\u00fancies segur i an\u00f2nim | Hestia Health<\/title>\n<meta name=\"description\" content=\"Canal intern confidencial per informar sobre males pr\u00e0ctiques o infraccions de forma an\u00f2nima. Enviament i seguiment garantits.\" \/>\n<meta name=\"robots\" content=\"index, follow, max-snippet:-1, max-image-preview:large, max-video-preview:-1\" \/>\n<link rel=\"canonical\" href=\"https:\/\/hestiahealth.es\/ca\/canal-de-denuncies\/\" \/>\n<meta property=\"og:locale\" content=\"ca_ES\" \/>\n<meta property=\"og:type\" content=\"article\" \/>\n<meta property=\"og:title\" content=\"Canal de den\u00fancies segur i an\u00f2nim | Hestia Health\" \/>\n<meta property=\"og:description\" content=\"Canal intern confidencial per informar sobre males pr\u00e0ctiques o infraccions de forma an\u00f2nima. Enviament i seguiment garantits.\" \/>\n<meta property=\"og:url\" content=\"https:\/\/hestiahealth.es\/ca\/canal-de-denuncies\/\" \/>\n<meta property=\"og:site_name\" content=\"Hestia Health\" \/>\n<meta property=\"article:modified_time\" content=\"2025-07-23T10:43:13+00:00\" \/>\n<meta name=\"twitter:card\" content=\"summary_large_image\" \/>\n<meta name=\"twitter:label1\" content=\"Temps estimat de lectura\" \/>\n\t<meta name=\"twitter:data1\" content=\"1 minut\" \/>\n<script type=\"application\/ld+json\" class=\"yoast-schema-graph\">{\"@context\":\"https:\/\/schema.org\",\"@graph\":[{\"@type\":\"WebPage\",\"@id\":\"https:\/\/hestiahealth.es\/ca\/canal-de-denuncies\/\",\"url\":\"https:\/\/hestiahealth.es\/ca\/canal-de-denuncies\/\",\"name\":\"Canal de den\u00fancies segur i an\u00f2nim | Hestia Health\",\"isPartOf\":{\"@id\":\"https:\/\/hestiahealth.es\/ca\/#website\"},\"datePublished\":\"2025-06-07T20:10:04+00:00\",\"dateModified\":\"2025-07-23T10:43:13+00:00\",\"description\":\"Canal intern confidencial per informar sobre males pr\u00e0ctiques o infraccions de forma an\u00f2nima. Enviament i seguiment garantits.\",\"breadcrumb\":{\"@id\":\"https:\/\/hestiahealth.es\/ca\/canal-de-denuncies\/#breadcrumb\"},\"inLanguage\":\"ca\",\"potentialAction\":[{\"@type\":\"ReadAction\",\"target\":[\"https:\/\/hestiahealth.es\/ca\/canal-de-denuncies\/\"]}]},{\"@type\":\"BreadcrumbList\",\"@id\":\"https:\/\/hestiahealth.es\/ca\/canal-de-denuncies\/#breadcrumb\",\"itemListElement\":[{\"@type\":\"ListItem\",\"position\":1,\"name\":\"Portada\",\"item\":\"https:\/\/hestiahealth.es\/ca\/\"},{\"@type\":\"ListItem\",\"position\":2,\"name\":\"Canal de den\u00fancies\"}]},{\"@type\":\"WebSite\",\"@id\":\"https:\/\/hestiahealth.es\/ca\/#website\",\"url\":\"https:\/\/hestiahealth.es\/ca\/\",\"name\":\"Hestia Health\",\"description\":\"\",\"publisher\":{\"@id\":\"https:\/\/hestiahealth.es\/ca\/#organization\"},\"potentialAction\":[{\"@type\":\"SearchAction\",\"target\":{\"@type\":\"EntryPoint\",\"urlTemplate\":\"https:\/\/hestiahealth.es\/ca\/?s={search_term_string}\"},\"query-input\":{\"@type\":\"PropertyValueSpecification\",\"valueRequired\":true,\"valueName\":\"search_term_string\"}}],\"inLanguage\":\"ca\"},{\"@type\":\"Organization\",\"@id\":\"https:\/\/hestiahealth.es\/ca\/#organization\",\"name\":\"Hestia Health\",\"url\":\"https:\/\/hestiahealth.es\/ca\/\",\"logo\":{\"@type\":\"ImageObject\",\"inLanguage\":\"ca\",\"@id\":\"https:\/\/hestiahealth.es\/ca\/#\/schema\/logo\/image\/\",\"url\":\"https:\/\/hestiahealth.es\/wp-content\/uploads\/2025\/06\/Logo_Hestia.svg\",\"contentUrl\":\"https:\/\/hestiahealth.es\/wp-content\/uploads\/2025\/06\/Logo_Hestia.svg\",\"width\":201,\"height\":70,\"caption\":\"Hestia Health\"},\"image\":{\"@id\":\"https:\/\/hestiahealth.es\/ca\/#\/schema\/logo\/image\/\"},\"sameAs\":[\"https:\/\/www.linkedin.com\/company\/hestiahealth\/\"]}]}<\/script>\n<!-- \/ Yoast SEO plugin. -->","yoast_head_json":{"title":"Canal de den\u00fancies segur i an\u00f2nim | Hestia Health","description":"Canal intern confidencial per informar sobre males pr\u00e0ctiques o infraccions de forma an\u00f2nima. Enviament i seguiment garantits.","robots":{"index":"index","follow":"follow","max-snippet":"max-snippet:-1","max-image-preview":"max-image-preview:large","max-video-preview":"max-video-preview:-1"},"canonical":"https:\/\/hestiahealth.es\/ca\/canal-de-denuncies\/","og_locale":"ca_ES","og_type":"article","og_title":"Canal de den\u00fancies segur i an\u00f2nim | Hestia Health","og_description":"Canal intern confidencial per informar sobre males pr\u00e0ctiques o infraccions de forma an\u00f2nima. Enviament i seguiment garantits.","og_url":"https:\/\/hestiahealth.es\/ca\/canal-de-denuncies\/","og_site_name":"Hestia Health","article_modified_time":"2025-07-23T10:43:13+00:00","twitter_card":"summary_large_image","twitter_misc":{"Temps estimat de lectura":"1 minut"},"schema":{"@context":"https:\/\/schema.org","@graph":[{"@type":"WebPage","@id":"https:\/\/hestiahealth.es\/ca\/canal-de-denuncies\/","url":"https:\/\/hestiahealth.es\/ca\/canal-de-denuncies\/","name":"Canal de den\u00fancies segur i an\u00f2nim | Hestia Health","isPartOf":{"@id":"https:\/\/hestiahealth.es\/ca\/#website"},"datePublished":"2025-06-07T20:10:04+00:00","dateModified":"2025-07-23T10:43:13+00:00","description":"Canal intern confidencial per informar sobre males pr\u00e0ctiques o infraccions de forma an\u00f2nima. Enviament i seguiment garantits.","breadcrumb":{"@id":"https:\/\/hestiahealth.es\/ca\/canal-de-denuncies\/#breadcrumb"},"inLanguage":"ca","potentialAction":[{"@type":"ReadAction","target":["https:\/\/hestiahealth.es\/ca\/canal-de-denuncies\/"]}]},{"@type":"BreadcrumbList","@id":"https:\/\/hestiahealth.es\/ca\/canal-de-denuncies\/#breadcrumb","itemListElement":[{"@type":"ListItem","position":1,"name":"Portada","item":"https:\/\/hestiahealth.es\/ca\/"},{"@type":"ListItem","position":2,"name":"Canal de den\u00fancies"}]},{"@type":"WebSite","@id":"https:\/\/hestiahealth.es\/ca\/#website","url":"https:\/\/hestiahealth.es\/ca\/","name":"Hestia Health","description":"","publisher":{"@id":"https:\/\/hestiahealth.es\/ca\/#organization"},"potentialAction":[{"@type":"SearchAction","target":{"@type":"EntryPoint","urlTemplate":"https:\/\/hestiahealth.es\/ca\/?s={search_term_string}"},"query-input":{"@type":"PropertyValueSpecification","valueRequired":true,"valueName":"search_term_string"}}],"inLanguage":"ca"},{"@type":"Organization","@id":"https:\/\/hestiahealth.es\/ca\/#organization","name":"Hestia Health","url":"https:\/\/hestiahealth.es\/ca\/","logo":{"@type":"ImageObject","inLanguage":"ca","@id":"https:\/\/hestiahealth.es\/ca\/#\/schema\/logo\/image\/","url":"https:\/\/hestiahealth.es\/wp-content\/uploads\/2025\/06\/Logo_Hestia.svg","contentUrl":"https:\/\/hestiahealth.es\/wp-content\/uploads\/2025\/06\/Logo_Hestia.svg","width":201,"height":70,"caption":"Hestia Health"},"image":{"@id":"https:\/\/hestiahealth.es\/ca\/#\/schema\/logo\/image\/"},"sameAs":["https:\/\/www.linkedin.com\/company\/hestiahealth\/"]}]}},"_links":{"self":[{"href":"https:\/\/hestiahealth.es\/ca\/wp-json\/wp\/v2\/pages\/3288","targetHints":{"allow":["GET"]}}],"collection":[{"href":"https:\/\/hestiahealth.es\/ca\/wp-json\/wp\/v2\/pages"}],"about":[{"href":"https:\/\/hestiahealth.es\/ca\/wp-json\/wp\/v2\/types\/page"}],"author":[{"embeddable":true,"href":"https:\/\/hestiahealth.es\/ca\/wp-json\/wp\/v2\/users\/1"}],"replies":[{"embeddable":true,"href":"https:\/\/hestiahealth.es\/ca\/wp-json\/wp\/v2\/comments?post=3288"}],"version-history":[{"count":5,"href":"https:\/\/hestiahealth.es\/ca\/wp-json\/wp\/v2\/pages\/3288\/revisions"}],"predecessor-version":[{"id":4591,"href":"https:\/\/hestiahealth.es\/ca\/wp-json\/wp\/v2\/pages\/3288\/revisions\/4591"}],"wp:attachment":[{"href":"https:\/\/hestiahealth.es\/ca\/wp-json\/wp\/v2\/media?parent=3288"}],"curies":[{"name":"wp","href":"https:\/\/api.w.org\/{rel}","templated":true}]}}