{"id":4320,"date":"2025-06-04T18:59:23","date_gmt":"2025-06-04T16:59:23","guid":{"rendered":"https:\/\/hestiahealth.es\/contacte\/"},"modified":"2025-11-07T00:35:59","modified_gmt":"2025-11-06T23:35:59","slug":"contacte","status":"publish","type":"page","link":"https:\/\/hestiahealth.es\/ca\/contacte\/","title":{"rendered":"Contacte"},"content":{"rendered":"\t\t<div data-elementor-type=\"wp-page\" data-elementor-id=\"4320\" class=\"elementor elementor-4320 elementor-1166\" data-elementor-post-type=\"page\">\n\t\t\t\t\t\t<section class=\"elementor-section elementor-top-section elementor-element elementor-element-fbc83a8 elementor-section-boxed elementor-section-height-default elementor-section-height-default\" data-id=\"fbc83a8\" data-element_type=\"section\">\n\t\t\t\t\t\t<div class=\"elementor-container elementor-column-gap-no\">\n\t\t\t\t\t<div class=\"elementor-column elementor-col-100 elementor-top-column elementor-element elementor-element-3b35ac0\" data-id=\"3b35ac0\" data-element_type=\"column\">\n\t\t\t<div class=\"elementor-widget-wrap elementor-element-populated\">\n\t\t\t\t\t\t<div class=\"elementor-element elementor-element-f2bb2bb elementor-widget elementor-widget-image\" data-id=\"f2bb2bb\" data-element_type=\"widget\" data-widget_type=\"image.default\">\n\t\t\t\t<div class=\"elementor-widget-container\">\n\t\t\t\t\t\t\t\t\t\t\t\t\t\t\t<img decoding=\"async\" width=\"201\" height=\"70\" src=\"https:\/\/hestiahealth.es\/wp-content\/uploads\/2025\/05\/Logo_Hestia.svg\" class=\"attachment-full size-full wp-image-2967\" alt=\"\" \/>\t\t\t\t\t\t\t\t\t\t\t\t\t\t\t<\/div>\n\t\t\t\t<\/div>\n\t\t\t\t\t<\/div>\n\t\t<\/div>\n\t\t\t\t\t<\/div>\n\t\t<\/section>\n\t\t\t\t<section class=\"elementor-section elementor-top-section elementor-element elementor-element-75b03ed elementor-section-boxed elementor-section-height-default elementor-section-height-default\" data-id=\"75b03ed\" data-element_type=\"section\" data-settings=\"{&quot;background_background&quot;:&quot;classic&quot;}\">\n\t\t\t\t\t\t<div class=\"elementor-container elementor-column-gap-no\">\n\t\t\t\t\t<div class=\"elementor-column elementor-col-100 elementor-top-column elementor-element elementor-element-ba58523\" data-id=\"ba58523\" data-element_type=\"column\" data-settings=\"{&quot;background_background&quot;:&quot;classic&quot;}\">\n\t\t\t<div class=\"elementor-widget-wrap elementor-element-populated\">\n\t\t\t\t\t\t<div class=\"elementor-element elementor-element-2c1e367 elementor-widget elementor-widget-text-editor\" data-id=\"2c1e367\" data-element_type=\"widget\" data-widget_type=\"text-editor.default\">\n\t\t\t\t<div class=\"elementor-widget-container\">\n\t\t\t\t\t\t\t\t\t<p><span lang=\"ES\">A <strong>Hestia Health<\/strong> posem la nostra atenci\u00f3 a la teva disposici\u00f3. Escriu-nos i et respondrem el m\u00e9s aviat possible.<\/span><\/p>\t\t\t\t\t\t\t\t<\/div>\n\t\t\t\t<\/div>\n\t\t\t\t<div class=\"elementor-element elementor-element-ec3434d elementor-button-align-start elementor-widget elementor-widget-form\" data-id=\"ec3434d\" data-element_type=\"widget\" data-settings=\"{&quot;button_width&quot;:&quot;20&quot;,&quot;step_next_label&quot;:&quot;Next&quot;,&quot;step_previous_label&quot;:&quot;Previous&quot;,&quot;step_type&quot;:&quot;number_text&quot;,&quot;step_icon_shape&quot;:&quot;circle&quot;}\" data-widget_type=\"form.default\">\n\t\t\t\t<div class=\"elementor-widget-container\">\n\t\t\t\t\t\t\t<form class=\"elementor-form\" method=\"post\" name=\"Formulario de contacto\" aria-label=\"Formulario de contacto\">\n\t\t\t<input type=\"hidden\" name=\"post_id\" value=\"4320\"\/>\n\t\t\t<input type=\"hidden\" name=\"form_id\" value=\"ec3434d\"\/>\n\t\t\t<input type=\"hidden\" name=\"referer_title\" value=\"Contacta amb Hestia Health\" \/>\n\n\t\t\t\t\t\t\t<input type=\"hidden\" name=\"queried_id\" value=\"4320\"\/>\n\t\t\t\n\t\t\t<div class=\"elementor-form-fields-wrapper elementor-labels-above\">\n\t\t\t\t\t\t\t\t<div class=\"elementor-field-type-text elementor-field-group elementor-column elementor-field-group-name elementor-col-100 elementor-field-required elementor-mark-required\">\n\t\t\t\t\t\t\t\t\t\t\t\t<label for=\"form-field-name\" class=\"elementor-field-label\">\n\t\t\t\t\t\t\t\tNom\t\t\t\t\t\t\t<\/label>\n\t\t\t\t\t\t\t\t\t\t\t\t\t\t<input size=\"1\" type=\"text\" name=\"form_fields[name]\" id=\"form-field-name\" class=\"elementor-field elementor-size-md  elementor-field-textual\" required=\"required\">\n\t\t\t\t\t\t\t\t\t\t\t<\/div>\n\t\t\t\t\t\t\t\t<div class=\"elementor-field-type-email elementor-field-group elementor-column elementor-field-group-email elementor-col-100 elementor-field-required elementor-mark-required\">\n\t\t\t\t\t\t\t\t\t\t\t\t<label for=\"form-field-email\" class=\"elementor-field-label\">\n\t\t\t\t\t\t\t\tCorreu electr\u00f2nic\t\t\t\t\t\t\t<\/label>\n\t\t\t\t\t\t\t\t\t\t\t\t\t\t<input size=\"1\" type=\"email\" name=\"form_fields[email]\" id=\"form-field-email\" class=\"elementor-field elementor-size-md  elementor-field-textual\" required=\"required\">\n\t\t\t\t\t\t\t\t\t\t\t<\/div>\n\t\t\t\t\t\t\t\t<div class=\"elementor-field-type-text elementor-field-group elementor-column elementor-field-group-field_e76d702 elementor-col-100\">\n\t\t\t\t\t\t\t\t\t\t\t\t<label for=\"form-field-field_e76d702\" class=\"elementor-field-label\">\n\t\t\t\t\t\t\t\tTel\u00e8fon de contacte\t\t\t\t\t\t\t<\/label>\n\t\t\t\t\t\t\t\t\t\t\t\t\t\t<input size=\"1\" type=\"text\" name=\"form_fields[field_e76d702]\" id=\"form-field-field_e76d702\" class=\"elementor-field elementor-size-md  elementor-field-textual\">\n\t\t\t\t\t\t\t\t\t\t\t<\/div>\n\t\t\t\t\t\t\t\t<div class=\"elementor-field-type-select elementor-field-group elementor-column elementor-field-group-field_c23248b elementor-col-100 elementor-field-required elementor-mark-required\">\n\t\t\t\t\t\t\t\t\t\t\t\t<label for=\"form-field-field_c23248b\" class=\"elementor-field-label\">\n\t\t\t\t\t\t\t\tCentre d'inter\u00e8s\t\t\t\t\t\t\t<\/label>\n\t\t\t\t\t\t\t\t<div class=\"elementor-field elementor-select-wrapper remove-before \">\n\t\t\t<div class=\"select-caret-down-wrapper\">\n\t\t\t\t<svg aria-hidden=\"true\" class=\"e-font-icon-svg e-eicon-caret-down\" viewBox=\"0 0 571.4 571.4\" xmlns=\"http:\/\/www.w3.org\/2000\/svg\"><path d=\"M571 393Q571 407 561 418L311 668Q300 679 286 679T261 668L11 418Q0 407 0 393T11 368 36 357H536Q550 357 561 368T571 393Z\"><\/path><\/svg>\t\t\t<\/div>\n\t\t\t<select name=\"form_fields[field_c23248b]\" id=\"form-field-field_c23248b\" class=\"elementor-field-textual elementor-size-md\" required=\"required\">\n\t\t\t\t\t\t\t\t\t<option value=\"Hestia Health Duran i Reynals\">Hestia Health Duran i Reynals<\/option>\n\t\t\t\t\t\t\t\t\t<option value=\"Hestia Health Palau\">Hestia Health Palau<\/option>\n\t\t\t\t\t\t\t\t\t<option value=\"Hestia Health Balaguer\">Hestia Health Balaguer<\/option>\n\t\t\t\t\t\t\t\t\t<option value=\"Hestia Health Stauros\">Hestia Health Stauros<\/option>\n\t\t\t\t\t\t\t\t\t<option value=\"Hestia Health Coroleu\">Hestia Health Coroleu<\/option>\n\t\t\t\t\t\t\t\t\t<option value=\"Hestia Health Gr\u00e0cia\">Hestia Health Gr\u00e0cia<\/option>\n\t\t\t\t\t\t\t\t\t<option value=\"Hestia Health Maresme\">Hestia Health Maresme<\/option>\n\t\t\t\t\t\t\t\t\t<option value=\"Hestia Health Madrid\">Hestia Health Madrid<\/option>\n\t\t\t\t\t\t\t\t\t<option value=\"Hestia Health Esquerdo\">Hestia Health Esquerdo<\/option>\n\t\t\t\t\t\t\t\t\t<option value=\"Hestia Health La Robleda\">Hestia Health La Robleda<\/option>\n\t\t\t\t\t\t\t\t\t<option value=\"Hestia Health San Jos\u00e9\">Hestia Health San Jos\u00e9<\/option>\n\t\t\t\t\t\t\t\t\t<option value=\"Hestia Health Es Ramal\">Hestia Health Es Ramal<\/option>\n\t\t\t\t\t\t\t<\/select>\n\t\t<\/div>\n\t\t\t\t\t\t<\/div>\n\t\t\t\t\t\t\t\t<div class=\"elementor-field-type-textarea elementor-field-group elementor-column elementor-field-group-field_7230d87 elementor-col-100 elementor-field-required elementor-mark-required\">\n\t\t\t\t\t\t\t\t\t\t\t\t<label for=\"form-field-field_7230d87\" class=\"elementor-field-label\">\n\t\t\t\t\t\t\t\tMotiu de la consulta\t\t\t\t\t\t\t<\/label>\n\t\t\t\t\t\t<textarea class=\"elementor-field-textual elementor-field  elementor-size-md\" name=\"form_fields[field_7230d87]\" id=\"form-field-field_7230d87\" rows=\"8\" required=\"required\"><\/textarea>\t\t\t\t<\/div>\n\t\t\t\t\t\t\t\t<div class=\"elementor-field-type-acceptance elementor-field-group elementor-column elementor-field-group-field_dd9d79d elementor-col-100 elementor-field-required elementor-mark-required\">\n\t\t\t\t\t\t\t<div class=\"elementor-field-subgroup\">\n\t\t\t<span class=\"elementor-field-option\">\n\t\t\t\t<input type=\"checkbox\" name=\"form_fields[field_dd9d79d]\" id=\"form-field-field_dd9d79d\" class=\"elementor-field elementor-size-md  elementor-acceptance-field\" required=\"required\">\n\t\t\t\t<label for=\"form-field-field_dd9d79d\">He llegit i accepto <a href=\"\/ca\/avis-legal\/\" target=\"_blank\" rel=\"noopener noreferrer\">l\u2019av\u00eds legal<\/a> i la <a href=\"\/ca\/politica-privacitat\/\" target=\"_blank\" rel=\"noopener noreferrer\">pol\u00edtica de privacitat<\/a>.\n<\/label>\t\t\t<\/span>\n\t\t<\/div>\n\t\t\t\t\t\t<\/div>\n\t\t\t\t\t\t\t\t<div class=\"elementor-field-type-text\">\n\t\t\t\t\t<input size=\"1\" type=\"text\" name=\"form_fields[field_4bc0e97]\" id=\"form-field-field_4bc0e97\" class=\"elementor-field elementor-size-md \" style=\"display:none !important;\">\t\t\t\t<\/div>\n\t\t\t\t\t\t\t\t<div class=\"elementor-field-type-recaptcha_v3 elementor-field-group elementor-column elementor-field-group-field_89c93cf elementor-col-100 recaptcha_v3-bottomright\">\n\t\t\t\t\t<div class=\"elementor-field\" id=\"form-field-field_89c93cf\"><div class=\"elementor-g-recaptcha\" data-sitekey=\"6Ldi4mcrAAAAAKF7AfUKv9baY0zYJei-K9DskCUa\" data-type=\"v3\" data-action=\"Form\" data-badge=\"bottomright\" data-size=\"invisible\"><\/div><\/div>\t\t\t\t<\/div>\n\t\t\t\t\t\t\t\t<div class=\"elementor-field-group elementor-column elementor-field-type-submit elementor-col-20 e-form__buttons\">\n\t\t\t\t\t<button class=\"elementor-button elementor-size-md\" type=\"submit\">\n\t\t\t\t\t\t<span class=\"elementor-button-content-wrapper\">\n\t\t\t\t\t\t\t\t\t\t\t\t\t\t\t\t\t\t\t\t\t\t<span class=\"elementor-button-text\">Enviar<\/span>\n\t\t\t\t\t\t\t\t\t\t\t\t\t<\/span>\n\t\t\t\t\t<\/button>\n\t\t\t\t<\/div>\n\t\t\t<\/div>\n\t\t<\/form>\n\t\t\t\t\t\t<\/div>\n\t\t\t\t<\/div>\n\t\t\t\t<div class=\"elementor-element elementor-element-f7003ef elementor-widget elementor-widget-html\" data-id=\"f7003ef\" data-element_type=\"widget\" data-widget_type=\"html.default\">\n\t\t\t\t<div class=\"elementor-widget-container\">\n\t\t\t\t\t<script>\r\njQuery(document).ready(function($) {\r\n    var selectField = $('#form-field-field_c23248b');\r\n    var messageField = $('#form-field-field_7230d87');\r\n    \r\n    \/\/ Detectar idioma actual\r\n    var lang = document.documentElement.lang || 'es';\r\n    console.log('Idioma detectado:', lang); \/\/ Para debug\r\n    \r\n    \/\/ Mensajes seg\u00fan idioma\r\n    var mensajes = {\r\n        'es': 'Este formulario pertenece a Hestia Health. Si desea contactar con el ICO, por favor dir\u00edjase a sus canales oficiales.',\r\n        'es-ES': 'Este formulario pertenece a Hestia Health. Si desea contactar con el ICO, por favor dir\u00edjase a sus canales oficiales.',\r\n        'gl': 'Este formulario pertence a Hestia Health. Se desexa contactar co ICO, por favor dir\u00edxase aos seus canais oficiais.',\r\n        'gl-ES': 'Este formulario pertence a Hestia Health. Se desexa contactar co ICO, por favor dir\u00edxase aos seus canais oficiais.',\r\n        'ca': 'Aquest formulari pertany a Hestia Health. Si voleu contactar amb l\\'ICO, si us plau adreceu-vos als seus canals oficials.',\r\n        'ca-ES': 'Aquest formulari pertany a Hestia Health. Si voleu contactar amb l\\'ICO, si us plau adreceu-vos als seus canals oficials.'\r\n    };\r\n    \r\n    function actualizarMensaje() {\r\n        var valorSeleccionado = selectField.val();\r\n        console.log('Valor seleccionado:', valorSeleccionado); \/\/ Para debug\r\n        \r\n        if (valorSeleccionado && valorSeleccionado.includes('Duran')) {\r\n            var mensaje = mensajes[lang] || mensajes['es'];\r\n            console.log('Mensaje a mostrar:', mensaje); \/\/ Para debug\r\n            messageField.val(mensaje);\r\n        } else {\r\n            messageField.val('');\r\n        }\r\n    }\r\n    \r\n    \/\/ Ejecutar al cargar la p\u00e1gina\r\n    actualizarMensaje();\r\n    \r\n    \/\/ Ejecutar cuando cambia el select\r\n    selectField.on('change', actualizarMensaje);\r\n});\r\n<\/script>\t\t\t\t<\/div>\n\t\t\t\t<\/div>\n\t\t\t\t\t<\/div>\n\t\t<\/div>\n\t\t\t\t\t<\/div>\n\t\t<\/section>\n\t\t\t\t<\/div>\n\t\t","protected":false},"excerpt":{"rendered":"<p>A Hestia Health posem la nostra atenci\u00f3 a la teva disposici\u00f3. Escriu-nos i et respondrem el m\u00e9s aviat possible.<\/p>\n","protected":false},"author":1,"featured_media":0,"parent":0,"menu_order":0,"comment_status":"closed","ping_status":"closed","template":"","meta":{"footnotes":""},"class_list":["post-4320","page","type-page","status-publish","hentry"],"yoast_head":"<!-- This site is optimized with the Yoast SEO plugin v26.6 - https:\/\/yoast.com\/wordpress\/plugins\/seo\/ -->\n<title>Contacta amb Hestia Health<\/title>\n<meta name=\"description\" content=\"A Hestia Health posem la nostra atenci\u00f3 a la teva disposici\u00f3. Deixa\u2019ns les teves dades i consulta, t\u2019hi respondrem al m\u00e9s aviat possible des de la nostra xarxa de centres.\" \/>\n<meta name=\"robots\" content=\"index, follow, max-snippet:-1, max-image-preview:large, max-video-preview:-1\" \/>\n<link rel=\"canonical\" href=\"https:\/\/hestiahealth.es\/ca\/contacte\/\" \/>\n<meta property=\"og:locale\" content=\"ca_ES\" \/>\n<meta property=\"og:type\" content=\"article\" \/>\n<meta property=\"og:title\" content=\"Contacta amb Hestia Health\" \/>\n<meta property=\"og:description\" content=\"A Hestia Health posem la nostra atenci\u00f3 a la teva disposici\u00f3. Deixa\u2019ns les teves dades i consulta, t\u2019hi respondrem al m\u00e9s aviat possible des de la nostra xarxa de centres.\" \/>\n<meta property=\"og:url\" content=\"https:\/\/hestiahealth.es\/ca\/contacte\/\" \/>\n<meta property=\"og:site_name\" content=\"Hestia Health\" \/>\n<meta property=\"article:modified_time\" content=\"2025-11-06T23:35:59+00:00\" \/>\n<meta name=\"twitter:card\" content=\"summary_large_image\" \/>\n<meta name=\"twitter:label1\" content=\"Temps estimat de lectura\" \/>\n\t<meta name=\"twitter:data1\" content=\"1 minut\" \/>\n<script type=\"application\/ld+json\" class=\"yoast-schema-graph\">{\"@context\":\"https:\/\/schema.org\",\"@graph\":[{\"@type\":\"WebPage\",\"@id\":\"https:\/\/hestiahealth.es\/ca\/contacte\/\",\"url\":\"https:\/\/hestiahealth.es\/ca\/contacte\/\",\"name\":\"Contacta amb Hestia Health\",\"isPartOf\":{\"@id\":\"https:\/\/hestiahealth.es\/ca\/#website\"},\"primaryImageOfPage\":{\"@id\":\"https:\/\/hestiahealth.es\/ca\/contacte\/#primaryimage\"},\"image\":{\"@id\":\"https:\/\/hestiahealth.es\/ca\/contacte\/#primaryimage\"},\"thumbnailUrl\":\"https:\/\/hestiahealth.es\/wp-content\/uploads\/2025\/05\/Logo_Hestia.svg\",\"datePublished\":\"2025-06-04T16:59:23+00:00\",\"dateModified\":\"2025-11-06T23:35:59+00:00\",\"description\":\"A Hestia Health posem la nostra atenci\u00f3 a la teva disposici\u00f3. Deixa\u2019ns les teves dades i consulta, t\u2019hi respondrem al m\u00e9s aviat possible des de la nostra xarxa de centres.\",\"breadcrumb\":{\"@id\":\"https:\/\/hestiahealth.es\/ca\/contacte\/#breadcrumb\"},\"inLanguage\":\"ca\",\"potentialAction\":[{\"@type\":\"ReadAction\",\"target\":[\"https:\/\/hestiahealth.es\/ca\/contacte\/\"]}]},{\"@type\":\"ImageObject\",\"inLanguage\":\"ca\",\"@id\":\"https:\/\/hestiahealth.es\/ca\/contacte\/#primaryimage\",\"url\":\"https:\/\/hestiahealth.es\/wp-content\/uploads\/2025\/05\/Logo_Hestia.svg\",\"contentUrl\":\"https:\/\/hestiahealth.es\/wp-content\/uploads\/2025\/05\/Logo_Hestia.svg\"},{\"@type\":\"BreadcrumbList\",\"@id\":\"https:\/\/hestiahealth.es\/ca\/contacte\/#breadcrumb\",\"itemListElement\":[{\"@type\":\"ListItem\",\"position\":1,\"name\":\"Portada\",\"item\":\"https:\/\/hestiahealth.es\/ca\/\"},{\"@type\":\"ListItem\",\"position\":2,\"name\":\"Contacte\"}]},{\"@type\":\"WebSite\",\"@id\":\"https:\/\/hestiahealth.es\/ca\/#website\",\"url\":\"https:\/\/hestiahealth.es\/ca\/\",\"name\":\"Hestia Health\",\"description\":\"\",\"publisher\":{\"@id\":\"https:\/\/hestiahealth.es\/ca\/#organization\"},\"potentialAction\":[{\"@type\":\"SearchAction\",\"target\":{\"@type\":\"EntryPoint\",\"urlTemplate\":\"https:\/\/hestiahealth.es\/ca\/?s={search_term_string}\"},\"query-input\":{\"@type\":\"PropertyValueSpecification\",\"valueRequired\":true,\"valueName\":\"search_term_string\"}}],\"inLanguage\":\"ca\"},{\"@type\":\"Organization\",\"@id\":\"https:\/\/hestiahealth.es\/ca\/#organization\",\"name\":\"Hestia Health\",\"url\":\"https:\/\/hestiahealth.es\/ca\/\",\"logo\":{\"@type\":\"ImageObject\",\"inLanguage\":\"ca\",\"@id\":\"https:\/\/hestiahealth.es\/ca\/#\/schema\/logo\/image\/\",\"url\":\"https:\/\/hestiahealth.es\/wp-content\/uploads\/2025\/06\/Logo_Hestia.svg\",\"contentUrl\":\"https:\/\/hestiahealth.es\/wp-content\/uploads\/2025\/06\/Logo_Hestia.svg\",\"width\":201,\"height\":70,\"caption\":\"Hestia Health\"},\"image\":{\"@id\":\"https:\/\/hestiahealth.es\/ca\/#\/schema\/logo\/image\/\"},\"sameAs\":[\"https:\/\/www.linkedin.com\/company\/hestiahealth\/\"]}]}<\/script>\n<!-- \/ Yoast SEO plugin. -->","yoast_head_json":{"title":"Contacta amb Hestia Health","description":"A Hestia Health posem la nostra atenci\u00f3 a la teva disposici\u00f3. Deixa\u2019ns les teves dades i consulta, t\u2019hi respondrem al m\u00e9s aviat possible des de la nostra xarxa de centres.","robots":{"index":"index","follow":"follow","max-snippet":"max-snippet:-1","max-image-preview":"max-image-preview:large","max-video-preview":"max-video-preview:-1"},"canonical":"https:\/\/hestiahealth.es\/ca\/contacte\/","og_locale":"ca_ES","og_type":"article","og_title":"Contacta amb Hestia Health","og_description":"A Hestia Health posem la nostra atenci\u00f3 a la teva disposici\u00f3. Deixa\u2019ns les teves dades i consulta, t\u2019hi respondrem al m\u00e9s aviat possible des de la nostra xarxa de centres.","og_url":"https:\/\/hestiahealth.es\/ca\/contacte\/","og_site_name":"Hestia Health","article_modified_time":"2025-11-06T23:35:59+00:00","twitter_card":"summary_large_image","twitter_misc":{"Temps estimat de lectura":"1 minut"},"schema":{"@context":"https:\/\/schema.org","@graph":[{"@type":"WebPage","@id":"https:\/\/hestiahealth.es\/ca\/contacte\/","url":"https:\/\/hestiahealth.es\/ca\/contacte\/","name":"Contacta amb Hestia Health","isPartOf":{"@id":"https:\/\/hestiahealth.es\/ca\/#website"},"primaryImageOfPage":{"@id":"https:\/\/hestiahealth.es\/ca\/contacte\/#primaryimage"},"image":{"@id":"https:\/\/hestiahealth.es\/ca\/contacte\/#primaryimage"},"thumbnailUrl":"https:\/\/hestiahealth.es\/wp-content\/uploads\/2025\/05\/Logo_Hestia.svg","datePublished":"2025-06-04T16:59:23+00:00","dateModified":"2025-11-06T23:35:59+00:00","description":"A Hestia Health posem la nostra atenci\u00f3 a la teva disposici\u00f3. Deixa\u2019ns les teves dades i consulta, t\u2019hi respondrem al m\u00e9s aviat possible des de la nostra xarxa de centres.","breadcrumb":{"@id":"https:\/\/hestiahealth.es\/ca\/contacte\/#breadcrumb"},"inLanguage":"ca","potentialAction":[{"@type":"ReadAction","target":["https:\/\/hestiahealth.es\/ca\/contacte\/"]}]},{"@type":"ImageObject","inLanguage":"ca","@id":"https:\/\/hestiahealth.es\/ca\/contacte\/#primaryimage","url":"https:\/\/hestiahealth.es\/wp-content\/uploads\/2025\/05\/Logo_Hestia.svg","contentUrl":"https:\/\/hestiahealth.es\/wp-content\/uploads\/2025\/05\/Logo_Hestia.svg"},{"@type":"BreadcrumbList","@id":"https:\/\/hestiahealth.es\/ca\/contacte\/#breadcrumb","itemListElement":[{"@type":"ListItem","position":1,"name":"Portada","item":"https:\/\/hestiahealth.es\/ca\/"},{"@type":"ListItem","position":2,"name":"Contacte"}]},{"@type":"WebSite","@id":"https:\/\/hestiahealth.es\/ca\/#website","url":"https:\/\/hestiahealth.es\/ca\/","name":"Hestia Health","description":"","publisher":{"@id":"https:\/\/hestiahealth.es\/ca\/#organization"},"potentialAction":[{"@type":"SearchAction","target":{"@type":"EntryPoint","urlTemplate":"https:\/\/hestiahealth.es\/ca\/?s={search_term_string}"},"query-input":{"@type":"PropertyValueSpecification","valueRequired":true,"valueName":"search_term_string"}}],"inLanguage":"ca"},{"@type":"Organization","@id":"https:\/\/hestiahealth.es\/ca\/#organization","name":"Hestia Health","url":"https:\/\/hestiahealth.es\/ca\/","logo":{"@type":"ImageObject","inLanguage":"ca","@id":"https:\/\/hestiahealth.es\/ca\/#\/schema\/logo\/image\/","url":"https:\/\/hestiahealth.es\/wp-content\/uploads\/2025\/06\/Logo_Hestia.svg","contentUrl":"https:\/\/hestiahealth.es\/wp-content\/uploads\/2025\/06\/Logo_Hestia.svg","width":201,"height":70,"caption":"Hestia Health"},"image":{"@id":"https:\/\/hestiahealth.es\/ca\/#\/schema\/logo\/image\/"},"sameAs":["https:\/\/www.linkedin.com\/company\/hestiahealth\/"]}]}},"_links":{"self":[{"href":"https:\/\/hestiahealth.es\/ca\/wp-json\/wp\/v2\/pages\/4320","targetHints":{"allow":["GET"]}}],"collection":[{"href":"https:\/\/hestiahealth.es\/ca\/wp-json\/wp\/v2\/pages"}],"about":[{"href":"https:\/\/hestiahealth.es\/ca\/wp-json\/wp\/v2\/types\/page"}],"author":[{"embeddable":true,"href":"https:\/\/hestiahealth.es\/ca\/wp-json\/wp\/v2\/users\/1"}],"replies":[{"embeddable":true,"href":"https:\/\/hestiahealth.es\/ca\/wp-json\/wp\/v2\/comments?post=4320"}],"version-history":[{"count":30,"href":"https:\/\/hestiahealth.es\/ca\/wp-json\/wp\/v2\/pages\/4320\/revisions"}],"predecessor-version":[{"id":5318,"href":"https:\/\/hestiahealth.es\/ca\/wp-json\/wp\/v2\/pages\/4320\/revisions\/5318"}],"wp:attachment":[{"href":"https:\/\/hestiahealth.es\/ca\/wp-json\/wp\/v2\/media?parent=4320"}],"curies":[{"name":"wp","href":"https:\/\/api.w.org\/{rel}","templated":true}]}}