{"id":4336,"date":"2025-06-10T17:00:17","date_gmt":"2025-06-10T15:00:17","guid":{"rendered":"https:\/\/hestiahealth.es\/avis-legal\/"},"modified":"2025-07-25T18:58:45","modified_gmt":"2025-07-25T16:58:45","slug":"avis-legal","status":"publish","type":"page","link":"https:\/\/hestiahealth.es\/ca\/avis-legal\/","title":{"rendered":"Av\u00eds Legal"},"content":{"rendered":"\t\t<div data-elementor-type=\"wp-page\" data-elementor-id=\"4336\" class=\"elementor elementor-4336 elementor-2618\" data-elementor-post-type=\"page\">\n\t\t\t\t\t\t<section class=\"elementor-section elementor-top-section elementor-element elementor-element-db2684a elementor-section-boxed elementor-section-height-default elementor-section-height-default\" data-id=\"db2684a\" data-element_type=\"section\">\n\t\t\t\t\t\t<div class=\"elementor-container elementor-column-gap-no\">\n\t\t\t\t\t<div class=\"elementor-column elementor-col-100 elementor-top-column elementor-element elementor-element-9d7c19f\" data-id=\"9d7c19f\" data-element_type=\"column\">\n\t\t\t<div class=\"elementor-widget-wrap elementor-element-populated\">\n\t\t\t\t\t\t<div class=\"elementor-element elementor-element-b776b49 elementor-widget elementor-widget-heading\" data-id=\"b776b49\" data-element_type=\"widget\" data-widget_type=\"heading.default\">\n\t\t\t\t<div class=\"elementor-widget-container\">\n\t\t\t\t\t<h2 class=\"elementor-heading-title elementor-size-default\">AV\u00cdS LEGAL<\/h2>\t\t\t\t<\/div>\n\t\t\t\t<\/div>\n\t\t\t\t<div class=\"elementor-element elementor-element-d2c7178 elementor-widget elementor-widget-text-editor\" data-id=\"d2c7178\" data-element_type=\"widget\" data-widget_type=\"text-editor.default\">\n\t\t\t\t<div class=\"elementor-widget-container\">\n\t\t\t\t\t\t\t\t\t<p>HESTIA ALLIANCE, S.L. t\u00e9 la seva seu a la Pla\u00e7a Karl Marx, 1 de 08035 BARCELONA i figura inscrita en el Registre Mercantil de Barcelona al tom 31.365, foli 58, full n\u00fam. B-187421, inscripci\u00f3 1a, amb el N\u00famero d\u2019Identificaci\u00f3 Fiscal B-61866323.<\/p><p>HESTIA HEALTH \u00e9s la titular del domini a internet <a href=\"http:\/\/www.hestiaalliance.org\">www.hestiahealth.es<\/a>. L\u2019\u00fas d\u2019aquesta p\u00e0gina web atribueix la condici\u00f3 d\u2019usuari i implica l\u2019acceptaci\u00f3 sense reserves de les disposicions incloses en aquest av\u00eds legal en el moment en qu\u00e8 l\u2019usuari accedeixi a la web.<\/p><p>L\u2019usuari es compromet a utilitzar la p\u00e0gina web, els seus continguts i serveis de conformitat amb la llei, aquest av\u00eds legal, les instruccions i normatives d\u2019\u00fas, aix\u00ed com amb la moral, els bons costums generalment acceptats i l\u2019ordre p\u00fablic. En aquest mateix sentit, l\u2019usuari s\u2019abstindr\u00e0 d\u2019utilitzar qualsevol informaci\u00f3 continguda a la web amb finalitats il\u00b7l\u00edcites, prohibides o lesives dels drets i interessos de tercers.<\/p><p>La p\u00e0gina web pot ser visitada lliurement pels usuaris, i correspon a aquests la responsabilitat de l\u2019\u00fas de la informaci\u00f3 que cont\u00e9.<br \/>HESTIA HEALTH no garanteix la disponibilitat permanent dels continguts de la web i queda exempta de qualsevol tipus de responsabilitat pels danys i perjudicis causats per la indisponibilitat del servei. Es reserva el dret d\u2019actualitzar els continguts de la p\u00e0gina web, eliminar-los, aix\u00ed com limitar o impedir l\u2019acc\u00e9s, ja sigui temporalment o de manera definitiva, sense av\u00eds previ.<\/p><p>La reproducci\u00f3, c\u00f2pia \u2014total o parcial\u2014, distribuci\u00f3, comercialitzaci\u00f3, comunicaci\u00f3 p\u00fablica o qualsevol altra activitat que es pugui dur a terme amb els continguts i la informaci\u00f3 d\u2019aquesta p\u00e0gina web ha de comptar amb el consentiment expr\u00e9s de HESTIA HEALTH. L\u2019incompliment d\u2019aquesta obligaci\u00f3 pot ser considerat una infracci\u00f3 sancionada per la legislaci\u00f3 vigent.<\/p><p>HESTIA HEALTH rebutja qualsevol responsabilitat sobre la informaci\u00f3 continguda en p\u00e0gines web no elaborades sota la seva tutela i, especialment, sobre els continguts dels possibles enlla\u00e7os publicats a la seva p\u00e0gina web.<\/p><p>HESTIA HEALTH queda exempta de responsabilitat pels danys i perjudicis de qualsevol naturalesa que puguin derivar-se de la captaci\u00f3 i \u00fas, per part de tercers, de les informacions, publicitat i opinions facilitades pels usuaris de la p\u00e0gina web, i no es fa responsable en cap cas dels continguts, informacions o imatges que no depenguin de la p\u00e0gina web ni estiguin gestionats per aquesta.<\/p><p>Els continguts de la web estan subjectes als drets de propietat intel\u00b7lectual i industrial i s\u00f3n titularitat exclusiva de HESTIA HEALTH o de les persones f\u00edsiques o jur\u00eddiques que la componen. L\u2019adquisici\u00f3 de la condici\u00f3 d\u2019usuari no confereix a aquest cap dret d\u2019alteraci\u00f3, explotaci\u00f3, reproducci\u00f3, distribuci\u00f3 o comunicaci\u00f3 p\u00fablica sobre els continguts, i HESTIA HEALTH es reserva tots aquests drets. La propietat intel\u00b7lectual compr\u00e8n, a m\u00e9s dels continguts inclosos a <a href=\"http:\/\/www.hestiaalliance.org\">www.hestiahealth.es<\/a>, els seus logotips, dissenys, imatges i el codi font utilitzat per a la programaci\u00f3.<\/p>\t\t\t\t\t\t\t\t<\/div>\n\t\t\t\t<\/div>\n\t\t\t\t\t<\/div>\n\t\t<\/div>\n\t\t\t\t\t<\/div>\n\t\t<\/section>\n\t\t\t\t<\/div>\n\t\t","protected":false},"excerpt":{"rendered":"<p>AV\u00cdS LEGAL HESTIA ALLIANCE, S.L. t\u00e9 la seva seu a la Pla\u00e7a Karl Marx, 1 de 08035 BARCELONA i figura inscrita en el Registre Mercantil de Barcelona al tom 31.365, foli 58, full n\u00fam. B-187421, inscripci\u00f3 1a, amb el N\u00famero d\u2019Identificaci\u00f3 Fiscal B-61866323. HESTIA HEALTH \u00e9s la titular del domini a internet www.hestiahealth.es. L\u2019\u00fas d\u2019aquesta [&hellip;]<\/p>\n","protected":false},"author":1,"featured_media":0,"parent":0,"menu_order":0,"comment_status":"closed","ping_status":"closed","template":"","meta":{"footnotes":""},"class_list":["post-4336","page","type-page","status-publish","hentry"],"yoast_head":"<!-- This site is optimized with the Yoast SEO plugin v26.6 - https:\/\/yoast.com\/wordpress\/plugins\/seo\/ -->\n<title>Av\u00eds Legal - Hestia Health<\/title>\n<meta name=\"robots\" content=\"index, follow, max-snippet:-1, max-image-preview:large, max-video-preview:-1\" \/>\n<link rel=\"canonical\" href=\"https:\/\/hestiahealth.es\/ca\/avis-legal\/\" \/>\n<meta property=\"og:locale\" content=\"ca_ES\" \/>\n<meta property=\"og:type\" content=\"article\" \/>\n<meta property=\"og:title\" content=\"Av\u00eds Legal - Hestia Health\" \/>\n<meta property=\"og:description\" content=\"AV\u00cdS LEGAL HESTIA ALLIANCE, S.L. t\u00e9 la seva seu a la Pla\u00e7a Karl Marx, 1 de 08035 BARCELONA i figura inscrita en el Registre Mercantil de Barcelona al tom 31.365, foli 58, full n\u00fam. B-187421, inscripci\u00f3 1a, amb el N\u00famero d\u2019Identificaci\u00f3 Fiscal B-61866323. HESTIA HEALTH \u00e9s la titular del domini a internet www.hestiahealth.es. L\u2019\u00fas d\u2019aquesta [&hellip;]\" \/>\n<meta property=\"og:url\" content=\"https:\/\/hestiahealth.es\/ca\/avis-legal\/\" \/>\n<meta property=\"og:site_name\" content=\"Hestia Health\" \/>\n<meta property=\"article:modified_time\" content=\"2025-07-25T16:58:45+00:00\" \/>\n<meta name=\"twitter:card\" content=\"summary_large_image\" \/>\n<meta name=\"twitter:label1\" content=\"Temps estimat de lectura\" \/>\n\t<meta name=\"twitter:data1\" content=\"3 minuts\" \/>\n<script type=\"application\/ld+json\" class=\"yoast-schema-graph\">{\"@context\":\"https:\/\/schema.org\",\"@graph\":[{\"@type\":\"WebPage\",\"@id\":\"https:\/\/hestiahealth.es\/ca\/avis-legal\/\",\"url\":\"https:\/\/hestiahealth.es\/ca\/avis-legal\/\",\"name\":\"Av\u00eds Legal - Hestia Health\",\"isPartOf\":{\"@id\":\"https:\/\/hestiahealth.es\/ca\/#website\"},\"datePublished\":\"2025-06-10T15:00:17+00:00\",\"dateModified\":\"2025-07-25T16:58:45+00:00\",\"breadcrumb\":{\"@id\":\"https:\/\/hestiahealth.es\/ca\/avis-legal\/#breadcrumb\"},\"inLanguage\":\"ca\",\"potentialAction\":[{\"@type\":\"ReadAction\",\"target\":[\"https:\/\/hestiahealth.es\/ca\/avis-legal\/\"]}]},{\"@type\":\"BreadcrumbList\",\"@id\":\"https:\/\/hestiahealth.es\/ca\/avis-legal\/#breadcrumb\",\"itemListElement\":[{\"@type\":\"ListItem\",\"position\":1,\"name\":\"Portada\",\"item\":\"https:\/\/hestiahealth.es\/ca\/\"},{\"@type\":\"ListItem\",\"position\":2,\"name\":\"Av\u00eds Legal\"}]},{\"@type\":\"WebSite\",\"@id\":\"https:\/\/hestiahealth.es\/ca\/#website\",\"url\":\"https:\/\/hestiahealth.es\/ca\/\",\"name\":\"Hestia Health\",\"description\":\"\",\"publisher\":{\"@id\":\"https:\/\/hestiahealth.es\/ca\/#organization\"},\"potentialAction\":[{\"@type\":\"SearchAction\",\"target\":{\"@type\":\"EntryPoint\",\"urlTemplate\":\"https:\/\/hestiahealth.es\/ca\/?s={search_term_string}\"},\"query-input\":{\"@type\":\"PropertyValueSpecification\",\"valueRequired\":true,\"valueName\":\"search_term_string\"}}],\"inLanguage\":\"ca\"},{\"@type\":\"Organization\",\"@id\":\"https:\/\/hestiahealth.es\/ca\/#organization\",\"name\":\"Hestia Health\",\"url\":\"https:\/\/hestiahealth.es\/ca\/\",\"logo\":{\"@type\":\"ImageObject\",\"inLanguage\":\"ca\",\"@id\":\"https:\/\/hestiahealth.es\/ca\/#\/schema\/logo\/image\/\",\"url\":\"https:\/\/hestiahealth.es\/wp-content\/uploads\/2025\/06\/Logo_Hestia.svg\",\"contentUrl\":\"https:\/\/hestiahealth.es\/wp-content\/uploads\/2025\/06\/Logo_Hestia.svg\",\"width\":201,\"height\":70,\"caption\":\"Hestia Health\"},\"image\":{\"@id\":\"https:\/\/hestiahealth.es\/ca\/#\/schema\/logo\/image\/\"},\"sameAs\":[\"https:\/\/www.linkedin.com\/company\/hestiahealth\/\"]}]}<\/script>\n<!-- \/ Yoast SEO plugin. -->","yoast_head_json":{"title":"Av\u00eds Legal - Hestia Health","robots":{"index":"index","follow":"follow","max-snippet":"max-snippet:-1","max-image-preview":"max-image-preview:large","max-video-preview":"max-video-preview:-1"},"canonical":"https:\/\/hestiahealth.es\/ca\/avis-legal\/","og_locale":"ca_ES","og_type":"article","og_title":"Av\u00eds Legal - Hestia Health","og_description":"AV\u00cdS LEGAL HESTIA ALLIANCE, S.L. t\u00e9 la seva seu a la Pla\u00e7a Karl Marx, 1 de 08035 BARCELONA i figura inscrita en el Registre Mercantil de Barcelona al tom 31.365, foli 58, full n\u00fam. B-187421, inscripci\u00f3 1a, amb el N\u00famero d\u2019Identificaci\u00f3 Fiscal B-61866323. HESTIA HEALTH \u00e9s la titular del domini a internet www.hestiahealth.es. L\u2019\u00fas d\u2019aquesta [&hellip;]","og_url":"https:\/\/hestiahealth.es\/ca\/avis-legal\/","og_site_name":"Hestia Health","article_modified_time":"2025-07-25T16:58:45+00:00","twitter_card":"summary_large_image","twitter_misc":{"Temps estimat de lectura":"3 minuts"},"schema":{"@context":"https:\/\/schema.org","@graph":[{"@type":"WebPage","@id":"https:\/\/hestiahealth.es\/ca\/avis-legal\/","url":"https:\/\/hestiahealth.es\/ca\/avis-legal\/","name":"Av\u00eds Legal - Hestia Health","isPartOf":{"@id":"https:\/\/hestiahealth.es\/ca\/#website"},"datePublished":"2025-06-10T15:00:17+00:00","dateModified":"2025-07-25T16:58:45+00:00","breadcrumb":{"@id":"https:\/\/hestiahealth.es\/ca\/avis-legal\/#breadcrumb"},"inLanguage":"ca","potentialAction":[{"@type":"ReadAction","target":["https:\/\/hestiahealth.es\/ca\/avis-legal\/"]}]},{"@type":"BreadcrumbList","@id":"https:\/\/hestiahealth.es\/ca\/avis-legal\/#breadcrumb","itemListElement":[{"@type":"ListItem","position":1,"name":"Portada","item":"https:\/\/hestiahealth.es\/ca\/"},{"@type":"ListItem","position":2,"name":"Av\u00eds Legal"}]},{"@type":"WebSite","@id":"https:\/\/hestiahealth.es\/ca\/#website","url":"https:\/\/hestiahealth.es\/ca\/","name":"Hestia Health","description":"","publisher":{"@id":"https:\/\/hestiahealth.es\/ca\/#organization"},"potentialAction":[{"@type":"SearchAction","target":{"@type":"EntryPoint","urlTemplate":"https:\/\/hestiahealth.es\/ca\/?s={search_term_string}"},"query-input":{"@type":"PropertyValueSpecification","valueRequired":true,"valueName":"search_term_string"}}],"inLanguage":"ca"},{"@type":"Organization","@id":"https:\/\/hestiahealth.es\/ca\/#organization","name":"Hestia Health","url":"https:\/\/hestiahealth.es\/ca\/","logo":{"@type":"ImageObject","inLanguage":"ca","@id":"https:\/\/hestiahealth.es\/ca\/#\/schema\/logo\/image\/","url":"https:\/\/hestiahealth.es\/wp-content\/uploads\/2025\/06\/Logo_Hestia.svg","contentUrl":"https:\/\/hestiahealth.es\/wp-content\/uploads\/2025\/06\/Logo_Hestia.svg","width":201,"height":70,"caption":"Hestia Health"},"image":{"@id":"https:\/\/hestiahealth.es\/ca\/#\/schema\/logo\/image\/"},"sameAs":["https:\/\/www.linkedin.com\/company\/hestiahealth\/"]}]}},"_links":{"self":[{"href":"https:\/\/hestiahealth.es\/ca\/wp-json\/wp\/v2\/pages\/4336","targetHints":{"allow":["GET"]}}],"collection":[{"href":"https:\/\/hestiahealth.es\/ca\/wp-json\/wp\/v2\/pages"}],"about":[{"href":"https:\/\/hestiahealth.es\/ca\/wp-json\/wp\/v2\/types\/page"}],"author":[{"embeddable":true,"href":"https:\/\/hestiahealth.es\/ca\/wp-json\/wp\/v2\/users\/1"}],"replies":[{"embeddable":true,"href":"https:\/\/hestiahealth.es\/ca\/wp-json\/wp\/v2\/comments?post=4336"}],"version-history":[{"count":6,"href":"https:\/\/hestiahealth.es\/ca\/wp-json\/wp\/v2\/pages\/4336\/revisions"}],"predecessor-version":[{"id":4657,"href":"https:\/\/hestiahealth.es\/ca\/wp-json\/wp\/v2\/pages\/4336\/revisions\/4657"}],"wp:attachment":[{"href":"https:\/\/hestiahealth.es\/ca\/wp-json\/wp\/v2\/media?parent=4336"}],"curies":[{"name":"wp","href":"https:\/\/api.w.org\/{rel}","templated":true}]}}