{"id":4340,"date":"2025-06-10T18:16:43","date_gmt":"2025-06-10T16:16:43","guid":{"rendered":"https:\/\/hestiahealth.es\/politica-de-privacitat\/"},"modified":"2025-07-25T19:00:41","modified_gmt":"2025-07-25T17:00:41","slug":"politica-privacitat","status":"publish","type":"page","link":"https:\/\/hestiahealth.es\/ca\/politica-privacitat\/","title":{"rendered":"Pol\u00edtica de Privacitat"},"content":{"rendered":"\t\t<div data-elementor-type=\"wp-page\" data-elementor-id=\"4340\" class=\"elementor elementor-4340 elementor-2691\" data-elementor-post-type=\"page\">\n\t\t\t\t\t\t<section class=\"elementor-section elementor-top-section elementor-element elementor-element-db2684a elementor-section-boxed elementor-section-height-default elementor-section-height-default\" data-id=\"db2684a\" data-element_type=\"section\">\n\t\t\t\t\t\t<div class=\"elementor-container elementor-column-gap-no\">\n\t\t\t\t\t<div class=\"elementor-column elementor-col-100 elementor-top-column elementor-element elementor-element-9d7c19f\" data-id=\"9d7c19f\" data-element_type=\"column\">\n\t\t\t<div class=\"elementor-widget-wrap elementor-element-populated\">\n\t\t\t\t\t\t<div class=\"elementor-element elementor-element-b776b49 elementor-widget elementor-widget-heading\" data-id=\"b776b49\" data-element_type=\"widget\" data-widget_type=\"heading.default\">\n\t\t\t\t<div class=\"elementor-widget-container\">\n\t\t\t\t\t<h2 class=\"elementor-heading-title elementor-size-default\">POL\u00cdTICA DE PRIVACITAT<\/h2>\t\t\t\t<\/div>\n\t\t\t\t<\/div>\n\t\t\t\t<div class=\"elementor-element elementor-element-d2c7178 elementor-widget elementor-widget-text-editor\" data-id=\"d2c7178\" data-element_type=\"widget\" data-widget_type=\"text-editor.default\">\n\t\t\t\t<div class=\"elementor-widget-container\">\n\t\t\t\t\t\t\t\t\t<p>De conformitat amb el Reglament General de Protecci\u00f3 de Dades, HESTIA ALLIANCE, S.L. comunica als usuaris de <a href=\"http:\/\/www.hestiaalliance.org\">www.hestiahealth.es<\/a> la seg\u00fcent informaci\u00f3 sobre protecci\u00f3 de dades:<\/p><p>Responsable del tractament<\/p><p>Denominaci\u00f3 social: HESTIA ALLIANCE, S.L.<br \/>Domicili: Pla\u00e7a Karl Marx, 1, 08035 \u2013 Barcelona.<\/p><p>Delegat de Protecci\u00f3 de Dades: dpd@hestiahealth.es<\/p><p>Finalitat del tractament<\/p><ul><li>Gestionar i atendre les consultes, suggeriments o reclamacions rebudes.<\/li><li>Desenvolupar, dur a terme i gestionar els processos de selecci\u00f3 de personal.<\/li><\/ul><p>Legitimaci\u00f3 del tractament<\/p><p>La base legal per al tractament de les dades recollides \u00e9s el consentiment de la persona interessada.<\/p><p>Destinataris<\/p><p>L\u2019interessat queda informat que les seves dades no seran cedides a tercers, excepte per obligaci\u00f3 legal.<br \/>Si escau, aquestes dades podran ser tractades per terceres entitats prestadores de serveis, com ara entitats financeres o empreses directament relacionades amb el responsable.<\/p><p>Transfer\u00e8ncies internacionals<\/p><p>No es realitzaran transfer\u00e8ncies internacionals de dades.<\/p><p>Drets de les persones interessades<\/p><p>Les persones interessades poden sol\u00b7licitar l&#8217;acc\u00e9s a les seves dades personals, la seva rectificaci\u00f3 o supressi\u00f3 i, si s\u2019escau, la limitaci\u00f3 del seu tractament, oposar-se al tractament i exercir el dret a la portabilitat de les dades.<br \/>Poden fer-ho mitjan\u00e7ant un escrit adre\u00e7at a l\u2019adre\u00e7a indicada a l\u2019apartat \u201cResponsable\u201d o a trav\u00e9s del correu electr\u00f2nic dpd@hestiahealth.es.<br \/>En cas que sigui necessari per poder identificar la persona, es podr\u00e0 sol\u00b7licitar una c\u00f2pia d\u2019un document acreditatiu de la seva identitat.<\/p><p>Si ens ha proporcionat el seu consentiment per al tractament de les seves dades, tamb\u00e9 tindr\u00e0 dret a revocar-lo en qualsevol moment.<\/p><p>Aix\u00ed mateix, l\u2019interessat tindr\u00e0 dret a presentar una reclamaci\u00f3 davant l\u2019Ag\u00e8ncia Espanyola de Protecci\u00f3 de Dades: <a href=\"https:\/\/www.aepd.es\">https:\/\/www.aepd.es<\/a><\/p><p>Termini de conservaci\u00f3<\/p><p>Les dades relatives a consultes, suggeriments o reclamacions es conservaran durant el temps necessari per complir amb la finalitat per a la qual es van recollir.<br \/>Les dades relatives als processos de selecci\u00f3 s\u2019eliminaran una vegada hagin transcorregut 12 mesos des de la seva tramesa.<\/p>\t\t\t\t\t\t\t\t<\/div>\n\t\t\t\t<\/div>\n\t\t\t\t\t<\/div>\n\t\t<\/div>\n\t\t\t\t\t<\/div>\n\t\t<\/section>\n\t\t\t\t<\/div>\n\t\t","protected":false},"excerpt":{"rendered":"<p>POL\u00cdTICA DE PRIVACITAT De conformitat amb el Reglament General de Protecci\u00f3 de Dades, HESTIA ALLIANCE, S.L. comunica als usuaris de www.hestiahealth.es la seg\u00fcent informaci\u00f3 sobre protecci\u00f3 de dades: Responsable del tractament Denominaci\u00f3 social: HESTIA ALLIANCE, S.L.Domicili: Pla\u00e7a Karl Marx, 1, 08035 \u2013 Barcelona. Delegat de Protecci\u00f3 de Dades: dpd@hestiahealth.es Finalitat del tractament Gestionar i atendre [&hellip;]<\/p>\n","protected":false},"author":1,"featured_media":0,"parent":0,"menu_order":0,"comment_status":"closed","ping_status":"closed","template":"","meta":{"footnotes":""},"class_list":["post-4340","page","type-page","status-publish","hentry"],"yoast_head":"<!-- This site is optimized with the Yoast SEO plugin v26.6 - https:\/\/yoast.com\/wordpress\/plugins\/seo\/ -->\n<title>Pol\u00edtica de Privacitat - Hestia Health<\/title>\n<meta name=\"robots\" content=\"index, follow, max-snippet:-1, max-image-preview:large, max-video-preview:-1\" \/>\n<link rel=\"canonical\" href=\"https:\/\/hestiahealth.es\/ca\/politica-privacitat\/\" \/>\n<meta property=\"og:locale\" content=\"ca_ES\" \/>\n<meta property=\"og:type\" content=\"article\" \/>\n<meta property=\"og:title\" content=\"Pol\u00edtica de Privacitat - Hestia Health\" \/>\n<meta property=\"og:description\" content=\"POL\u00cdTICA DE PRIVACITAT De conformitat amb el Reglament General de Protecci\u00f3 de Dades, HESTIA ALLIANCE, S.L. comunica als usuaris de www.hestiahealth.es la seg\u00fcent informaci\u00f3 sobre protecci\u00f3 de dades: Responsable del tractament Denominaci\u00f3 social: HESTIA ALLIANCE, S.L.Domicili: Pla\u00e7a Karl Marx, 1, 08035 \u2013 Barcelona. Delegat de Protecci\u00f3 de Dades: dpd@hestiahealth.es Finalitat del tractament Gestionar i atendre [&hellip;]\" \/>\n<meta property=\"og:url\" content=\"https:\/\/hestiahealth.es\/ca\/politica-privacitat\/\" \/>\n<meta property=\"og:site_name\" content=\"Hestia Health\" \/>\n<meta property=\"article:modified_time\" content=\"2025-07-25T17:00:41+00:00\" \/>\n<meta name=\"twitter:card\" content=\"summary_large_image\" \/>\n<meta name=\"twitter:label1\" content=\"Temps estimat de lectura\" \/>\n\t<meta name=\"twitter:data1\" content=\"2 minuts\" \/>\n<script type=\"application\/ld+json\" class=\"yoast-schema-graph\">{\"@context\":\"https:\/\/schema.org\",\"@graph\":[{\"@type\":\"WebPage\",\"@id\":\"https:\/\/hestiahealth.es\/ca\/politica-privacitat\/\",\"url\":\"https:\/\/hestiahealth.es\/ca\/politica-privacitat\/\",\"name\":\"Pol\u00edtica de Privacitat - Hestia Health\",\"isPartOf\":{\"@id\":\"https:\/\/hestiahealth.es\/ca\/#website\"},\"datePublished\":\"2025-06-10T16:16:43+00:00\",\"dateModified\":\"2025-07-25T17:00:41+00:00\",\"breadcrumb\":{\"@id\":\"https:\/\/hestiahealth.es\/ca\/politica-privacitat\/#breadcrumb\"},\"inLanguage\":\"ca\",\"potentialAction\":[{\"@type\":\"ReadAction\",\"target\":[\"https:\/\/hestiahealth.es\/ca\/politica-privacitat\/\"]}]},{\"@type\":\"BreadcrumbList\",\"@id\":\"https:\/\/hestiahealth.es\/ca\/politica-privacitat\/#breadcrumb\",\"itemListElement\":[{\"@type\":\"ListItem\",\"position\":1,\"name\":\"Portada\",\"item\":\"https:\/\/hestiahealth.es\/ca\/\"},{\"@type\":\"ListItem\",\"position\":2,\"name\":\"Pol\u00edtica de Privacitat\"}]},{\"@type\":\"WebSite\",\"@id\":\"https:\/\/hestiahealth.es\/ca\/#website\",\"url\":\"https:\/\/hestiahealth.es\/ca\/\",\"name\":\"Hestia Health\",\"description\":\"\",\"publisher\":{\"@id\":\"https:\/\/hestiahealth.es\/ca\/#organization\"},\"potentialAction\":[{\"@type\":\"SearchAction\",\"target\":{\"@type\":\"EntryPoint\",\"urlTemplate\":\"https:\/\/hestiahealth.es\/ca\/?s={search_term_string}\"},\"query-input\":{\"@type\":\"PropertyValueSpecification\",\"valueRequired\":true,\"valueName\":\"search_term_string\"}}],\"inLanguage\":\"ca\"},{\"@type\":\"Organization\",\"@id\":\"https:\/\/hestiahealth.es\/ca\/#organization\",\"name\":\"Hestia Health\",\"url\":\"https:\/\/hestiahealth.es\/ca\/\",\"logo\":{\"@type\":\"ImageObject\",\"inLanguage\":\"ca\",\"@id\":\"https:\/\/hestiahealth.es\/ca\/#\/schema\/logo\/image\/\",\"url\":\"https:\/\/hestiahealth.es\/wp-content\/uploads\/2025\/06\/Logo_Hestia.svg\",\"contentUrl\":\"https:\/\/hestiahealth.es\/wp-content\/uploads\/2025\/06\/Logo_Hestia.svg\",\"width\":201,\"height\":70,\"caption\":\"Hestia Health\"},\"image\":{\"@id\":\"https:\/\/hestiahealth.es\/ca\/#\/schema\/logo\/image\/\"},\"sameAs\":[\"https:\/\/www.linkedin.com\/company\/hestiahealth\/\"]}]}<\/script>\n<!-- \/ Yoast SEO plugin. -->","yoast_head_json":{"title":"Pol\u00edtica de Privacitat - Hestia Health","robots":{"index":"index","follow":"follow","max-snippet":"max-snippet:-1","max-image-preview":"max-image-preview:large","max-video-preview":"max-video-preview:-1"},"canonical":"https:\/\/hestiahealth.es\/ca\/politica-privacitat\/","og_locale":"ca_ES","og_type":"article","og_title":"Pol\u00edtica de Privacitat - Hestia Health","og_description":"POL\u00cdTICA DE PRIVACITAT De conformitat amb el Reglament General de Protecci\u00f3 de Dades, HESTIA ALLIANCE, S.L. comunica als usuaris de www.hestiahealth.es la seg\u00fcent informaci\u00f3 sobre protecci\u00f3 de dades: Responsable del tractament Denominaci\u00f3 social: HESTIA ALLIANCE, S.L.Domicili: Pla\u00e7a Karl Marx, 1, 08035 \u2013 Barcelona. Delegat de Protecci\u00f3 de Dades: dpd@hestiahealth.es Finalitat del tractament Gestionar i atendre [&hellip;]","og_url":"https:\/\/hestiahealth.es\/ca\/politica-privacitat\/","og_site_name":"Hestia Health","article_modified_time":"2025-07-25T17:00:41+00:00","twitter_card":"summary_large_image","twitter_misc":{"Temps estimat de lectura":"2 minuts"},"schema":{"@context":"https:\/\/schema.org","@graph":[{"@type":"WebPage","@id":"https:\/\/hestiahealth.es\/ca\/politica-privacitat\/","url":"https:\/\/hestiahealth.es\/ca\/politica-privacitat\/","name":"Pol\u00edtica de Privacitat - Hestia Health","isPartOf":{"@id":"https:\/\/hestiahealth.es\/ca\/#website"},"datePublished":"2025-06-10T16:16:43+00:00","dateModified":"2025-07-25T17:00:41+00:00","breadcrumb":{"@id":"https:\/\/hestiahealth.es\/ca\/politica-privacitat\/#breadcrumb"},"inLanguage":"ca","potentialAction":[{"@type":"ReadAction","target":["https:\/\/hestiahealth.es\/ca\/politica-privacitat\/"]}]},{"@type":"BreadcrumbList","@id":"https:\/\/hestiahealth.es\/ca\/politica-privacitat\/#breadcrumb","itemListElement":[{"@type":"ListItem","position":1,"name":"Portada","item":"https:\/\/hestiahealth.es\/ca\/"},{"@type":"ListItem","position":2,"name":"Pol\u00edtica de Privacitat"}]},{"@type":"WebSite","@id":"https:\/\/hestiahealth.es\/ca\/#website","url":"https:\/\/hestiahealth.es\/ca\/","name":"Hestia Health","description":"","publisher":{"@id":"https:\/\/hestiahealth.es\/ca\/#organization"},"potentialAction":[{"@type":"SearchAction","target":{"@type":"EntryPoint","urlTemplate":"https:\/\/hestiahealth.es\/ca\/?s={search_term_string}"},"query-input":{"@type":"PropertyValueSpecification","valueRequired":true,"valueName":"search_term_string"}}],"inLanguage":"ca"},{"@type":"Organization","@id":"https:\/\/hestiahealth.es\/ca\/#organization","name":"Hestia Health","url":"https:\/\/hestiahealth.es\/ca\/","logo":{"@type":"ImageObject","inLanguage":"ca","@id":"https:\/\/hestiahealth.es\/ca\/#\/schema\/logo\/image\/","url":"https:\/\/hestiahealth.es\/wp-content\/uploads\/2025\/06\/Logo_Hestia.svg","contentUrl":"https:\/\/hestiahealth.es\/wp-content\/uploads\/2025\/06\/Logo_Hestia.svg","width":201,"height":70,"caption":"Hestia Health"},"image":{"@id":"https:\/\/hestiahealth.es\/ca\/#\/schema\/logo\/image\/"},"sameAs":["https:\/\/www.linkedin.com\/company\/hestiahealth\/"]}]}},"_links":{"self":[{"href":"https:\/\/hestiahealth.es\/ca\/wp-json\/wp\/v2\/pages\/4340","targetHints":{"allow":["GET"]}}],"collection":[{"href":"https:\/\/hestiahealth.es\/ca\/wp-json\/wp\/v2\/pages"}],"about":[{"href":"https:\/\/hestiahealth.es\/ca\/wp-json\/wp\/v2\/types\/page"}],"author":[{"embeddable":true,"href":"https:\/\/hestiahealth.es\/ca\/wp-json\/wp\/v2\/users\/1"}],"replies":[{"embeddable":true,"href":"https:\/\/hestiahealth.es\/ca\/wp-json\/wp\/v2\/comments?post=4340"}],"version-history":[{"count":4,"href":"https:\/\/hestiahealth.es\/ca\/wp-json\/wp\/v2\/pages\/4340\/revisions"}],"predecessor-version":[{"id":4663,"href":"https:\/\/hestiahealth.es\/ca\/wp-json\/wp\/v2\/pages\/4340\/revisions\/4663"}],"wp:attachment":[{"href":"https:\/\/hestiahealth.es\/ca\/wp-json\/wp\/v2\/media?parent=4340"}],"curies":[{"name":"wp","href":"https:\/\/api.w.org\/{rel}","templated":true}]}}