{"id":4344,"date":"2025-06-10T17:04:58","date_gmt":"2025-06-10T15:04:58","guid":{"rendered":"https:\/\/hestiahealth.es\/politica-de-galetes\/"},"modified":"2025-07-25T19:00:08","modified_gmt":"2025-07-25T17:00:08","slug":"galetes","status":"publish","type":"page","link":"https:\/\/hestiahealth.es\/ca\/galetes\/","title":{"rendered":"Pol\u00edtica de galetes"},"content":{"rendered":"\t\t<div data-elementor-type=\"wp-page\" data-elementor-id=\"4344\" class=\"elementor elementor-4344 elementor-2627\" data-elementor-post-type=\"page\">\n\t\t\t\t\t\t<section class=\"elementor-section elementor-top-section elementor-element elementor-element-db2684a elementor-section-boxed elementor-section-height-default elementor-section-height-default\" data-id=\"db2684a\" data-element_type=\"section\">\n\t\t\t\t\t\t<div class=\"elementor-container elementor-column-gap-no\">\n\t\t\t\t\t<div class=\"elementor-column elementor-col-100 elementor-top-column elementor-element elementor-element-9d7c19f\" data-id=\"9d7c19f\" data-element_type=\"column\">\n\t\t\t<div class=\"elementor-widget-wrap elementor-element-populated\">\n\t\t\t\t\t\t<div class=\"elementor-element elementor-element-b776b49 elementor-widget elementor-widget-heading\" data-id=\"b776b49\" data-element_type=\"widget\" data-widget_type=\"heading.default\">\n\t\t\t\t<div class=\"elementor-widget-container\">\n\t\t\t\t\t<h2 class=\"elementor-heading-title elementor-size-default\">POL\u00cdTICA DE GALETES<\/h2>\t\t\t\t<\/div>\n\t\t\t\t<\/div>\n\t\t\t\t<div class=\"elementor-element elementor-element-d2c7178 elementor-widget elementor-widget-text-editor\" data-id=\"d2c7178\" data-element_type=\"widget\" data-widget_type=\"text-editor.default\">\n\t\t\t\t<div class=\"elementor-widget-container\">\n\t\t\t\t\t\t\t\t\t<p><strong>Definici\u00f3 i funci\u00f3 de les cookies<\/strong><\/p><p>Una cookie \u00e9s un fitxer que es descarrega al seu ordinador\/tableta\/smartphone en accedir a determinades p\u00e0gines web. Les cookies permeten a una p\u00e0gina web, entre altres coses, emmagatzemar i recuperar informaci\u00f3 sobre els h\u00e0bits de navegaci\u00f3 d\u2019un usuari o del seu dispositiu.<\/p><p><strong>Cookies que utilitzem<\/strong><\/p><ul><li><strong>Cookies t\u00e8cniques:<\/strong> S\u00f3n aquelles que permeten gestionar la sessi\u00f3, el registre i la sol\u00b7licitud d\u2019informaci\u00f3 des dels diferents formularis de l\u2019aplicaci\u00f3, controlar la comunicaci\u00f3 de dades i la utilitzaci\u00f3 dels serveis. La seva finalitat \u00e9s prestar els serveis sol\u00b7licitats per l\u2019usuari d\u2019acord amb els termes de la pol\u00edtica de cookies i la normativa vigent.<\/li><li><strong>Cookies d\u2019an\u00e0lisi:<\/strong> S\u00f3n aquelles que, tractades per nosaltres o per tercers (Google Analytics, Adobe Analytics o altres), ens permeten quantificar el nombre de visites a p\u00e0gines i seccions, llocs visitats pr\u00e8viament, navegadors utilitzats i temps de navegaci\u00f3. La seva finalitat \u00e9s l\u2019elaboraci\u00f3 d\u2019informes estad\u00edstics sobre el tr\u00e0nsit al lloc web i la seva usabilitat.<\/li><li><strong>Cookies de configuraci\u00f3:<\/strong> S\u00f3n aquelles que permeten adaptar a l\u2019usuari funcions del web com l\u2019idioma o la presentaci\u00f3 de continguts. La seva finalitat \u00e9s millorar i adequar l\u2019\u00fas del web al perfil de cada usuari.<\/li><li><strong>Cookies publicit\u00e0ries:<\/strong> S\u00f3n aquelles que ens permeten gestionar les prefer\u00e8ncies de l\u2019usuari, la interacci\u00f3 amb el lloc web, la ubicaci\u00f3 geogr\u00e0fica, les p\u00e0gines visitades, l\u2019inter\u00e8s pels productes, el sistema operatiu, la IP i el tipus de navegador. La seva finalitat \u00e9s personalitzar les accions publicit\u00e0ries per a cada usuari.<\/li><\/ul><p><strong>Administraci\u00f3 de les cookies<\/strong><\/p><p>En qualsevol moment, l\u2019usuari pot desactivar, eliminar o bloquejar les cookies que s\u2019hagin instal\u00b7lat pr\u00e8viament mitjan\u00e7ant els par\u00e0metres de configuraci\u00f3 del seu navegador. Els navegadors m\u00e9s utilitzats com Internet Explorer, Google Chrome, Mozilla Firefox i Safari permeten desactivar, bloquejar o eliminar les cookies. Trobar\u00e0 informaci\u00f3 a la documentaci\u00f3 de cadascun d\u2019ells:<\/p><ul><li>Chrome: <a href=\"http:\/\/support.google.com\/chrome\/bin\/answer.py?hl=es&amp;answer=95647\">http:\/\/support.google.com\/chrome\/bin\/answer.py?hl=es&amp;answer=95647<\/a><\/li><li>Explorer: <a href=\"http:\/\/windows.microsoft.com\/es-es\/windows7\/how-to-manage-cookies-in-internet-explorer-9\">http:\/\/windows.microsoft.com\/es-es\/windows7\/how-to-manage-cookies-in-internet-explorer-9<\/a><\/li><li>Firefox: <a href=\"http:\/\/support.mozilla.org\/es\/kb\/habilitar-y-deshabilitar-cookies-que-los-sitios-we\">http:\/\/support.mozilla.org\/es\/kb\/habilitar-y-deshabilitar-cookies-que-los-sitios-we<\/a><\/li><li>Safari: <a href=\"http:\/\/support.apple.com\/kb\/ph5042\">http:\/\/support.apple.com\/kb\/ph5042<\/a><\/li><\/ul><p><strong>HESTIA HEALTH<\/strong> no es fa responsable de la pol\u00edtica de privacitat de tercers, ni dels possibles canvis en les funcionalitats ni de la documentaci\u00f3 dels enlla\u00e7os inclosos a la informaci\u00f3 dels navegadors. Si vost\u00e8, com a usuari, t\u00e9 qualsevol dubte sobre la informaci\u00f3 que aqu\u00ed li facilitem, pot enviar-nos la seva consulta a trav\u00e9s del formulari de contacte indicant a l\u2019apartat de missatge: \u00abCONSULTA COOKIES\u00bb.<\/p>\t\t\t\t\t\t\t\t<\/div>\n\t\t\t\t<\/div>\n\t\t\t\t\t<\/div>\n\t\t<\/div>\n\t\t\t\t\t<\/div>\n\t\t<\/section>\n\t\t\t\t<\/div>\n\t\t","protected":false},"excerpt":{"rendered":"<p>POL\u00cdTICA DE GALETES Definici\u00f3 i funci\u00f3 de les cookies Una cookie \u00e9s un fitxer que es descarrega al seu ordinador\/tableta\/smartphone en accedir a determinades p\u00e0gines web. Les cookies permeten a una p\u00e0gina web, entre altres coses, emmagatzemar i recuperar informaci\u00f3 sobre els h\u00e0bits de navegaci\u00f3 d\u2019un usuari o del seu dispositiu. Cookies que utilitzem Cookies [&hellip;]<\/p>\n","protected":false},"author":1,"featured_media":0,"parent":0,"menu_order":0,"comment_status":"closed","ping_status":"closed","template":"","meta":{"footnotes":""},"class_list":["post-4344","page","type-page","status-publish","hentry"],"yoast_head":"<!-- This site is optimized with the Yoast SEO plugin v26.6 - https:\/\/yoast.com\/wordpress\/plugins\/seo\/ -->\n<title>Pol\u00edtica de galetes - Hestia Health<\/title>\n<meta name=\"robots\" content=\"index, follow, max-snippet:-1, max-image-preview:large, max-video-preview:-1\" \/>\n<link rel=\"canonical\" href=\"https:\/\/hestiahealth.es\/ca\/galetes\/\" \/>\n<meta property=\"og:locale\" content=\"ca_ES\" \/>\n<meta property=\"og:type\" content=\"article\" \/>\n<meta property=\"og:title\" content=\"Pol\u00edtica de galetes - Hestia Health\" \/>\n<meta property=\"og:description\" content=\"POL\u00cdTICA DE GALETES Definici\u00f3 i funci\u00f3 de les cookies Una cookie \u00e9s un fitxer que es descarrega al seu ordinador\/tableta\/smartphone en accedir a determinades p\u00e0gines web. Les cookies permeten a una p\u00e0gina web, entre altres coses, emmagatzemar i recuperar informaci\u00f3 sobre els h\u00e0bits de navegaci\u00f3 d\u2019un usuari o del seu dispositiu. Cookies que utilitzem Cookies [&hellip;]\" \/>\n<meta property=\"og:url\" content=\"https:\/\/hestiahealth.es\/ca\/galetes\/\" \/>\n<meta property=\"og:site_name\" content=\"Hestia Health\" \/>\n<meta property=\"article:modified_time\" content=\"2025-07-25T17:00:08+00:00\" \/>\n<meta name=\"twitter:card\" content=\"summary_large_image\" \/>\n<meta name=\"twitter:label1\" content=\"Temps estimat de lectura\" \/>\n\t<meta name=\"twitter:data1\" content=\"3 minuts\" \/>\n<script type=\"application\/ld+json\" class=\"yoast-schema-graph\">{\"@context\":\"https:\/\/schema.org\",\"@graph\":[{\"@type\":\"WebPage\",\"@id\":\"https:\/\/hestiahealth.es\/ca\/galetes\/\",\"url\":\"https:\/\/hestiahealth.es\/ca\/galetes\/\",\"name\":\"Pol\u00edtica de galetes - Hestia Health\",\"isPartOf\":{\"@id\":\"https:\/\/hestiahealth.es\/ca\/#website\"},\"datePublished\":\"2025-06-10T15:04:58+00:00\",\"dateModified\":\"2025-07-25T17:00:08+00:00\",\"breadcrumb\":{\"@id\":\"https:\/\/hestiahealth.es\/ca\/galetes\/#breadcrumb\"},\"inLanguage\":\"ca\",\"potentialAction\":[{\"@type\":\"ReadAction\",\"target\":[\"https:\/\/hestiahealth.es\/ca\/galetes\/\"]}]},{\"@type\":\"BreadcrumbList\",\"@id\":\"https:\/\/hestiahealth.es\/ca\/galetes\/#breadcrumb\",\"itemListElement\":[{\"@type\":\"ListItem\",\"position\":1,\"name\":\"Portada\",\"item\":\"https:\/\/hestiahealth.es\/ca\/\"},{\"@type\":\"ListItem\",\"position\":2,\"name\":\"Pol\u00edtica de galetes\"}]},{\"@type\":\"WebSite\",\"@id\":\"https:\/\/hestiahealth.es\/ca\/#website\",\"url\":\"https:\/\/hestiahealth.es\/ca\/\",\"name\":\"Hestia Health\",\"description\":\"\",\"publisher\":{\"@id\":\"https:\/\/hestiahealth.es\/ca\/#organization\"},\"potentialAction\":[{\"@type\":\"SearchAction\",\"target\":{\"@type\":\"EntryPoint\",\"urlTemplate\":\"https:\/\/hestiahealth.es\/ca\/?s={search_term_string}\"},\"query-input\":{\"@type\":\"PropertyValueSpecification\",\"valueRequired\":true,\"valueName\":\"search_term_string\"}}],\"inLanguage\":\"ca\"},{\"@type\":\"Organization\",\"@id\":\"https:\/\/hestiahealth.es\/ca\/#organization\",\"name\":\"Hestia Health\",\"url\":\"https:\/\/hestiahealth.es\/ca\/\",\"logo\":{\"@type\":\"ImageObject\",\"inLanguage\":\"ca\",\"@id\":\"https:\/\/hestiahealth.es\/ca\/#\/schema\/logo\/image\/\",\"url\":\"https:\/\/hestiahealth.es\/wp-content\/uploads\/2025\/06\/Logo_Hestia.svg\",\"contentUrl\":\"https:\/\/hestiahealth.es\/wp-content\/uploads\/2025\/06\/Logo_Hestia.svg\",\"width\":201,\"height\":70,\"caption\":\"Hestia Health\"},\"image\":{\"@id\":\"https:\/\/hestiahealth.es\/ca\/#\/schema\/logo\/image\/\"},\"sameAs\":[\"https:\/\/www.linkedin.com\/company\/hestiahealth\/\"]}]}<\/script>\n<!-- \/ Yoast SEO plugin. -->","yoast_head_json":{"title":"Pol\u00edtica de galetes - Hestia Health","robots":{"index":"index","follow":"follow","max-snippet":"max-snippet:-1","max-image-preview":"max-image-preview:large","max-video-preview":"max-video-preview:-1"},"canonical":"https:\/\/hestiahealth.es\/ca\/galetes\/","og_locale":"ca_ES","og_type":"article","og_title":"Pol\u00edtica de galetes - Hestia Health","og_description":"POL\u00cdTICA DE GALETES Definici\u00f3 i funci\u00f3 de les cookies Una cookie \u00e9s un fitxer que es descarrega al seu ordinador\/tableta\/smartphone en accedir a determinades p\u00e0gines web. Les cookies permeten a una p\u00e0gina web, entre altres coses, emmagatzemar i recuperar informaci\u00f3 sobre els h\u00e0bits de navegaci\u00f3 d\u2019un usuari o del seu dispositiu. Cookies que utilitzem Cookies [&hellip;]","og_url":"https:\/\/hestiahealth.es\/ca\/galetes\/","og_site_name":"Hestia Health","article_modified_time":"2025-07-25T17:00:08+00:00","twitter_card":"summary_large_image","twitter_misc":{"Temps estimat de lectura":"3 minuts"},"schema":{"@context":"https:\/\/schema.org","@graph":[{"@type":"WebPage","@id":"https:\/\/hestiahealth.es\/ca\/galetes\/","url":"https:\/\/hestiahealth.es\/ca\/galetes\/","name":"Pol\u00edtica de galetes - Hestia Health","isPartOf":{"@id":"https:\/\/hestiahealth.es\/ca\/#website"},"datePublished":"2025-06-10T15:04:58+00:00","dateModified":"2025-07-25T17:00:08+00:00","breadcrumb":{"@id":"https:\/\/hestiahealth.es\/ca\/galetes\/#breadcrumb"},"inLanguage":"ca","potentialAction":[{"@type":"ReadAction","target":["https:\/\/hestiahealth.es\/ca\/galetes\/"]}]},{"@type":"BreadcrumbList","@id":"https:\/\/hestiahealth.es\/ca\/galetes\/#breadcrumb","itemListElement":[{"@type":"ListItem","position":1,"name":"Portada","item":"https:\/\/hestiahealth.es\/ca\/"},{"@type":"ListItem","position":2,"name":"Pol\u00edtica de galetes"}]},{"@type":"WebSite","@id":"https:\/\/hestiahealth.es\/ca\/#website","url":"https:\/\/hestiahealth.es\/ca\/","name":"Hestia Health","description":"","publisher":{"@id":"https:\/\/hestiahealth.es\/ca\/#organization"},"potentialAction":[{"@type":"SearchAction","target":{"@type":"EntryPoint","urlTemplate":"https:\/\/hestiahealth.es\/ca\/?s={search_term_string}"},"query-input":{"@type":"PropertyValueSpecification","valueRequired":true,"valueName":"search_term_string"}}],"inLanguage":"ca"},{"@type":"Organization","@id":"https:\/\/hestiahealth.es\/ca\/#organization","name":"Hestia Health","url":"https:\/\/hestiahealth.es\/ca\/","logo":{"@type":"ImageObject","inLanguage":"ca","@id":"https:\/\/hestiahealth.es\/ca\/#\/schema\/logo\/image\/","url":"https:\/\/hestiahealth.es\/wp-content\/uploads\/2025\/06\/Logo_Hestia.svg","contentUrl":"https:\/\/hestiahealth.es\/wp-content\/uploads\/2025\/06\/Logo_Hestia.svg","width":201,"height":70,"caption":"Hestia Health"},"image":{"@id":"https:\/\/hestiahealth.es\/ca\/#\/schema\/logo\/image\/"},"sameAs":["https:\/\/www.linkedin.com\/company\/hestiahealth\/"]}]}},"_links":{"self":[{"href":"https:\/\/hestiahealth.es\/ca\/wp-json\/wp\/v2\/pages\/4344","targetHints":{"allow":["GET"]}}],"collection":[{"href":"https:\/\/hestiahealth.es\/ca\/wp-json\/wp\/v2\/pages"}],"about":[{"href":"https:\/\/hestiahealth.es\/ca\/wp-json\/wp\/v2\/types\/page"}],"author":[{"embeddable":true,"href":"https:\/\/hestiahealth.es\/ca\/wp-json\/wp\/v2\/users\/1"}],"replies":[{"embeddable":true,"href":"https:\/\/hestiahealth.es\/ca\/wp-json\/wp\/v2\/comments?post=4344"}],"version-history":[{"count":6,"href":"https:\/\/hestiahealth.es\/ca\/wp-json\/wp\/v2\/pages\/4344\/revisions"}],"predecessor-version":[{"id":4660,"href":"https:\/\/hestiahealth.es\/ca\/wp-json\/wp\/v2\/pages\/4344\/revisions\/4660"}],"wp:attachment":[{"href":"https:\/\/hestiahealth.es\/ca\/wp-json\/wp\/v2\/media?parent=4344"}],"curies":[{"name":"wp","href":"https:\/\/api.w.org\/{rel}","templated":true}]}}