{"id":3887,"date":"2025-06-07T22:54:57","date_gmt":"2025-06-07T20:54:57","guid":{"rendered":"https:\/\/hestiahealth.es\/comunicacion\/"},"modified":"2025-09-24T10:11:26","modified_gmt":"2025-09-24T08:11:26","slug":"comunicacion","status":"publish","type":"page","link":"https:\/\/hestiahealth.es\/gl\/comunicacion\/","title":{"rendered":"Comunicaci\u00f3n"},"content":{"rendered":"\t\t<div data-elementor-type=\"wp-page\" data-elementor-id=\"3887\" class=\"elementor elementor-3887 elementor-1960\" data-elementor-post-type=\"page\">\n\t\t\t\t\t\t<section class=\"elementor-section elementor-top-section elementor-element elementor-element-cafb958 elementor-section-boxed elementor-section-height-default elementor-section-height-default\" data-id=\"cafb958\" data-element_type=\"section\">\n\t\t\t\t\t\t<div class=\"elementor-container elementor-column-gap-no\">\n\t\t\t\t\t<div class=\"elementor-column elementor-col-50 elementor-top-column elementor-element elementor-element-e5170b2\" data-id=\"e5170b2\" data-element_type=\"column\">\n\t\t\t<div class=\"elementor-widget-wrap elementor-element-populated\">\n\t\t\t\t\t\t<div class=\"elementor-element elementor-element-d763cdf elementor-widget elementor-widget-heading\" data-id=\"d763cdf\" data-element_type=\"widget\" data-widget_type=\"heading.default\">\n\t\t\t\t<div class=\"elementor-widget-container\">\n\t\t\t\t\t<h1 class=\"elementor-heading-title elementor-size-default\">Novas Hestia Health<\/h1>\t\t\t\t<\/div>\n\t\t\t\t<\/div>\n\t\t\t\t<div class=\"elementor-element elementor-element-452686e elementor-widget elementor-widget-heading\" data-id=\"452686e\" data-element_type=\"widget\" data-widget_type=\"heading.default\">\n\t\t\t\t<div class=\"elementor-widget-container\">\n\t\t\t\t\t<h2 class=\"elementor-heading-title elementor-size-default\">A t\u00faa sa\u00fade, a nosa actualidade.<\/h2>\t\t\t\t<\/div>\n\t\t\t\t<\/div>\n\t\t\t\t<div class=\"elementor-element elementor-element-dae94a2 elementor-widget elementor-widget-text-editor\" data-id=\"dae94a2\" data-element_type=\"widget\" data-widget_type=\"text-editor.default\">\n\t\t\t\t<div class=\"elementor-widget-container\">\n\t\t\t\t\t\t\t\t\t<p>O noso compromiso non se det\u00e9n.<\/p>\t\t\t\t\t\t\t\t<\/div>\n\t\t\t\t<\/div>\n\t\t\t\t\t<\/div>\n\t\t<\/div>\n\t\t\t\t<div class=\"elementor-column elementor-col-50 elementor-top-column elementor-element elementor-element-b771c44 elementor-hidden-mobile\" data-id=\"b771c44\" data-element_type=\"column\">\n\t\t\t<div class=\"elementor-widget-wrap elementor-element-populated\">\n\t\t\t\t\t\t<div class=\"elementor-element elementor-element-9d8174d elementor-widget elementor-widget-image\" data-id=\"9d8174d\" data-element_type=\"widget\" data-widget_type=\"image.default\">\n\t\t\t\t<div class=\"elementor-widget-container\">\n\t\t\t\t\t\t\t\t\t\t\t\t\t\t\t<img decoding=\"async\" width=\"87\" height=\"88\" src=\"https:\/\/hestiahealth.es\/wp-content\/uploads\/2025\/05\/favicon.svg\" class=\"attachment-large size-large wp-image-3016\" alt=\"\" \/>\t\t\t\t\t\t\t\t\t\t\t\t\t\t\t<\/div>\n\t\t\t\t<\/div>\n\t\t\t\t\t<\/div>\n\t\t<\/div>\n\t\t\t\t\t<\/div>\n\t\t<\/section>\n\t\t\t\t<section class=\"elementor-section elementor-top-section elementor-element elementor-element-a5872e5 elementor-section-boxed elementor-section-height-default elementor-section-height-default\" data-id=\"a5872e5\" data-element_type=\"section\">\n\t\t\t\t\t\t<div class=\"elementor-container elementor-column-gap-no\">\n\t\t\t\t\t<div class=\"elementor-column elementor-col-100 elementor-top-column elementor-element elementor-element-e05ae4e\" data-id=\"e05ae4e\" data-element_type=\"column\">\n\t\t\t<div class=\"elementor-widget-wrap elementor-element-populated\">\n\t\t\t\t\t\t<div class=\"elementor-element elementor-element-5d2a684 elementor-widget elementor-widget-sina_blogpost\" data-id=\"5d2a684\" data-element_type=\"widget\" data-widget_type=\"sina_blogpost.default\">\n\t\t\t\t<div class=\"elementor-widget-container\">\n\t\t\t\t\t\t\t\t<div class=\"sina-blogpost sina-bp-5d2a684\"\r\n\t\t\tdata-uid=\"5d2a684\"\r\n\t\t\tdata-offset=\"6\"\r\n\t\t\tdata-posts-data='{\"post_type\":\"post\",\"posts_num\":6,\"offset\":6,\"total_posts\":48,\"layout\":\"grid\",\"columns\":\"3\",\"layout_type\":\"default\",\"custom_columns\":null,\"categories\":\"\",\"tags\":\"\",\"order_by\":\"date\",\"sort\":\"DESC\",\"posts_text\":\"yes\",\"excerpt\":\"\",\"content_length\":20,\"posts_meta\":\"\",\"thumb_right\":null,\"is_thumb\":\"yes\",\"read_more_effect\":\"\",\"read_more_text\":\"Contin\\u00faa lendo\",\"read_more_icon\":\"fa fa-long-arrow-right\",\"read_more_icon_align\":\"right\",\"effects\":\"\",\"cats_position\":\"before\",\"cats_icon\":\"fa fa-folder-open-o\",\"posts_avatar\":null,\"avatar_size\":null,\"read_btn_bg_layer_effects\":\"\",\"bg_layer_effects\":\"\"}'>\r\n\t\t\t\t<div class=\"sina-bp-grid\">\r\n\t\t\t\t\t<div class=\"sina-bp-grid-sizer\"><\/div>\r\n\t\t\t\t\t\t\t\t\t\t\t\t<div class=\"sina-bp-col sina-bp-item-3 \">\r\n\t\t<div class=\"sina-bp \">\r\n\t\t\t\t\t\t\t<div class=\"sina-bg-thumb\">\r\n\t\t\t\t\t<img decoding=\"async\" src=\"https:\/\/hestiahealth.es\/wp-content\/uploads\/2026\/04\/260413-Marco-Exp-Paciente.webp\" alt=\"Hestia Health participa no Marco de Experiencia do Paciente\">\r\n\t\t\t\t\t<div class=\"sina-overlay\">\r\n\t\t\t\t\t\t<a href=\"https:\/\/hestiahealth.es\/gl\/hestia-health-participa-no-marco-de-experiencia-do-paciente\/\"><\/a>\r\n\t\t\t\t\t<\/div>\r\n\t\t\t\t<\/div>\r\n\t\t\t\t\t\t<div class=\"sina-bp-content\">\r\n\t\t\t\t\t\t\t\t\t<div class=\"sina-bp-cats\">\r\n\t\t\t\t\t\t<span class=\"sina-bp-icon\">\r\n\t\t\t\t\t\t\t<i class=\"fa fa-folder-open-o\"><\/i>\r\n\t\t\t\t\t\t<\/span>\r\n\t\t\t\t\t\t<a href=\"https:\/\/hestiahealth.es\/gl\/category\/hestia-health-catalunya-gl\/\" rel=\"category tag\">Hestia Health Catalunya<\/a>\t\t\t\t\t<\/div>\r\n\t\t\t\t\t\t\t\t<h2 class=\"sina-bp-title\">\r\n\t\t\t\t\t<a href=\"https:\/\/hestiahealth.es\/gl\/hestia-health-participa-no-marco-de-experiencia-do-paciente\/\">Hestia Health participa no Marco de Experiencia do Paciente<\/a>\r\n\t\t\t\t<\/h2>\r\n\t\t\t\t\r\n\t\t\t\t\t\t\t\t\t<div class=\"sina-bp-text\">\r\n\t\t\t\t\t\tHestia Health participou na xornada para avanzar no despregamento do Marco de Experiencia do Paciente da \u00c1rea Integral de Sa\u00fade&hellip;\t\t\t\t\t<\/div>\r\n\t\t\t\t\r\n\t\t\t\t\t\t\t\t\t<div class=\"sina-btn-wrapper\">\r\n\t\t\t\t\t\t<a href=\"https:\/\/hestiahealth.es\/gl\/hestia-health-participa-no-marco-de-experiencia-do-paciente\/\" class=\"sina-read-more  \">\r\n\t\t\t\t\t\t\t\t\tContin\u00faa lendo\t\t\t\t\t<i class=\"fa fa-long-arrow-right sina-icon-right\"><\/i>\r\n\t\t\t\t\t\t\t\t\t<\/a>\r\n\t\t\t\t\t<\/div>\r\n\t\t\t\t\t\t\t\t\t\t\t<\/div>\r\n\t\t<\/div>\r\n\t<\/div>\r\n\t<div class=\"sina-bp-col sina-bp-item-3 \">\r\n\t\t<div class=\"sina-bp \">\r\n\t\t\t\t\t\t\t<div class=\"sina-bg-thumb\">\r\n\t\t\t\t\t<img decoding=\"async\" src=\"https:\/\/hestiahealth.es\/wp-content\/uploads\/2026\/04\/260330-Hartmann.png\" alt=\"M\u00e1is co\u00f1ecemento, mellor coidado: visita a HARTMANN Group\">\r\n\t\t\t\t\t<div class=\"sina-overlay\">\r\n\t\t\t\t\t\t<a href=\"https:\/\/hestiahealth.es\/gl\/mais-conecemento-mellor-coidado-visita-a-hartmann-group\/\"><\/a>\r\n\t\t\t\t\t<\/div>\r\n\t\t\t\t<\/div>\r\n\t\t\t\t\t\t<div class=\"sina-bp-content\">\r\n\t\t\t\t\t\t\t\t\t<div class=\"sina-bp-cats\">\r\n\t\t\t\t\t\t<span class=\"sina-bp-icon\">\r\n\t\t\t\t\t\t\t<i class=\"fa fa-folder-open-o\"><\/i>\r\n\t\t\t\t\t\t<\/span>\r\n\t\t\t\t\t\t<a href=\"https:\/\/hestiahealth.es\/gl\/category\/hestia-health-gl\/\" rel=\"category tag\">Hestia Health<\/a>\t\t\t\t\t<\/div>\r\n\t\t\t\t\t\t\t\t<h2 class=\"sina-bp-title\">\r\n\t\t\t\t\t<a href=\"https:\/\/hestiahealth.es\/gl\/mais-conecemento-mellor-coidado-visita-a-hartmann-group\/\">M\u00e1is co\u00f1ecemento, mellor coidado: visita a HARTMANN Group<\/a>\r\n\t\t\t\t<\/h2>\r\n\t\t\t\t\r\n\t\t\t\t\t\t\t\t\t<div class=\"sina-bp-text\">\r\n\t\t\t\t\t\tRecentemente, un grupo de profesionais de enfermar\u00eda de Hestia Health tivo a oportunidade de visitar a planta de produci\u00f3n de&hellip;\t\t\t\t\t<\/div>\r\n\t\t\t\t\r\n\t\t\t\t\t\t\t\t\t<div class=\"sina-btn-wrapper\">\r\n\t\t\t\t\t\t<a href=\"https:\/\/hestiahealth.es\/gl\/mais-conecemento-mellor-coidado-visita-a-hartmann-group\/\" class=\"sina-read-more  \">\r\n\t\t\t\t\t\t\t\t\tContin\u00faa lendo\t\t\t\t\t<i class=\"fa fa-long-arrow-right sina-icon-right\"><\/i>\r\n\t\t\t\t\t\t\t\t\t<\/a>\r\n\t\t\t\t\t<\/div>\r\n\t\t\t\t\t\t\t\t\t\t\t<\/div>\r\n\t\t<\/div>\r\n\t<\/div>\r\n\t<div class=\"sina-bp-col sina-bp-item-3 \">\r\n\t\t<div class=\"sina-bp \">\r\n\t\t\t\t\t\t\t<div class=\"sina-bg-thumb\">\r\n\t\t\t\t\t<img decoding=\"async\" src=\"https:\/\/hestiahealth.es\/wp-content\/uploads\/2026\/03\/260323-Ulcera.png\" alt=\"Formaci\u00f3n especializada sobre a abordaxe de feridas cr\u00f3nicas en Hestia Health\">\r\n\t\t\t\t\t<div class=\"sina-overlay\">\r\n\t\t\t\t\t\t<a href=\"https:\/\/hestiahealth.es\/gl\/formacion-especializada-sobre-a-abordaxe-de-feridas-cronicas-en-hestia-health\/\"><\/a>\r\n\t\t\t\t\t<\/div>\r\n\t\t\t\t<\/div>\r\n\t\t\t\t\t\t<div class=\"sina-bp-content\">\r\n\t\t\t\t\t\t\t\t\t<div class=\"sina-bp-cats\">\r\n\t\t\t\t\t\t<span class=\"sina-bp-icon\">\r\n\t\t\t\t\t\t\t<i class=\"fa fa-folder-open-o\"><\/i>\r\n\t\t\t\t\t\t<\/span>\r\n\t\t\t\t\t\t<a href=\"https:\/\/hestiahealth.es\/gl\/category\/hestia-health-gl\/\" rel=\"category tag\">Hestia Health<\/a>\t\t\t\t\t<\/div>\r\n\t\t\t\t\t\t\t\t<h2 class=\"sina-bp-title\">\r\n\t\t\t\t\t<a href=\"https:\/\/hestiahealth.es\/gl\/formacion-especializada-sobre-a-abordaxe-de-feridas-cronicas-en-hestia-health\/\">Formaci\u00f3n especializada sobre a abordaxe de feridas cr\u00f3nicas en Hestia Health<\/a>\r\n\t\t\t\t<\/h2>\r\n\t\t\t\t\r\n\t\t\t\t\t\t\t\t\t<div class=\"sina-bp-text\">\r\n\t\t\t\t\t\tOs centros de Hestia Health acolleron recentemente unha sesi\u00f3n especializada, impartida por Urgo Medical, centrada no diagn\u00f3stico e tratamento da&hellip;\t\t\t\t\t<\/div>\r\n\t\t\t\t\r\n\t\t\t\t\t\t\t\t\t<div class=\"sina-btn-wrapper\">\r\n\t\t\t\t\t\t<a href=\"https:\/\/hestiahealth.es\/gl\/formacion-especializada-sobre-a-abordaxe-de-feridas-cronicas-en-hestia-health\/\" class=\"sina-read-more  \">\r\n\t\t\t\t\t\t\t\t\tContin\u00faa lendo\t\t\t\t\t<i class=\"fa fa-long-arrow-right sina-icon-right\"><\/i>\r\n\t\t\t\t\t\t\t\t\t<\/a>\r\n\t\t\t\t\t<\/div>\r\n\t\t\t\t\t\t\t\t\t\t\t<\/div>\r\n\t\t<\/div>\r\n\t<\/div>\r\n\t<div class=\"sina-bp-col sina-bp-item-3 \">\r\n\t\t<div class=\"sina-bp \">\r\n\t\t\t\t\t\t\t<div class=\"sina-bg-thumb\">\r\n\t\t\t\t\t<img decoding=\"async\" src=\"https:\/\/hestiahealth.es\/wp-content\/uploads\/2026\/03\/260309-HH-Palau-8M.png\" alt=\"Un mural colectivo polo 8M en Hestia Health Palau\">\r\n\t\t\t\t\t<div class=\"sina-overlay\">\r\n\t\t\t\t\t\t<a href=\"https:\/\/hestiahealth.es\/gl\/un-mural-colectivo-polo-8m-en-hestia-health-palau\/\"><\/a>\r\n\t\t\t\t\t<\/div>\r\n\t\t\t\t<\/div>\r\n\t\t\t\t\t\t<div class=\"sina-bp-content\">\r\n\t\t\t\t\t\t\t\t\t<div class=\"sina-bp-cats\">\r\n\t\t\t\t\t\t<span class=\"sina-bp-icon\">\r\n\t\t\t\t\t\t\t<i class=\"fa fa-folder-open-o\"><\/i>\r\n\t\t\t\t\t\t<\/span>\r\n\t\t\t\t\t\t<a href=\"https:\/\/hestiahealth.es\/gl\/category\/hestia-health-catalunya-gl\/\" rel=\"category tag\">Hestia Health Catalunya<\/a>\t\t\t\t\t<\/div>\r\n\t\t\t\t\t\t\t\t<h2 class=\"sina-bp-title\">\r\n\t\t\t\t\t<a href=\"https:\/\/hestiahealth.es\/gl\/un-mural-colectivo-polo-8m-en-hestia-health-palau\/\">Un mural colectivo polo 8M en Hestia Health Palau<\/a>\r\n\t\t\t\t<\/h2>\r\n\t\t\t\t\r\n\t\t\t\t\t\t\t\t\t<div class=\"sina-bp-text\">\r\n\t\t\t\t\t\tCon motivo do D\u00eda Internacional da Muller, o centro Hestia Health Palau impulsou unha iniciativa participativa promovida pola s\u00faa comisi\u00f3n&hellip;\t\t\t\t\t<\/div>\r\n\t\t\t\t\r\n\t\t\t\t\t\t\t\t\t<div class=\"sina-btn-wrapper\">\r\n\t\t\t\t\t\t<a href=\"https:\/\/hestiahealth.es\/gl\/un-mural-colectivo-polo-8m-en-hestia-health-palau\/\" class=\"sina-read-more  \">\r\n\t\t\t\t\t\t\t\t\tContin\u00faa lendo\t\t\t\t\t<i class=\"fa fa-long-arrow-right sina-icon-right\"><\/i>\r\n\t\t\t\t\t\t\t\t\t<\/a>\r\n\t\t\t\t\t<\/div>\r\n\t\t\t\t\t\t\t\t\t\t\t<\/div>\r\n\t\t<\/div>\r\n\t<\/div>\r\n\t<div class=\"sina-bp-col sina-bp-item-3 \">\r\n\t\t<div class=\"sina-bp \">\r\n\t\t\t\t\t\t\t<div class=\"sina-bg-thumb\">\r\n\t\t\t\t\t<img decoding=\"async\" src=\"https:\/\/hestiahealth.es\/wp-content\/uploads\/2026\/03\/260302-HH-Esquerdo-Teatro-Circo.png\" alt=\"Hestia Health Esquerdo participa na Semana da Maxia de Madrid\">\r\n\t\t\t\t\t<div class=\"sina-overlay\">\r\n\t\t\t\t\t\t<a href=\"https:\/\/hestiahealth.es\/gl\/hestia-health-esquerdo-participa-na-semana-da-maxia-de-madrid\/\"><\/a>\r\n\t\t\t\t\t<\/div>\r\n\t\t\t\t<\/div>\r\n\t\t\t\t\t\t<div class=\"sina-bp-content\">\r\n\t\t\t\t\t\t\t\t\t<div class=\"sina-bp-cats\">\r\n\t\t\t\t\t\t<span class=\"sina-bp-icon\">\r\n\t\t\t\t\t\t\t<i class=\"fa fa-folder-open-o\"><\/i>\r\n\t\t\t\t\t\t<\/span>\r\n\t\t\t\t\t\t<a href=\"https:\/\/hestiahealth.es\/gl\/category\/hestia-health-madrid-gl\/\" rel=\"category tag\">Hestia Health Madrid<\/a>\t\t\t\t\t<\/div>\r\n\t\t\t\t\t\t\t\t<h2 class=\"sina-bp-title\">\r\n\t\t\t\t\t<a href=\"https:\/\/hestiahealth.es\/gl\/hestia-health-esquerdo-participa-na-semana-da-maxia-de-madrid\/\">Hestia Health Esquerdo participa na Semana da Maxia de Madrid<\/a>\r\n\t\t\t\t<\/h2>\r\n\t\t\t\t\r\n\t\t\t\t\t\t\t\t\t<div class=\"sina-bp-text\">\r\n\t\t\t\t\t\tDurante a Semana da Maxia de Madrid, pacientes das Unidades de curta, media e longa estancia, as\u00ed como da UHTR&hellip;\t\t\t\t\t<\/div>\r\n\t\t\t\t\r\n\t\t\t\t\t\t\t\t\t<div class=\"sina-btn-wrapper\">\r\n\t\t\t\t\t\t<a href=\"https:\/\/hestiahealth.es\/gl\/hestia-health-esquerdo-participa-na-semana-da-maxia-de-madrid\/\" class=\"sina-read-more  \">\r\n\t\t\t\t\t\t\t\t\tContin\u00faa lendo\t\t\t\t\t<i class=\"fa fa-long-arrow-right sina-icon-right\"><\/i>\r\n\t\t\t\t\t\t\t\t\t<\/a>\r\n\t\t\t\t\t<\/div>\r\n\t\t\t\t\t\t\t\t\t\t\t<\/div>\r\n\t\t<\/div>\r\n\t<\/div>\r\n\t<div class=\"sina-bp-col sina-bp-item-3 \">\r\n\t\t<div class=\"sina-bp \">\r\n\t\t\t\t\t\t\t<div class=\"sina-bg-thumb\">\r\n\t\t\t\t\t<img decoding=\"async\" src=\"https:\/\/hestiahealth.es\/wp-content\/uploads\/2026\/02\/260211-HH-Coroleu-FCB-BLOG.png\" alt=\"Unha xornada cultural e participativa no Museo do F\u00fatbol Club Barcelona\">\r\n\t\t\t\t\t<div class=\"sina-overlay\">\r\n\t\t\t\t\t\t<a href=\"https:\/\/hestiahealth.es\/gl\/unha-xornada-cultural-e-participativa-no-museo-do-futbol-club-barcelona\/\"><\/a>\r\n\t\t\t\t\t<\/div>\r\n\t\t\t\t<\/div>\r\n\t\t\t\t\t\t<div class=\"sina-bp-content\">\r\n\t\t\t\t\t\t\t\t\t<div class=\"sina-bp-cats\">\r\n\t\t\t\t\t\t<span class=\"sina-bp-icon\">\r\n\t\t\t\t\t\t\t<i class=\"fa fa-folder-open-o\"><\/i>\r\n\t\t\t\t\t\t<\/span>\r\n\t\t\t\t\t\t<a href=\"https:\/\/hestiahealth.es\/gl\/category\/hestia-health-catalunya-gl\/\" rel=\"category tag\">Hestia Health Catalunya<\/a>\t\t\t\t\t<\/div>\r\n\t\t\t\t\t\t\t\t<h2 class=\"sina-bp-title\">\r\n\t\t\t\t\t<a href=\"https:\/\/hestiahealth.es\/gl\/unha-xornada-cultural-e-participativa-no-museo-do-futbol-club-barcelona\/\">Unha xornada cultural e participativa no Museo do F\u00fatbol Club Barcelona<\/a>\r\n\t\t\t\t<\/h2>\r\n\t\t\t\t\r\n\t\t\t\t\t\t\t\t\t<div class=\"sina-bp-text\">\r\n\t\t\t\t\t\tEn Hestia Health, entendemos que o coidado integral tam\u00e9n incl\u00fae espazos para compartir, descubrir e fortalecer v\u00ednculos f\u00f3ra do contorno&hellip;\t\t\t\t\t<\/div>\r\n\t\t\t\t\r\n\t\t\t\t\t\t\t\t\t<div class=\"sina-btn-wrapper\">\r\n\t\t\t\t\t\t<a href=\"https:\/\/hestiahealth.es\/gl\/unha-xornada-cultural-e-participativa-no-museo-do-futbol-club-barcelona\/\" class=\"sina-read-more  \">\r\n\t\t\t\t\t\t\t\t\tContin\u00faa lendo\t\t\t\t\t<i class=\"fa fa-long-arrow-right sina-icon-right\"><\/i>\r\n\t\t\t\t\t\t\t\t\t<\/a>\r\n\t\t\t\t\t<\/div>\r\n\t\t\t\t\t\t\t\t\t\t\t<\/div>\r\n\t\t<\/div>\r\n\t<\/div>\r\n\t\t\t\t\t\t\t\t\t\t\t\t\t\t<\/div>\r\n\r\n\t\t\t\t\r\n\t\t\t\t\t\t\t\t\t<div class=\"sina-bp-pagination\">\r\n\t\t\t\t\t\t<a aria-current=\"page\" class=\"page-numbers current\">1<\/a>\n<a class=\"page-numbers\" href=\"https:\/\/hestiahealth.es\/gl\/wp-json\/wp\/v2\/pages\/3887\/page\/2\/\">2<\/a>\n<a class=\"page-numbers\" href=\"https:\/\/hestiahealth.es\/gl\/wp-json\/wp\/v2\/pages\/3887\/page\/3\/\">3<\/a>\n<a class=\"page-numbers dots\">&hellip;<\/a>\n<a class=\"page-numbers\" href=\"https:\/\/hestiahealth.es\/gl\/wp-json\/wp\/v2\/pages\/3887\/page\/8\/\">8<\/a>\t\t\t\t\t<\/div>\r\n\t\t\t\t\t\t\t\t<input type=\"hidden\" id=\"sina_load_more_posts5d2a684\" name=\"sina_load_more_posts5d2a684\" value=\"c8b8ac25ca\" \/><input type=\"hidden\" name=\"_wp_http_referer\" value=\"\/gl\/wp-json\/wp\/v2\/pages\/3887\" \/>\t\t\t<\/div><!-- .sina-blogpost -->\r\n\t\t\t\t\t\t\t<\/div>\n\t\t\t\t<\/div>\n\t\t\t\t<div class=\"elementor-element elementor-element-fb89cb6 elementor-align-center elementor-widget elementor-widget-button\" data-id=\"fb89cb6\" data-element_type=\"widget\" data-widget_type=\"button.default\">\n\t\t\t\t<div class=\"elementor-widget-container\">\n\t\t\t\t\t\t\t\t\t<div class=\"elementor-button-wrapper\">\n\t\t\t\t\t<a class=\"elementor-button elementor-button-link elementor-size-sm\" href=\"\/gl\/comunicacion\/\">\n\t\t\t\t\t\t<span class=\"elementor-button-content-wrapper\">\n\t\t\t\t\t\t\t\t\t<span class=\"elementor-button-text\">M\u00e1is artigos<\/span>\n\t\t\t\t\t<\/span>\n\t\t\t\t\t<\/a>\n\t\t\t\t<\/div>\n\t\t\t\t\t\t\t\t<\/div>\n\t\t\t\t<\/div>\n\t\t\t\t\t<\/div>\n\t\t<\/div>\n\t\t\t\t\t<\/div>\n\t\t<\/section>\n\t\t\t\t<\/div>\n\t\t","protected":false},"excerpt":{"rendered":"<p>Novas Hestia Health A t\u00faa sa\u00fade, a nosa actualidade. O noso compromiso non se det\u00e9n. Sen categorizar O Grupo MEDIAN abre o prazo de participaci\u00f3n para o concurso IDEA O Grupo MEDIAN lanza IDEA, un concurso a nivel europeo dese\u00f1ado para fomentar as propostas dos profesionais dos seus centros.&hellip; Contin\u00faa lendo Hestia Health Catalunya Participaci\u00f3n [&hellip;]<\/p>\n","protected":false},"author":1,"featured_media":0,"parent":0,"menu_order":0,"comment_status":"closed","ping_status":"closed","template":"","meta":{"footnotes":""},"class_list":["post-3887","page","type-page","status-publish","hentry"],"yoast_head":"<!-- This site is optimized with the Yoast SEO plugin v26.6 - https:\/\/yoast.com\/wordpress\/plugins\/seo\/ -->\n<title>Comunicaci\u00f3n e novas | Hestia Health<\/title>\n<meta name=\"description\" content=\"Segue as novas, eventos e iniciativas de Hestia Health e MEDIAN Group. Co\u00f1ece proxectos, congresos e fomento da innovaci\u00f3n asistencial.\" \/>\n<meta name=\"robots\" content=\"index, follow, max-snippet:-1, max-image-preview:large, max-video-preview:-1\" \/>\n<link rel=\"canonical\" href=\"https:\/\/hestiahealth.es\/gl\/comunicacion\/\" \/>\n<meta property=\"og:locale\" content=\"gl_ES\" \/>\n<meta property=\"og:type\" content=\"article\" \/>\n<meta property=\"og:title\" content=\"Comunicaci\u00f3n e novas | Hestia Health\" \/>\n<meta property=\"og:description\" content=\"Segue as novas, eventos e iniciativas de Hestia Health e MEDIAN Group. Co\u00f1ece proxectos, congresos e fomento da innovaci\u00f3n asistencial.\" \/>\n<meta property=\"og:url\" content=\"https:\/\/hestiahealth.es\/gl\/comunicacion\/\" \/>\n<meta property=\"og:site_name\" content=\"Hestia Health\" \/>\n<meta property=\"article:modified_time\" content=\"2025-09-24T08:11:26+00:00\" \/>\n<meta name=\"twitter:card\" content=\"summary_large_image\" \/>\n<meta name=\"twitter:label1\" content=\"Tempo de lectura\" \/>\n\t<meta name=\"twitter:data1\" content=\"3 minutos\" \/>\n<script type=\"application\/ld+json\" class=\"yoast-schema-graph\">{\"@context\":\"https:\/\/schema.org\",\"@graph\":[{\"@type\":\"WebPage\",\"@id\":\"https:\/\/hestiahealth.es\/gl\/comunicacion\/\",\"url\":\"https:\/\/hestiahealth.es\/gl\/comunicacion\/\",\"name\":\"Comunicaci\u00f3n e novas | Hestia Health\",\"isPartOf\":{\"@id\":\"https:\/\/hestiahealth.es\/gl\/#website\"},\"primaryImageOfPage\":{\"@id\":\"https:\/\/hestiahealth.es\/gl\/comunicacion\/#primaryimage\"},\"image\":{\"@id\":\"https:\/\/hestiahealth.es\/gl\/comunicacion\/#primaryimage\"},\"thumbnailUrl\":\"https:\/\/hestiahealth.es\/wp-content\/uploads\/2025\/05\/favicon.svg\",\"datePublished\":\"2025-06-07T20:54:57+00:00\",\"dateModified\":\"2025-09-24T08:11:26+00:00\",\"description\":\"Segue as novas, eventos e iniciativas de Hestia Health e MEDIAN Group. Co\u00f1ece proxectos, congresos e fomento da innovaci\u00f3n asistencial.\",\"breadcrumb\":{\"@id\":\"https:\/\/hestiahealth.es\/gl\/comunicacion\/#breadcrumb\"},\"inLanguage\":\"gl-ES\",\"potentialAction\":[{\"@type\":\"ReadAction\",\"target\":[\"https:\/\/hestiahealth.es\/gl\/comunicacion\/\"]}]},{\"@type\":\"ImageObject\",\"inLanguage\":\"gl-ES\",\"@id\":\"https:\/\/hestiahealth.es\/gl\/comunicacion\/#primaryimage\",\"url\":\"https:\/\/hestiahealth.es\/wp-content\/uploads\/2025\/05\/favicon.svg\",\"contentUrl\":\"https:\/\/hestiahealth.es\/wp-content\/uploads\/2025\/05\/favicon.svg\"},{\"@type\":\"BreadcrumbList\",\"@id\":\"https:\/\/hestiahealth.es\/gl\/comunicacion\/#breadcrumb\",\"itemListElement\":[{\"@type\":\"ListItem\",\"position\":1,\"name\":\"Portada\",\"item\":\"https:\/\/hestiahealth.es\/gl\/\"},{\"@type\":\"ListItem\",\"position\":2,\"name\":\"Comunicaci\u00f3n\"}]},{\"@type\":\"WebSite\",\"@id\":\"https:\/\/hestiahealth.es\/gl\/#website\",\"url\":\"https:\/\/hestiahealth.es\/gl\/\",\"name\":\"Hestia Health\",\"description\":\"\",\"publisher\":{\"@id\":\"https:\/\/hestiahealth.es\/gl\/#organization\"},\"potentialAction\":[{\"@type\":\"SearchAction\",\"target\":{\"@type\":\"EntryPoint\",\"urlTemplate\":\"https:\/\/hestiahealth.es\/gl\/?s={search_term_string}\"},\"query-input\":{\"@type\":\"PropertyValueSpecification\",\"valueRequired\":true,\"valueName\":\"search_term_string\"}}],\"inLanguage\":\"gl-ES\"},{\"@type\":\"Organization\",\"@id\":\"https:\/\/hestiahealth.es\/gl\/#organization\",\"name\":\"Hestia Health\",\"url\":\"https:\/\/hestiahealth.es\/gl\/\",\"logo\":{\"@type\":\"ImageObject\",\"inLanguage\":\"gl-ES\",\"@id\":\"https:\/\/hestiahealth.es\/gl\/#\/schema\/logo\/image\/\",\"url\":\"https:\/\/hestiahealth.es\/wp-content\/uploads\/2025\/06\/Logo_Hestia.svg\",\"contentUrl\":\"https:\/\/hestiahealth.es\/wp-content\/uploads\/2025\/06\/Logo_Hestia.svg\",\"width\":201,\"height\":70,\"caption\":\"Hestia Health\"},\"image\":{\"@id\":\"https:\/\/hestiahealth.es\/gl\/#\/schema\/logo\/image\/\"},\"sameAs\":[\"https:\/\/www.linkedin.com\/company\/hestiahealth\/\"]}]}<\/script>\n<!-- \/ Yoast SEO plugin. -->","yoast_head_json":{"title":"Comunicaci\u00f3n e novas | Hestia Health","description":"Segue as novas, eventos e iniciativas de Hestia Health e MEDIAN Group. Co\u00f1ece proxectos, congresos e fomento da innovaci\u00f3n asistencial.","robots":{"index":"index","follow":"follow","max-snippet":"max-snippet:-1","max-image-preview":"max-image-preview:large","max-video-preview":"max-video-preview:-1"},"canonical":"https:\/\/hestiahealth.es\/gl\/comunicacion\/","og_locale":"gl_ES","og_type":"article","og_title":"Comunicaci\u00f3n e novas | Hestia Health","og_description":"Segue as novas, eventos e iniciativas de Hestia Health e MEDIAN Group. Co\u00f1ece proxectos, congresos e fomento da innovaci\u00f3n asistencial.","og_url":"https:\/\/hestiahealth.es\/gl\/comunicacion\/","og_site_name":"Hestia Health","article_modified_time":"2025-09-24T08:11:26+00:00","twitter_card":"summary_large_image","twitter_misc":{"Tempo de lectura":"3 minutos"},"schema":{"@context":"https:\/\/schema.org","@graph":[{"@type":"WebPage","@id":"https:\/\/hestiahealth.es\/gl\/comunicacion\/","url":"https:\/\/hestiahealth.es\/gl\/comunicacion\/","name":"Comunicaci\u00f3n e novas | Hestia Health","isPartOf":{"@id":"https:\/\/hestiahealth.es\/gl\/#website"},"primaryImageOfPage":{"@id":"https:\/\/hestiahealth.es\/gl\/comunicacion\/#primaryimage"},"image":{"@id":"https:\/\/hestiahealth.es\/gl\/comunicacion\/#primaryimage"},"thumbnailUrl":"https:\/\/hestiahealth.es\/wp-content\/uploads\/2025\/05\/favicon.svg","datePublished":"2025-06-07T20:54:57+00:00","dateModified":"2025-09-24T08:11:26+00:00","description":"Segue as novas, eventos e iniciativas de Hestia Health e MEDIAN Group. Co\u00f1ece proxectos, congresos e fomento da innovaci\u00f3n asistencial.","breadcrumb":{"@id":"https:\/\/hestiahealth.es\/gl\/comunicacion\/#breadcrumb"},"inLanguage":"gl-ES","potentialAction":[{"@type":"ReadAction","target":["https:\/\/hestiahealth.es\/gl\/comunicacion\/"]}]},{"@type":"ImageObject","inLanguage":"gl-ES","@id":"https:\/\/hestiahealth.es\/gl\/comunicacion\/#primaryimage","url":"https:\/\/hestiahealth.es\/wp-content\/uploads\/2025\/05\/favicon.svg","contentUrl":"https:\/\/hestiahealth.es\/wp-content\/uploads\/2025\/05\/favicon.svg"},{"@type":"BreadcrumbList","@id":"https:\/\/hestiahealth.es\/gl\/comunicacion\/#breadcrumb","itemListElement":[{"@type":"ListItem","position":1,"name":"Portada","item":"https:\/\/hestiahealth.es\/gl\/"},{"@type":"ListItem","position":2,"name":"Comunicaci\u00f3n"}]},{"@type":"WebSite","@id":"https:\/\/hestiahealth.es\/gl\/#website","url":"https:\/\/hestiahealth.es\/gl\/","name":"Hestia Health","description":"","publisher":{"@id":"https:\/\/hestiahealth.es\/gl\/#organization"},"potentialAction":[{"@type":"SearchAction","target":{"@type":"EntryPoint","urlTemplate":"https:\/\/hestiahealth.es\/gl\/?s={search_term_string}"},"query-input":{"@type":"PropertyValueSpecification","valueRequired":true,"valueName":"search_term_string"}}],"inLanguage":"gl-ES"},{"@type":"Organization","@id":"https:\/\/hestiahealth.es\/gl\/#organization","name":"Hestia Health","url":"https:\/\/hestiahealth.es\/gl\/","logo":{"@type":"ImageObject","inLanguage":"gl-ES","@id":"https:\/\/hestiahealth.es\/gl\/#\/schema\/logo\/image\/","url":"https:\/\/hestiahealth.es\/wp-content\/uploads\/2025\/06\/Logo_Hestia.svg","contentUrl":"https:\/\/hestiahealth.es\/wp-content\/uploads\/2025\/06\/Logo_Hestia.svg","width":201,"height":70,"caption":"Hestia Health"},"image":{"@id":"https:\/\/hestiahealth.es\/gl\/#\/schema\/logo\/image\/"},"sameAs":["https:\/\/www.linkedin.com\/company\/hestiahealth\/"]}]}},"_links":{"self":[{"href":"https:\/\/hestiahealth.es\/gl\/wp-json\/wp\/v2\/pages\/3887","targetHints":{"allow":["GET"]}}],"collection":[{"href":"https:\/\/hestiahealth.es\/gl\/wp-json\/wp\/v2\/pages"}],"about":[{"href":"https:\/\/hestiahealth.es\/gl\/wp-json\/wp\/v2\/types\/page"}],"author":[{"embeddable":true,"href":"https:\/\/hestiahealth.es\/gl\/wp-json\/wp\/v2\/users\/1"}],"replies":[{"embeddable":true,"href":"https:\/\/hestiahealth.es\/gl\/wp-json\/wp\/v2\/comments?post=3887"}],"version-history":[{"count":10,"href":"https:\/\/hestiahealth.es\/gl\/wp-json\/wp\/v2\/pages\/3887\/revisions"}],"predecessor-version":[{"id":4936,"href":"https:\/\/hestiahealth.es\/gl\/wp-json\/wp\/v2\/pages\/3887\/revisions\/4936"}],"wp:attachment":[{"href":"https:\/\/hestiahealth.es\/gl\/wp-json\/wp\/v2\/media?parent=3887"}],"curies":[{"name":"wp","href":"https:\/\/api.w.org\/{rel}","templated":true}]}}