{"id":3889,"date":"2025-05-30T21:39:59","date_gmt":"2025-05-30T19:39:59","guid":{"rendered":"https:\/\/hestiahealth.es\/trabaja-con-nosotros\/"},"modified":"2025-08-29T14:09:25","modified_gmt":"2025-08-29T12:09:25","slug":"traballa-con-nos","status":"publish","type":"page","link":"https:\/\/hestiahealth.es\/gl\/traballa-con-nos\/","title":{"rendered":"Traballa con N\u00f3s"},"content":{"rendered":"\t\t<div data-elementor-type=\"wp-page\" data-elementor-id=\"3889\" class=\"elementor elementor-3889 elementor-519\" data-elementor-post-type=\"page\">\n\t\t\t\t\t\t<section class=\"elementor-section elementor-top-section elementor-element elementor-element-fbc83a8 elementor-section-boxed elementor-section-height-default elementor-section-height-default\" data-id=\"fbc83a8\" data-element_type=\"section\">\n\t\t\t\t\t\t<div class=\"elementor-container elementor-column-gap-no\">\n\t\t\t\t\t<div class=\"elementor-column elementor-col-100 elementor-top-column elementor-element elementor-element-3b35ac0\" data-id=\"3b35ac0\" data-element_type=\"column\">\n\t\t\t<div class=\"elementor-widget-wrap elementor-element-populated\">\n\t\t\t\t\t\t<div class=\"elementor-element elementor-element-f55c72d elementor-hidden-mobile elementor-widget elementor-widget-image\" data-id=\"f55c72d\" data-element_type=\"widget\" data-widget_type=\"image.default\">\n\t\t\t\t<div class=\"elementor-widget-container\">\n\t\t\t\t\t\t\t\t\t\t\t\t\t\t\t<img fetchpriority=\"high\" decoding=\"async\" width=\"2560\" height=\"1080\" src=\"https:\/\/hestiahealth.es\/wp-content\/uploads\/2025\/06\/img-7-2.webp\" class=\"attachment-full size-full wp-image-3030\" alt=\"\" srcset=\"https:\/\/hestiahealth.es\/wp-content\/uploads\/2025\/06\/img-7-2.webp 2560w, https:\/\/hestiahealth.es\/wp-content\/uploads\/2025\/06\/img-7-2-300x127.webp 300w, https:\/\/hestiahealth.es\/wp-content\/uploads\/2025\/06\/img-7-2-1024x432.webp 1024w, https:\/\/hestiahealth.es\/wp-content\/uploads\/2025\/06\/img-7-2-768x324.webp 768w, https:\/\/hestiahealth.es\/wp-content\/uploads\/2025\/06\/img-7-2-1536x648.webp 1536w, https:\/\/hestiahealth.es\/wp-content\/uploads\/2025\/06\/img-7-2-2048x864.webp 2048w\" sizes=\"(max-width: 2560px) 100vw, 2560px\" \/>\t\t\t\t\t\t\t\t\t\t\t\t\t\t\t<\/div>\n\t\t\t\t<\/div>\n\t\t\t\t<div class=\"elementor-element elementor-element-fede58d elementor-hidden-desktop elementor-hidden-tablet elementor-widget elementor-widget-image\" data-id=\"fede58d\" data-element_type=\"widget\" data-widget_type=\"image.default\">\n\t\t\t\t<div class=\"elementor-widget-container\">\n\t\t\t\t\t\t\t\t\t\t\t\t\t\t\t<img decoding=\"async\" width=\"1080\" height=\"1080\" src=\"https:\/\/hestiahealth.es\/wp-content\/uploads\/2025\/06\/banner-trabaja-movil.webp\" class=\"attachment-full size-full wp-image-3032\" alt=\"\" srcset=\"https:\/\/hestiahealth.es\/wp-content\/uploads\/2025\/06\/banner-trabaja-movil.webp 1080w, https:\/\/hestiahealth.es\/wp-content\/uploads\/2025\/06\/banner-trabaja-movil-300x300.webp 300w, https:\/\/hestiahealth.es\/wp-content\/uploads\/2025\/06\/banner-trabaja-movil-1024x1024.webp 1024w, https:\/\/hestiahealth.es\/wp-content\/uploads\/2025\/06\/banner-trabaja-movil-150x150.webp 150w, https:\/\/hestiahealth.es\/wp-content\/uploads\/2025\/06\/banner-trabaja-movil-768x768.webp 768w\" sizes=\"(max-width: 1080px) 100vw, 1080px\" \/>\t\t\t\t\t\t\t\t\t\t\t\t\t\t\t<\/div>\n\t\t\t\t<\/div>\n\t\t\t\t<div class=\"elementor-element elementor-element-38056c0 elementor-widget__width-auto elementor-widget elementor-widget-heading\" data-id=\"38056c0\" data-element_type=\"widget\" data-widget_type=\"heading.default\">\n\t\t\t\t<div class=\"elementor-widget-container\">\n\t\t\t\t\t<h2 class=\"elementor-heading-title elementor-size-default\">A t\u00faa vocaci\u00f3n<br>merece un<br>lugar onde<br>medrar.<\/h2>\t\t\t\t<\/div>\n\t\t\t\t<\/div>\n\t\t\t\t\t<\/div>\n\t\t<\/div>\n\t\t\t\t\t<\/div>\n\t\t<\/section>\n\t\t\t\t<section class=\"elementor-section elementor-top-section elementor-element elementor-element-75b03ed elementor-section-boxed elementor-section-height-default elementor-section-height-default\" data-id=\"75b03ed\" data-element_type=\"section\" data-settings=\"{&quot;background_background&quot;:&quot;classic&quot;}\">\n\t\t\t\t\t\t<div class=\"elementor-container elementor-column-gap-no\">\n\t\t\t\t\t<div class=\"elementor-column elementor-col-100 elementor-top-column elementor-element elementor-element-ba58523\" data-id=\"ba58523\" data-element_type=\"column\" data-settings=\"{&quot;background_background&quot;:&quot;classic&quot;}\">\n\t\t\t<div class=\"elementor-widget-wrap elementor-element-populated\">\n\t\t\t\t\t\t<div class=\"elementor-element elementor-element-2c1e367 elementor-widget elementor-widget-text-editor\" data-id=\"2c1e367\" data-element_type=\"widget\" data-widget_type=\"text-editor.default\">\n\t\t\t\t<div class=\"elementor-widget-container\">\n\t\t\t\t\t\t\t\t\t<p>En <strong>Hestia Health<\/strong> atopar\u00e1s un entorno onde desenvolver a t\u00faa vocaci\u00f3n, medrar profesionalmente e formar parte dun equipo comprometido cunha atenci\u00f3n de calidade.<\/p>\t\t\t\t\t\t\t\t<\/div>\n\t\t\t\t<\/div>\n\t\t\t\t<div class=\"elementor-element elementor-element-ec3434d elementor-button-align-start elementor-widget elementor-widget-form\" data-id=\"ec3434d\" data-element_type=\"widget\" data-settings=\"{&quot;button_width&quot;:&quot;20&quot;,&quot;step_next_label&quot;:&quot;Next&quot;,&quot;step_previous_label&quot;:&quot;Previous&quot;,&quot;step_type&quot;:&quot;number_text&quot;,&quot;step_icon_shape&quot;:&quot;circle&quot;}\" data-widget_type=\"form.default\">\n\t\t\t\t<div class=\"elementor-widget-container\">\n\t\t\t\t\t\t\t<form class=\"elementor-form\" method=\"post\" name=\"Formulario trabaja con nosotros\" aria-label=\"Formulario trabaja con nosotros\">\n\t\t\t<input type=\"hidden\" name=\"post_id\" value=\"3889\"\/>\n\t\t\t<input type=\"hidden\" name=\"form_id\" value=\"ec3434d\"\/>\n\t\t\t<input type=\"hidden\" name=\"referer_title\" value=\"Traballa con n\u00f3s en Hestia Health \u2013 Cresce profesionalmente\" \/>\n\n\t\t\t\t\t\t\t<input type=\"hidden\" name=\"queried_id\" value=\"3889\"\/>\n\t\t\t\n\t\t\t<div class=\"elementor-form-fields-wrapper elementor-labels-above\">\n\t\t\t\t\t\t\t\t<div class=\"elementor-field-type-text elementor-field-group elementor-column elementor-field-group-name elementor-col-100 elementor-field-required elementor-mark-required\">\n\t\t\t\t\t\t\t\t\t\t\t\t<label for=\"form-field-name\" class=\"elementor-field-label\">\n\t\t\t\t\t\t\t\tNome\t\t\t\t\t\t\t<\/label>\n\t\t\t\t\t\t\t\t\t\t\t\t\t\t<input size=\"1\" type=\"text\" name=\"form_fields[name]\" id=\"form-field-name\" class=\"elementor-field elementor-size-md  elementor-field-textual\" required=\"required\">\n\t\t\t\t\t\t\t\t\t\t\t<\/div>\n\t\t\t\t\t\t\t\t<div class=\"elementor-field-type-email elementor-field-group elementor-column elementor-field-group-email elementor-col-100 elementor-field-required elementor-mark-required\">\n\t\t\t\t\t\t\t\t\t\t\t\t<label for=\"form-field-email\" class=\"elementor-field-label\">\n\t\t\t\t\t\t\t\tCorreo electr\u00f3nico\t\t\t\t\t\t\t<\/label>\n\t\t\t\t\t\t\t\t\t\t\t\t\t\t<input size=\"1\" type=\"email\" name=\"form_fields[email]\" id=\"form-field-email\" class=\"elementor-field elementor-size-md  elementor-field-textual\" required=\"required\">\n\t\t\t\t\t\t\t\t\t\t\t<\/div>\n\t\t\t\t\t\t\t\t<div class=\"elementor-field-type-text elementor-field-group elementor-column elementor-field-group-field_e76d702 elementor-col-100 elementor-field-required elementor-mark-required\">\n\t\t\t\t\t\t\t\t\t\t\t\t<label for=\"form-field-field_e76d702\" class=\"elementor-field-label\">\n\t\t\t\t\t\t\t\tPosto de traballo\t\t\t\t\t\t\t<\/label>\n\t\t\t\t\t\t\t\t\t\t\t\t\t\t<input size=\"1\" type=\"text\" name=\"form_fields[field_e76d702]\" id=\"form-field-field_e76d702\" class=\"elementor-field elementor-size-md  elementor-field-textual\" required=\"required\">\n\t\t\t\t\t\t\t\t\t\t\t<\/div>\n\t\t\t\t\t\t\t\t<div class=\"elementor-field-type-text elementor-field-group elementor-column elementor-field-group-field_7230d87 elementor-col-100 elementor-field-required elementor-mark-required\">\n\t\t\t\t\t\t\t\t\t\t\t\t<label for=\"form-field-field_7230d87\" class=\"elementor-field-label\">\n\t\t\t\t\t\t\t\tPoboaci\u00f3n\t\t\t\t\t\t\t<\/label>\n\t\t\t\t\t\t\t\t\t\t\t\t\t\t<input size=\"1\" type=\"text\" name=\"form_fields[field_7230d87]\" id=\"form-field-field_7230d87\" class=\"elementor-field elementor-size-md  elementor-field-textual\" required=\"required\">\n\t\t\t\t\t\t\t\t\t\t\t<\/div>\n\t\t\t\t\t\t\t\t<div class=\"elementor-field-type-upload elementor-field-group elementor-column elementor-field-group-field_3e0141f elementor-col-100 elementor-field-required elementor-mark-required\">\n\t\t\t\t\t\t\t\t\t\t\t\t<label for=\"form-field-field_3e0141f\" class=\"elementor-field-label\">\n\t\t\t\t\t\t\t\tAchegar curr\u00edculo\t\t\t\t\t\t\t<\/label>\n\t\t\t\t\t\t\t\t<input type=\"file\" name=\"form_fields[field_3e0141f]\" id=\"form-field-field_3e0141f\" class=\"elementor-field elementor-size-md  elementor-upload-field\" required=\"required\">\n\n\t\t\t\t\t\t<\/div>\n\t\t\t\t\t\t\t\t<div class=\"elementor-field-type-acceptance elementor-field-group elementor-column elementor-field-group-field_dd9d79d elementor-col-100\">\n\t\t\t\t\t\t\t<div class=\"elementor-field-subgroup\">\n\t\t\t<span class=\"elementor-field-option\">\n\t\t\t\t<input type=\"checkbox\" name=\"form_fields[field_dd9d79d]\" id=\"form-field-field_dd9d79d\" class=\"elementor-field elementor-size-md  elementor-acceptance-field\">\n\t\t\t\t<label for=\"form-field-field_dd9d79d\">Lin e acepto o <a href=\"https:\/\/hestiahealth.es\/aviso-legal\/\" target=\"_blank\" rel=\"noopener noreferrer\">aviso legal<\/a> e a <a href=\"https:\/\/hestiahealth.es\/politica-privacidade\/\" target=\"_blank\" rel=\"noopener noreferrer\">pol\u00edtica de privacidad<\/a>.\n<\/label>\t\t\t<\/span>\n\t\t<\/div>\n\t\t\t\t\t\t<\/div>\n\t\t\t\t\t\t\t\t<div class=\"elementor-field-type-recaptcha_v3 elementor-field-group elementor-column elementor-field-group-field_0f7031b elementor-col-100 recaptcha_v3-bottomright\">\n\t\t\t\t\t<div class=\"elementor-field\" id=\"form-field-field_0f7031b\"><div class=\"elementor-g-recaptcha\" data-sitekey=\"6Ldi4mcrAAAAAKF7AfUKv9baY0zYJei-K9DskCUa\" data-type=\"v3\" data-action=\"Form\" data-badge=\"bottomright\" data-size=\"invisible\"><\/div><\/div>\t\t\t\t<\/div>\n\t\t\t\t\t\t\t\t<div class=\"elementor-field-group elementor-column elementor-field-type-submit elementor-col-20 e-form__buttons\">\n\t\t\t\t\t<button class=\"elementor-button elementor-size-md\" type=\"submit\">\n\t\t\t\t\t\t<span class=\"elementor-button-content-wrapper\">\n\t\t\t\t\t\t\t\t\t\t\t\t\t\t\t\t\t\t\t\t\t\t<span class=\"elementor-button-text\">Enviar<\/span>\n\t\t\t\t\t\t\t\t\t\t\t\t\t<\/span>\n\t\t\t\t\t<\/button>\n\t\t\t\t<\/div>\n\t\t\t<\/div>\n\t\t<\/form>\n\t\t\t\t\t\t<\/div>\n\t\t\t\t<\/div>\n\t\t\t\t\t<\/div>\n\t\t<\/div>\n\t\t\t\t\t<\/div>\n\t\t<\/section>\n\t\t\t\t<\/div>\n\t\t","protected":false},"excerpt":{"rendered":"<p>A t\u00faa vocaci\u00f3nmerece unlugar ondemedrar. En Hestia Health atopar\u00e1s un entorno onde desenvolver a t\u00faa vocaci\u00f3n, medrar profesionalmente e formar parte dun equipo comprometido cunha atenci\u00f3n de calidade.<\/p>\n","protected":false},"author":1,"featured_media":0,"parent":0,"menu_order":0,"comment_status":"closed","ping_status":"closed","template":"","meta":{"footnotes":""},"class_list":["post-3889","page","type-page","status-publish","hentry"],"yoast_head":"<!-- This site is optimized with the Yoast SEO plugin v26.6 - https:\/\/yoast.com\/wordpress\/plugins\/seo\/ -->\n<title>Traballa con n\u00f3s en Hestia Health \u2013 Cresce profesionalmente<\/title>\n<meta name=\"description\" content=\"\u00danete a un equipo comprometido coa atenci\u00f3n de calidade. Desenvolvemento profesional, vocaci\u00f3n sanitaria e contorno humano. Env\u00eda o teu CV e s\u00e9 parte de Hestia Health.\" \/>\n<meta name=\"robots\" content=\"index, follow, max-snippet:-1, max-image-preview:large, max-video-preview:-1\" \/>\n<link rel=\"canonical\" href=\"https:\/\/hestiahealth.es\/gl\/traballa-con-nos\/\" \/>\n<meta property=\"og:locale\" content=\"gl_ES\" \/>\n<meta property=\"og:type\" content=\"article\" \/>\n<meta property=\"og:title\" content=\"Traballa con n\u00f3s en Hestia Health \u2013 Cresce profesionalmente\" \/>\n<meta property=\"og:description\" content=\"\u00danete a un equipo comprometido coa atenci\u00f3n de calidade. Desenvolvemento profesional, vocaci\u00f3n sanitaria e contorno humano. Env\u00eda o teu CV e s\u00e9 parte de Hestia Health.\" \/>\n<meta property=\"og:url\" content=\"https:\/\/hestiahealth.es\/gl\/traballa-con-nos\/\" \/>\n<meta property=\"og:site_name\" content=\"Hestia Health\" \/>\n<meta property=\"article:modified_time\" content=\"2025-08-29T12:09:25+00:00\" \/>\n<meta property=\"og:image\" content=\"https:\/\/hestiahealth.es\/wp-content\/uploads\/2025\/06\/img-7-2.webp\" \/>\n\t<meta property=\"og:image:width\" content=\"2560\" \/>\n\t<meta property=\"og:image:height\" content=\"1080\" \/>\n\t<meta property=\"og:image:type\" content=\"image\/webp\" \/>\n<meta name=\"twitter:card\" content=\"summary_large_image\" \/>\n<meta name=\"twitter:label1\" content=\"Tempo de lectura\" \/>\n\t<meta name=\"twitter:data1\" content=\"1 minuto\" \/>\n<script type=\"application\/ld+json\" class=\"yoast-schema-graph\">{\"@context\":\"https:\/\/schema.org\",\"@graph\":[{\"@type\":\"WebPage\",\"@id\":\"https:\/\/hestiahealth.es\/gl\/traballa-con-nos\/\",\"url\":\"https:\/\/hestiahealth.es\/gl\/traballa-con-nos\/\",\"name\":\"Traballa con n\u00f3s en Hestia Health \u2013 Cresce profesionalmente\",\"isPartOf\":{\"@id\":\"https:\/\/hestiahealth.es\/gl\/#website\"},\"primaryImageOfPage\":{\"@id\":\"https:\/\/hestiahealth.es\/gl\/traballa-con-nos\/#primaryimage\"},\"image\":{\"@id\":\"https:\/\/hestiahealth.es\/gl\/traballa-con-nos\/#primaryimage\"},\"thumbnailUrl\":\"https:\/\/hestiahealth.es\/wp-content\/uploads\/2025\/06\/img-7-2.webp\",\"datePublished\":\"2025-05-30T19:39:59+00:00\",\"dateModified\":\"2025-08-29T12:09:25+00:00\",\"description\":\"\u00danete a un equipo comprometido coa atenci\u00f3n de calidade. Desenvolvemento profesional, vocaci\u00f3n sanitaria e contorno humano. Env\u00eda o teu CV e s\u00e9 parte de Hestia Health.\",\"breadcrumb\":{\"@id\":\"https:\/\/hestiahealth.es\/gl\/traballa-con-nos\/#breadcrumb\"},\"inLanguage\":\"gl-ES\",\"potentialAction\":[{\"@type\":\"ReadAction\",\"target\":[\"https:\/\/hestiahealth.es\/gl\/traballa-con-nos\/\"]}]},{\"@type\":\"ImageObject\",\"inLanguage\":\"gl-ES\",\"@id\":\"https:\/\/hestiahealth.es\/gl\/traballa-con-nos\/#primaryimage\",\"url\":\"https:\/\/hestiahealth.es\/wp-content\/uploads\/2025\/06\/img-7-2.webp\",\"contentUrl\":\"https:\/\/hestiahealth.es\/wp-content\/uploads\/2025\/06\/img-7-2.webp\"},{\"@type\":\"BreadcrumbList\",\"@id\":\"https:\/\/hestiahealth.es\/gl\/traballa-con-nos\/#breadcrumb\",\"itemListElement\":[{\"@type\":\"ListItem\",\"position\":1,\"name\":\"Portada\",\"item\":\"https:\/\/hestiahealth.es\/gl\/\"},{\"@type\":\"ListItem\",\"position\":2,\"name\":\"Traballa con N\u00f3s\"}]},{\"@type\":\"WebSite\",\"@id\":\"https:\/\/hestiahealth.es\/gl\/#website\",\"url\":\"https:\/\/hestiahealth.es\/gl\/\",\"name\":\"Hestia Health\",\"description\":\"\",\"publisher\":{\"@id\":\"https:\/\/hestiahealth.es\/gl\/#organization\"},\"potentialAction\":[{\"@type\":\"SearchAction\",\"target\":{\"@type\":\"EntryPoint\",\"urlTemplate\":\"https:\/\/hestiahealth.es\/gl\/?s={search_term_string}\"},\"query-input\":{\"@type\":\"PropertyValueSpecification\",\"valueRequired\":true,\"valueName\":\"search_term_string\"}}],\"inLanguage\":\"gl-ES\"},{\"@type\":\"Organization\",\"@id\":\"https:\/\/hestiahealth.es\/gl\/#organization\",\"name\":\"Hestia Health\",\"url\":\"https:\/\/hestiahealth.es\/gl\/\",\"logo\":{\"@type\":\"ImageObject\",\"inLanguage\":\"gl-ES\",\"@id\":\"https:\/\/hestiahealth.es\/gl\/#\/schema\/logo\/image\/\",\"url\":\"https:\/\/hestiahealth.es\/wp-content\/uploads\/2025\/06\/Logo_Hestia.svg\",\"contentUrl\":\"https:\/\/hestiahealth.es\/wp-content\/uploads\/2025\/06\/Logo_Hestia.svg\",\"width\":201,\"height\":70,\"caption\":\"Hestia Health\"},\"image\":{\"@id\":\"https:\/\/hestiahealth.es\/gl\/#\/schema\/logo\/image\/\"},\"sameAs\":[\"https:\/\/www.linkedin.com\/company\/hestiahealth\/\"]}]}<\/script>\n<!-- \/ Yoast SEO plugin. -->","yoast_head_json":{"title":"Traballa con n\u00f3s en Hestia Health \u2013 Cresce profesionalmente","description":"\u00danete a un equipo comprometido coa atenci\u00f3n de calidade. Desenvolvemento profesional, vocaci\u00f3n sanitaria e contorno humano. Env\u00eda o teu CV e s\u00e9 parte de Hestia Health.","robots":{"index":"index","follow":"follow","max-snippet":"max-snippet:-1","max-image-preview":"max-image-preview:large","max-video-preview":"max-video-preview:-1"},"canonical":"https:\/\/hestiahealth.es\/gl\/traballa-con-nos\/","og_locale":"gl_ES","og_type":"article","og_title":"Traballa con n\u00f3s en Hestia Health \u2013 Cresce profesionalmente","og_description":"\u00danete a un equipo comprometido coa atenci\u00f3n de calidade. Desenvolvemento profesional, vocaci\u00f3n sanitaria e contorno humano. Env\u00eda o teu CV e s\u00e9 parte de Hestia Health.","og_url":"https:\/\/hestiahealth.es\/gl\/traballa-con-nos\/","og_site_name":"Hestia Health","article_modified_time":"2025-08-29T12:09:25+00:00","og_image":[{"width":2560,"height":1080,"url":"https:\/\/hestiahealth.es\/wp-content\/uploads\/2025\/06\/img-7-2.webp","type":"image\/webp"}],"twitter_card":"summary_large_image","twitter_misc":{"Tempo de lectura":"1 minuto"},"schema":{"@context":"https:\/\/schema.org","@graph":[{"@type":"WebPage","@id":"https:\/\/hestiahealth.es\/gl\/traballa-con-nos\/","url":"https:\/\/hestiahealth.es\/gl\/traballa-con-nos\/","name":"Traballa con n\u00f3s en Hestia Health \u2013 Cresce profesionalmente","isPartOf":{"@id":"https:\/\/hestiahealth.es\/gl\/#website"},"primaryImageOfPage":{"@id":"https:\/\/hestiahealth.es\/gl\/traballa-con-nos\/#primaryimage"},"image":{"@id":"https:\/\/hestiahealth.es\/gl\/traballa-con-nos\/#primaryimage"},"thumbnailUrl":"https:\/\/hestiahealth.es\/wp-content\/uploads\/2025\/06\/img-7-2.webp","datePublished":"2025-05-30T19:39:59+00:00","dateModified":"2025-08-29T12:09:25+00:00","description":"\u00danete a un equipo comprometido coa atenci\u00f3n de calidade. Desenvolvemento profesional, vocaci\u00f3n sanitaria e contorno humano. Env\u00eda o teu CV e s\u00e9 parte de Hestia Health.","breadcrumb":{"@id":"https:\/\/hestiahealth.es\/gl\/traballa-con-nos\/#breadcrumb"},"inLanguage":"gl-ES","potentialAction":[{"@type":"ReadAction","target":["https:\/\/hestiahealth.es\/gl\/traballa-con-nos\/"]}]},{"@type":"ImageObject","inLanguage":"gl-ES","@id":"https:\/\/hestiahealth.es\/gl\/traballa-con-nos\/#primaryimage","url":"https:\/\/hestiahealth.es\/wp-content\/uploads\/2025\/06\/img-7-2.webp","contentUrl":"https:\/\/hestiahealth.es\/wp-content\/uploads\/2025\/06\/img-7-2.webp"},{"@type":"BreadcrumbList","@id":"https:\/\/hestiahealth.es\/gl\/traballa-con-nos\/#breadcrumb","itemListElement":[{"@type":"ListItem","position":1,"name":"Portada","item":"https:\/\/hestiahealth.es\/gl\/"},{"@type":"ListItem","position":2,"name":"Traballa con N\u00f3s"}]},{"@type":"WebSite","@id":"https:\/\/hestiahealth.es\/gl\/#website","url":"https:\/\/hestiahealth.es\/gl\/","name":"Hestia Health","description":"","publisher":{"@id":"https:\/\/hestiahealth.es\/gl\/#organization"},"potentialAction":[{"@type":"SearchAction","target":{"@type":"EntryPoint","urlTemplate":"https:\/\/hestiahealth.es\/gl\/?s={search_term_string}"},"query-input":{"@type":"PropertyValueSpecification","valueRequired":true,"valueName":"search_term_string"}}],"inLanguage":"gl-ES"},{"@type":"Organization","@id":"https:\/\/hestiahealth.es\/gl\/#organization","name":"Hestia Health","url":"https:\/\/hestiahealth.es\/gl\/","logo":{"@type":"ImageObject","inLanguage":"gl-ES","@id":"https:\/\/hestiahealth.es\/gl\/#\/schema\/logo\/image\/","url":"https:\/\/hestiahealth.es\/wp-content\/uploads\/2025\/06\/Logo_Hestia.svg","contentUrl":"https:\/\/hestiahealth.es\/wp-content\/uploads\/2025\/06\/Logo_Hestia.svg","width":201,"height":70,"caption":"Hestia Health"},"image":{"@id":"https:\/\/hestiahealth.es\/gl\/#\/schema\/logo\/image\/"},"sameAs":["https:\/\/www.linkedin.com\/company\/hestiahealth\/"]}]}},"_links":{"self":[{"href":"https:\/\/hestiahealth.es\/gl\/wp-json\/wp\/v2\/pages\/3889","targetHints":{"allow":["GET"]}}],"collection":[{"href":"https:\/\/hestiahealth.es\/gl\/wp-json\/wp\/v2\/pages"}],"about":[{"href":"https:\/\/hestiahealth.es\/gl\/wp-json\/wp\/v2\/types\/page"}],"author":[{"embeddable":true,"href":"https:\/\/hestiahealth.es\/gl\/wp-json\/wp\/v2\/users\/1"}],"replies":[{"embeddable":true,"href":"https:\/\/hestiahealth.es\/gl\/wp-json\/wp\/v2\/comments?post=3889"}],"version-history":[{"count":23,"href":"https:\/\/hestiahealth.es\/gl\/wp-json\/wp\/v2\/pages\/3889\/revisions"}],"predecessor-version":[{"id":4805,"href":"https:\/\/hestiahealth.es\/gl\/wp-json\/wp\/v2\/pages\/3889\/revisions\/4805"}],"wp:attachment":[{"href":"https:\/\/hestiahealth.es\/gl\/wp-json\/wp\/v2\/media?parent=3889"}],"curies":[{"name":"wp","href":"https:\/\/api.w.org\/{rel}","templated":true}]}}