{"id":4338,"date":"2025-06-10T17:00:17","date_gmt":"2025-06-10T15:00:17","guid":{"rendered":"https:\/\/hestiahealth.es\/aviso-legal\/"},"modified":"2025-07-25T19:02:46","modified_gmt":"2025-07-25T17:02:46","slug":"aviso-legal","status":"publish","type":"page","link":"https:\/\/hestiahealth.es\/gl\/aviso-legal\/","title":{"rendered":"Aviso Legal"},"content":{"rendered":"\t\t<div data-elementor-type=\"wp-page\" data-elementor-id=\"4338\" class=\"elementor elementor-4338 elementor-2618\" data-elementor-post-type=\"page\">\n\t\t\t\t\t\t<section class=\"elementor-section elementor-top-section elementor-element elementor-element-db2684a elementor-section-boxed elementor-section-height-default elementor-section-height-default\" data-id=\"db2684a\" data-element_type=\"section\">\n\t\t\t\t\t\t<div class=\"elementor-container elementor-column-gap-no\">\n\t\t\t\t\t<div class=\"elementor-column elementor-col-100 elementor-top-column elementor-element elementor-element-9d7c19f\" data-id=\"9d7c19f\" data-element_type=\"column\">\n\t\t\t<div class=\"elementor-widget-wrap elementor-element-populated\">\n\t\t\t\t\t\t<div class=\"elementor-element elementor-element-b776b49 elementor-widget elementor-widget-heading\" data-id=\"b776b49\" data-element_type=\"widget\" data-widget_type=\"heading.default\">\n\t\t\t\t<div class=\"elementor-widget-container\">\n\t\t\t\t\t<h2 class=\"elementor-heading-title elementor-size-default\">AVISO LEGAL<\/h2>\t\t\t\t<\/div>\n\t\t\t\t<\/div>\n\t\t\t\t<div class=\"elementor-element elementor-element-d2c7178 elementor-widget elementor-widget-text-editor\" data-id=\"d2c7178\" data-element_type=\"widget\" data-widget_type=\"text-editor.default\">\n\t\t\t\t<div class=\"elementor-widget-container\">\n\t\t\t\t\t\t\t\t\t<p>HESTIA ALLIANCE, S.L. ten a s\u00faa sede na Praza Karl Marx, 1, 08035 BARCELONA, e figura inscrita no Rexistro Mercantil de Barcelona, no tomo 31.365, folla 58, folla n\u00famero B-187421, inscrici\u00f3n 1\u00aa, co N\u00famero de Identificaci\u00f3n Fiscal B-61866323.<br \/>HESTIA HEALTH \u00e9 a titular do dominio de internet <a href=\"http:\/\/www.hestiahealth.es\"><strong>www.hestiahealth.es<\/strong><\/a>. O uso desta p\u00e1xina web outorga a condici\u00f3n de usuario e implica a aceptaci\u00f3n sen reservas das disposici\u00f3ns inclu\u00eddas neste aviso legal no momento en que o usuario accede \u00e1 web.<\/p><p>O usuario comprom\u00e9tese a utilizar a p\u00e1xina web, os seus contidos e servizos de conformidade coa lei, este aviso legal, as instruci\u00f3ns e normas de uso, as\u00ed como coa moral, os bos costumes xeralmente aceptados e a orde p\u00fablica. Neste mesmo sentido, o usuario absterase de utilizar calquera informaci\u00f3n contida na web con fins il\u00edcitos, prohibidos ou prexudiciais para os dereitos e intereses de terceiros.<\/p><p>A p\u00e1xina web pode ser visitada libremente polos usuarios, sendo da s\u00faa responsabilidade o uso da informaci\u00f3n que cont\u00e9n.<br \/>HESTIA HEALTH non garante a dispo\u00f1ibilidade permanente dos contidos da web e queda exenta de calquera tipo de responsabilidade polos danos e prexu\u00edzos causados pola indispo\u00f1ibilidade do servizo. Res\u00e9rvase o dereito de actualizar os contidos da p\u00e1xina web, eliminalos, as\u00ed como limitar ou impedir o acceso, xa sexa temporal ou definitivamente, sen aviso previo.<\/p><p>A reproduci\u00f3n, copia \u2014total ou parcial\u2014, distribuci\u00f3n, comercializaci\u00f3n, comunicaci\u00f3n p\u00fablica ou calquera outra actividade que se poida levar a cabo cos contidos e informaci\u00f3n desta p\u00e1xina web deber\u00e1 contar co consentimento expreso de HESTIA HEALTH. O incumprimento desta obriga pode considerarse unha infracci\u00f3n sancionada pola lexislaci\u00f3n vixente.<\/p><p>HESTIA HEALTH rexeita calquera responsabilidade sobre a informaci\u00f3n contida en p\u00e1xinas web non elaboradas baixo a s\u00faa tutela e, especialmente, sobre os contidos das posibles ligaz\u00f3ns publicadas na s\u00faa p\u00e1xina web.<br \/>HESTIA HEALTH queda exenta de responsabilidade polos danos e prexu\u00edzos de calquera natureza que poidan derivarse da captaci\u00f3n e uso, por parte de terceiros, das informaci\u00f3ns, publicidade e opini\u00f3ns facilitadas polos usuarios da p\u00e1xina web, e non se fai responsable en ning\u00fan caso dos contidos, informaci\u00f3ns ou imaxes que non dependan do sitio web nin sexan xestionados por este.<\/p><p>Os contidos da web est\u00e1n suxeitos a dereitos de propiedade intelectual e industrial e son titularidade exclusiva de HESTIA HEALTH ou das persoas f\u00edsicas ou xur\u00eddicas que a compo\u00f1en. A adquisici\u00f3n da condici\u00f3n de usuario non lle concede a este ning\u00fan dereito de alteraci\u00f3n, explotaci\u00f3n, reproduci\u00f3n, distribuci\u00f3n ou comunicaci\u00f3n p\u00fablica sobre os contidos, e HESTIA HEALTH res\u00e9rvase todos estes dereitos. A propiedade intelectual comprende, ademais dos contidos inclu\u00eddos en <a href=\"http:\/\/www.hestiahealth.es\"><strong>www.hestiahealth.es<\/strong><\/a>, os seus logotipos, dese\u00f1os, imaxes e o c\u00f3digo fonte utilizado para a s\u00faa programaci\u00f3n.<\/p>\t\t\t\t\t\t\t\t<\/div>\n\t\t\t\t<\/div>\n\t\t\t\t\t<\/div>\n\t\t<\/div>\n\t\t\t\t\t<\/div>\n\t\t<\/section>\n\t\t\t\t<\/div>\n\t\t","protected":false},"excerpt":{"rendered":"<p>AVISO LEGAL HESTIA ALLIANCE, S.L. ten a s\u00faa sede na Praza Karl Marx, 1, 08035 BARCELONA, e figura inscrita no Rexistro Mercantil de Barcelona, no tomo 31.365, folla 58, folla n\u00famero B-187421, inscrici\u00f3n 1\u00aa, co N\u00famero de Identificaci\u00f3n Fiscal B-61866323.HESTIA HEALTH \u00e9 a titular do dominio de internet www.hestiahealth.es. O uso desta p\u00e1xina web outorga [&hellip;]<\/p>\n","protected":false},"author":1,"featured_media":0,"parent":0,"menu_order":0,"comment_status":"closed","ping_status":"closed","template":"","meta":{"footnotes":""},"class_list":["post-4338","page","type-page","status-publish","hentry"],"yoast_head":"<!-- This site is optimized with the Yoast SEO plugin v26.6 - https:\/\/yoast.com\/wordpress\/plugins\/seo\/ -->\n<title>Aviso Legal - Hestia Health<\/title>\n<meta name=\"robots\" content=\"index, follow, max-snippet:-1, max-image-preview:large, max-video-preview:-1\" \/>\n<link rel=\"canonical\" href=\"https:\/\/hestiahealth.es\/gl\/aviso-legal\/\" \/>\n<meta property=\"og:locale\" content=\"gl_ES\" \/>\n<meta property=\"og:type\" content=\"article\" \/>\n<meta property=\"og:title\" content=\"Aviso Legal - Hestia Health\" \/>\n<meta property=\"og:description\" content=\"AVISO LEGAL HESTIA ALLIANCE, S.L. ten a s\u00faa sede na Praza Karl Marx, 1, 08035 BARCELONA, e figura inscrita no Rexistro Mercantil de Barcelona, no tomo 31.365, folla 58, folla n\u00famero B-187421, inscrici\u00f3n 1\u00aa, co N\u00famero de Identificaci\u00f3n Fiscal B-61866323.HESTIA HEALTH \u00e9 a titular do dominio de internet www.hestiahealth.es. O uso desta p\u00e1xina web outorga [&hellip;]\" \/>\n<meta property=\"og:url\" content=\"https:\/\/hestiahealth.es\/gl\/aviso-legal\/\" \/>\n<meta property=\"og:site_name\" content=\"Hestia Health\" \/>\n<meta property=\"article:modified_time\" content=\"2025-07-25T17:02:46+00:00\" \/>\n<meta name=\"twitter:card\" content=\"summary_large_image\" \/>\n<meta name=\"twitter:label1\" content=\"Tempo de lectura\" \/>\n\t<meta name=\"twitter:data1\" content=\"3 minutos\" \/>\n<script type=\"application\/ld+json\" class=\"yoast-schema-graph\">{\"@context\":\"https:\/\/schema.org\",\"@graph\":[{\"@type\":\"WebPage\",\"@id\":\"https:\/\/hestiahealth.es\/gl\/aviso-legal\/\",\"url\":\"https:\/\/hestiahealth.es\/gl\/aviso-legal\/\",\"name\":\"Aviso Legal - Hestia Health\",\"isPartOf\":{\"@id\":\"https:\/\/hestiahealth.es\/gl\/#website\"},\"datePublished\":\"2025-06-10T15:00:17+00:00\",\"dateModified\":\"2025-07-25T17:02:46+00:00\",\"breadcrumb\":{\"@id\":\"https:\/\/hestiahealth.es\/gl\/aviso-legal\/#breadcrumb\"},\"inLanguage\":\"gl-ES\",\"potentialAction\":[{\"@type\":\"ReadAction\",\"target\":[\"https:\/\/hestiahealth.es\/gl\/aviso-legal\/\"]}]},{\"@type\":\"BreadcrumbList\",\"@id\":\"https:\/\/hestiahealth.es\/gl\/aviso-legal\/#breadcrumb\",\"itemListElement\":[{\"@type\":\"ListItem\",\"position\":1,\"name\":\"Portada\",\"item\":\"https:\/\/hestiahealth.es\/gl\/\"},{\"@type\":\"ListItem\",\"position\":2,\"name\":\"Aviso Legal\"}]},{\"@type\":\"WebSite\",\"@id\":\"https:\/\/hestiahealth.es\/gl\/#website\",\"url\":\"https:\/\/hestiahealth.es\/gl\/\",\"name\":\"Hestia Health\",\"description\":\"\",\"publisher\":{\"@id\":\"https:\/\/hestiahealth.es\/gl\/#organization\"},\"potentialAction\":[{\"@type\":\"SearchAction\",\"target\":{\"@type\":\"EntryPoint\",\"urlTemplate\":\"https:\/\/hestiahealth.es\/gl\/?s={search_term_string}\"},\"query-input\":{\"@type\":\"PropertyValueSpecification\",\"valueRequired\":true,\"valueName\":\"search_term_string\"}}],\"inLanguage\":\"gl-ES\"},{\"@type\":\"Organization\",\"@id\":\"https:\/\/hestiahealth.es\/gl\/#organization\",\"name\":\"Hestia Health\",\"url\":\"https:\/\/hestiahealth.es\/gl\/\",\"logo\":{\"@type\":\"ImageObject\",\"inLanguage\":\"gl-ES\",\"@id\":\"https:\/\/hestiahealth.es\/gl\/#\/schema\/logo\/image\/\",\"url\":\"https:\/\/hestiahealth.es\/wp-content\/uploads\/2025\/06\/Logo_Hestia.svg\",\"contentUrl\":\"https:\/\/hestiahealth.es\/wp-content\/uploads\/2025\/06\/Logo_Hestia.svg\",\"width\":201,\"height\":70,\"caption\":\"Hestia Health\"},\"image\":{\"@id\":\"https:\/\/hestiahealth.es\/gl\/#\/schema\/logo\/image\/\"},\"sameAs\":[\"https:\/\/www.linkedin.com\/company\/hestiahealth\/\"]}]}<\/script>\n<!-- \/ Yoast SEO plugin. -->","yoast_head_json":{"title":"Aviso Legal - Hestia Health","robots":{"index":"index","follow":"follow","max-snippet":"max-snippet:-1","max-image-preview":"max-image-preview:large","max-video-preview":"max-video-preview:-1"},"canonical":"https:\/\/hestiahealth.es\/gl\/aviso-legal\/","og_locale":"gl_ES","og_type":"article","og_title":"Aviso Legal - Hestia Health","og_description":"AVISO LEGAL HESTIA ALLIANCE, S.L. ten a s\u00faa sede na Praza Karl Marx, 1, 08035 BARCELONA, e figura inscrita no Rexistro Mercantil de Barcelona, no tomo 31.365, folla 58, folla n\u00famero B-187421, inscrici\u00f3n 1\u00aa, co N\u00famero de Identificaci\u00f3n Fiscal B-61866323.HESTIA HEALTH \u00e9 a titular do dominio de internet www.hestiahealth.es. O uso desta p\u00e1xina web outorga [&hellip;]","og_url":"https:\/\/hestiahealth.es\/gl\/aviso-legal\/","og_site_name":"Hestia Health","article_modified_time":"2025-07-25T17:02:46+00:00","twitter_card":"summary_large_image","twitter_misc":{"Tempo de lectura":"3 minutos"},"schema":{"@context":"https:\/\/schema.org","@graph":[{"@type":"WebPage","@id":"https:\/\/hestiahealth.es\/gl\/aviso-legal\/","url":"https:\/\/hestiahealth.es\/gl\/aviso-legal\/","name":"Aviso Legal - Hestia Health","isPartOf":{"@id":"https:\/\/hestiahealth.es\/gl\/#website"},"datePublished":"2025-06-10T15:00:17+00:00","dateModified":"2025-07-25T17:02:46+00:00","breadcrumb":{"@id":"https:\/\/hestiahealth.es\/gl\/aviso-legal\/#breadcrumb"},"inLanguage":"gl-ES","potentialAction":[{"@type":"ReadAction","target":["https:\/\/hestiahealth.es\/gl\/aviso-legal\/"]}]},{"@type":"BreadcrumbList","@id":"https:\/\/hestiahealth.es\/gl\/aviso-legal\/#breadcrumb","itemListElement":[{"@type":"ListItem","position":1,"name":"Portada","item":"https:\/\/hestiahealth.es\/gl\/"},{"@type":"ListItem","position":2,"name":"Aviso Legal"}]},{"@type":"WebSite","@id":"https:\/\/hestiahealth.es\/gl\/#website","url":"https:\/\/hestiahealth.es\/gl\/","name":"Hestia Health","description":"","publisher":{"@id":"https:\/\/hestiahealth.es\/gl\/#organization"},"potentialAction":[{"@type":"SearchAction","target":{"@type":"EntryPoint","urlTemplate":"https:\/\/hestiahealth.es\/gl\/?s={search_term_string}"},"query-input":{"@type":"PropertyValueSpecification","valueRequired":true,"valueName":"search_term_string"}}],"inLanguage":"gl-ES"},{"@type":"Organization","@id":"https:\/\/hestiahealth.es\/gl\/#organization","name":"Hestia Health","url":"https:\/\/hestiahealth.es\/gl\/","logo":{"@type":"ImageObject","inLanguage":"gl-ES","@id":"https:\/\/hestiahealth.es\/gl\/#\/schema\/logo\/image\/","url":"https:\/\/hestiahealth.es\/wp-content\/uploads\/2025\/06\/Logo_Hestia.svg","contentUrl":"https:\/\/hestiahealth.es\/wp-content\/uploads\/2025\/06\/Logo_Hestia.svg","width":201,"height":70,"caption":"Hestia Health"},"image":{"@id":"https:\/\/hestiahealth.es\/gl\/#\/schema\/logo\/image\/"},"sameAs":["https:\/\/www.linkedin.com\/company\/hestiahealth\/"]}]}},"_links":{"self":[{"href":"https:\/\/hestiahealth.es\/gl\/wp-json\/wp\/v2\/pages\/4338","targetHints":{"allow":["GET"]}}],"collection":[{"href":"https:\/\/hestiahealth.es\/gl\/wp-json\/wp\/v2\/pages"}],"about":[{"href":"https:\/\/hestiahealth.es\/gl\/wp-json\/wp\/v2\/types\/page"}],"author":[{"embeddable":true,"href":"https:\/\/hestiahealth.es\/gl\/wp-json\/wp\/v2\/users\/1"}],"replies":[{"embeddable":true,"href":"https:\/\/hestiahealth.es\/gl\/wp-json\/wp\/v2\/comments?post=4338"}],"version-history":[{"count":6,"href":"https:\/\/hestiahealth.es\/gl\/wp-json\/wp\/v2\/pages\/4338\/revisions"}],"predecessor-version":[{"id":4672,"href":"https:\/\/hestiahealth.es\/gl\/wp-json\/wp\/v2\/pages\/4338\/revisions\/4672"}],"wp:attachment":[{"href":"https:\/\/hestiahealth.es\/gl\/wp-json\/wp\/v2\/media?parent=4338"}],"curies":[{"name":"wp","href":"https:\/\/api.w.org\/{rel}","templated":true}]}}