{"id":4346,"date":"2025-06-10T17:04:58","date_gmt":"2025-06-10T15:04:58","guid":{"rendered":"https:\/\/hestiahealth.es\/politica-de-cookies\/"},"modified":"2025-07-25T19:01:53","modified_gmt":"2025-07-25T17:01:53","slug":"cookies","status":"publish","type":"page","link":"https:\/\/hestiahealth.es\/gl\/cookies\/","title":{"rendered":"Pol\u00edtica de cookies"},"content":{"rendered":"\t\t<div data-elementor-type=\"wp-page\" data-elementor-id=\"4346\" class=\"elementor elementor-4346 elementor-2627\" data-elementor-post-type=\"page\">\n\t\t\t\t\t\t<section class=\"elementor-section elementor-top-section elementor-element elementor-element-db2684a elementor-section-boxed elementor-section-height-default elementor-section-height-default\" data-id=\"db2684a\" data-element_type=\"section\">\n\t\t\t\t\t\t<div class=\"elementor-container elementor-column-gap-no\">\n\t\t\t\t\t<div class=\"elementor-column elementor-col-100 elementor-top-column elementor-element elementor-element-9d7c19f\" data-id=\"9d7c19f\" data-element_type=\"column\">\n\t\t\t<div class=\"elementor-widget-wrap elementor-element-populated\">\n\t\t\t\t\t\t<div class=\"elementor-element elementor-element-b776b49 elementor-widget elementor-widget-heading\" data-id=\"b776b49\" data-element_type=\"widget\" data-widget_type=\"heading.default\">\n\t\t\t\t<div class=\"elementor-widget-container\">\n\t\t\t\t\t<h2 class=\"elementor-heading-title elementor-size-default\">POL\u00cdTICA DE COOKIES<\/h2>\t\t\t\t<\/div>\n\t\t\t\t<\/div>\n\t\t\t\t<div class=\"elementor-element elementor-element-d2c7178 elementor-widget elementor-widget-text-editor\" data-id=\"d2c7178\" data-element_type=\"widget\" data-widget_type=\"text-editor.default\">\n\t\t\t\t<div class=\"elementor-widget-container\">\n\t\t\t\t\t\t\t\t\t<p><strong>Definici\u00f3n e funci\u00f3n das cookies<\/strong><br \/>Unha cookie \u00e9 un ficheiro que se descarga no seu ordenador\/tableta\/smartphone ao acceder a determinadas p\u00e1xinas web. As cookies permiten a unha p\u00e1xina web, entre outras cousas, almacenar e recuperar informaci\u00f3n sobre os h\u00e1bitos de navegaci\u00f3n dun usuario ou do seu dispositivo.<\/p><p><strong>Cookies que utilizamos<\/strong><br \/>\u2022 <strong>Cookies t\u00e9cnicas<\/strong>: Son aquelas que permiten xestionar a sesi\u00f3n, o rexistro e a solicitude de informaci\u00f3n dende os distintos formularios da aplicaci\u00f3n, controlar a comunicaci\u00f3n de datos e a utilizaci\u00f3n dos servizos. A s\u00faa finalidade \u00e9 prestar os servizos solicitados polo usuario de acordo cos termos da pol\u00edtica de cookies e coa normativa vixente.<br \/>\u2022 <strong>Cookies de an\u00e1lise<\/strong>: Son aquelas que, tratadas por n\u00f3s ou por terceiros (Google Analytics, Adobe Analytics ou outros), nos permiten cuantificar o n\u00famero de visitas a p\u00e1xinas e secci\u00f3ns, sitios previamente visitados, navegadores utilizados e tempo de navegaci\u00f3n. A s\u00faa finalidade \u00e9 a elaboraci\u00f3n de informes estat\u00edsticos sobre o tr\u00e1fico do sitio web e a s\u00faa usabilidade.<br \/>\u2022 <strong>Cookies de configuraci\u00f3n<\/strong>: Son aquelas que permiten adaptar ao usuario funci\u00f3ns do sitio web como o idioma ou a presentaci\u00f3n de contidos. A s\u00faa finalidade \u00e9 mellorar e adecuar o uso do sitio ao perfil de cada usuario.<br \/>\u2022 <strong>Cookies publicitarias<\/strong>: Son aquelas que nos permiten xestionar as preferencias do usuario, a interacci\u00f3n co sitio web, a localizaci\u00f3n xeogr\u00e1fica, as p\u00e1xinas visitadas, o interese polos produtos, o sistema operativo, o IP e o tipo de navegador. A s\u00faa finalidade \u00e9 personalizar as acci\u00f3ns publicitarias para cada usuario.<\/p><p><strong>Administraci\u00f3n das cookies<\/strong><br \/>En calquera momento, o usuario pode desactivar, eliminar ou bloquear as cookies que se te\u00f1an instalado previamente mediante a configuraci\u00f3n do seu navegador. Os navegadores m\u00e1is utilizados como Internet Explorer, Google Chrome, Mozilla Firefox e Safari permiten desactivar, bloquear ou eliminar as cookies. Atopar\u00e1 informaci\u00f3n na documentaci\u00f3n de cada un deles:<br \/>\u2022 Chrome: <a href=\"http:\/\/support.google.com\/chrome\/bin\/answer.py?hl=es&amp;answer=95647\">http:\/\/support.google.com\/chrome\/bin\/answer.py?hl=es&amp;answer=95647<\/a><br \/>\u2022 Explorer: <a href=\"http:\/\/windows.microsoft.com\/es-es\/windows7\/how-to-manage-cookies-in-internet-explorer-9\">http:\/\/windows.microsoft.com\/es-es\/windows7\/how-to-manage-cookies-in-internet-explorer-9<\/a><br \/>\u2022 Firefox: <a href=\"http:\/\/support.mozilla.org\/es\/kb\/habilitar-y-deshabilitar-cookies-que-los-sitios-we\">http:\/\/support.mozilla.org\/es\/kb\/habilitar-y-deshabilitar-cookies-que-los-sitios-we<\/a><br \/>\u2022 Safari: <a href=\"http:\/\/support.apple.com\/kb\/ph5042\">http:\/\/support.apple.com\/kb\/ph5042<\/a><\/p><p><strong>HESTIA HEALTH<\/strong> non se fai responsable da pol\u00edtica de privacidade de terceiros, nin dos posibles cambios nas funcionalidades nin da documentaci\u00f3n das ligaz\u00f3ns inclu\u00eddas na informaci\u00f3n dos navegadores. Se vostede, como usuario, ten algunha d\u00fabida sobre a informaci\u00f3n que aqu\u00ed lle facilitamos, pode enviarnos a s\u00faa consulta a trav\u00e9s do formulario de contacto indicando no apartado de mensaxe: \u00abCONSULTA COOKIES\u00bb.<\/p>\t\t\t\t\t\t\t\t<\/div>\n\t\t\t\t<\/div>\n\t\t\t\t\t<\/div>\n\t\t<\/div>\n\t\t\t\t\t<\/div>\n\t\t<\/section>\n\t\t\t\t<\/div>\n\t\t","protected":false},"excerpt":{"rendered":"<p>POL\u00cdTICA DE COOKIES Definici\u00f3n e funci\u00f3n das cookiesUnha cookie \u00e9 un ficheiro que se descarga no seu ordenador\/tableta\/smartphone ao acceder a determinadas p\u00e1xinas web. As cookies permiten a unha p\u00e1xina web, entre outras cousas, almacenar e recuperar informaci\u00f3n sobre os h\u00e1bitos de navegaci\u00f3n dun usuario ou do seu dispositivo. Cookies que utilizamos\u2022 Cookies t\u00e9cnicas: Son [&hellip;]<\/p>\n","protected":false},"author":1,"featured_media":0,"parent":0,"menu_order":0,"comment_status":"closed","ping_status":"closed","template":"","meta":{"footnotes":""},"class_list":["post-4346","page","type-page","status-publish","hentry"],"yoast_head":"<!-- This site is optimized with the Yoast SEO plugin v26.6 - https:\/\/yoast.com\/wordpress\/plugins\/seo\/ -->\n<title>Pol\u00edtica de cookies - Hestia Health<\/title>\n<meta name=\"robots\" content=\"index, follow, max-snippet:-1, max-image-preview:large, max-video-preview:-1\" \/>\n<link rel=\"canonical\" href=\"https:\/\/hestiahealth.es\/gl\/cookies\/\" \/>\n<meta property=\"og:locale\" content=\"gl_ES\" \/>\n<meta property=\"og:type\" content=\"article\" \/>\n<meta property=\"og:title\" content=\"Pol\u00edtica de cookies - Hestia Health\" \/>\n<meta property=\"og:description\" content=\"POL\u00cdTICA DE COOKIES Definici\u00f3n e funci\u00f3n das cookiesUnha cookie \u00e9 un ficheiro que se descarga no seu ordenador\/tableta\/smartphone ao acceder a determinadas p\u00e1xinas web. As cookies permiten a unha p\u00e1xina web, entre outras cousas, almacenar e recuperar informaci\u00f3n sobre os h\u00e1bitos de navegaci\u00f3n dun usuario ou do seu dispositivo. Cookies que utilizamos\u2022 Cookies t\u00e9cnicas: Son [&hellip;]\" \/>\n<meta property=\"og:url\" content=\"https:\/\/hestiahealth.es\/gl\/cookies\/\" \/>\n<meta property=\"og:site_name\" content=\"Hestia Health\" \/>\n<meta property=\"article:modified_time\" content=\"2025-07-25T17:01:53+00:00\" \/>\n<meta name=\"twitter:card\" content=\"summary_large_image\" \/>\n<meta name=\"twitter:label1\" content=\"Tempo de lectura\" \/>\n\t<meta name=\"twitter:data1\" content=\"3 minutos\" \/>\n<script type=\"application\/ld+json\" class=\"yoast-schema-graph\">{\"@context\":\"https:\/\/schema.org\",\"@graph\":[{\"@type\":\"WebPage\",\"@id\":\"https:\/\/hestiahealth.es\/gl\/cookies\/\",\"url\":\"https:\/\/hestiahealth.es\/gl\/cookies\/\",\"name\":\"Pol\u00edtica de cookies - Hestia Health\",\"isPartOf\":{\"@id\":\"https:\/\/hestiahealth.es\/gl\/#website\"},\"datePublished\":\"2025-06-10T15:04:58+00:00\",\"dateModified\":\"2025-07-25T17:01:53+00:00\",\"breadcrumb\":{\"@id\":\"https:\/\/hestiahealth.es\/gl\/cookies\/#breadcrumb\"},\"inLanguage\":\"gl-ES\",\"potentialAction\":[{\"@type\":\"ReadAction\",\"target\":[\"https:\/\/hestiahealth.es\/gl\/cookies\/\"]}]},{\"@type\":\"BreadcrumbList\",\"@id\":\"https:\/\/hestiahealth.es\/gl\/cookies\/#breadcrumb\",\"itemListElement\":[{\"@type\":\"ListItem\",\"position\":1,\"name\":\"Portada\",\"item\":\"https:\/\/hestiahealth.es\/gl\/\"},{\"@type\":\"ListItem\",\"position\":2,\"name\":\"Pol\u00edtica de cookies\"}]},{\"@type\":\"WebSite\",\"@id\":\"https:\/\/hestiahealth.es\/gl\/#website\",\"url\":\"https:\/\/hestiahealth.es\/gl\/\",\"name\":\"Hestia Health\",\"description\":\"\",\"publisher\":{\"@id\":\"https:\/\/hestiahealth.es\/gl\/#organization\"},\"potentialAction\":[{\"@type\":\"SearchAction\",\"target\":{\"@type\":\"EntryPoint\",\"urlTemplate\":\"https:\/\/hestiahealth.es\/gl\/?s={search_term_string}\"},\"query-input\":{\"@type\":\"PropertyValueSpecification\",\"valueRequired\":true,\"valueName\":\"search_term_string\"}}],\"inLanguage\":\"gl-ES\"},{\"@type\":\"Organization\",\"@id\":\"https:\/\/hestiahealth.es\/gl\/#organization\",\"name\":\"Hestia Health\",\"url\":\"https:\/\/hestiahealth.es\/gl\/\",\"logo\":{\"@type\":\"ImageObject\",\"inLanguage\":\"gl-ES\",\"@id\":\"https:\/\/hestiahealth.es\/gl\/#\/schema\/logo\/image\/\",\"url\":\"https:\/\/hestiahealth.es\/wp-content\/uploads\/2025\/06\/Logo_Hestia.svg\",\"contentUrl\":\"https:\/\/hestiahealth.es\/wp-content\/uploads\/2025\/06\/Logo_Hestia.svg\",\"width\":201,\"height\":70,\"caption\":\"Hestia Health\"},\"image\":{\"@id\":\"https:\/\/hestiahealth.es\/gl\/#\/schema\/logo\/image\/\"},\"sameAs\":[\"https:\/\/www.linkedin.com\/company\/hestiahealth\/\"]}]}<\/script>\n<!-- \/ Yoast SEO plugin. -->","yoast_head_json":{"title":"Pol\u00edtica de cookies - Hestia Health","robots":{"index":"index","follow":"follow","max-snippet":"max-snippet:-1","max-image-preview":"max-image-preview:large","max-video-preview":"max-video-preview:-1"},"canonical":"https:\/\/hestiahealth.es\/gl\/cookies\/","og_locale":"gl_ES","og_type":"article","og_title":"Pol\u00edtica de cookies - Hestia Health","og_description":"POL\u00cdTICA DE COOKIES Definici\u00f3n e funci\u00f3n das cookiesUnha cookie \u00e9 un ficheiro que se descarga no seu ordenador\/tableta\/smartphone ao acceder a determinadas p\u00e1xinas web. As cookies permiten a unha p\u00e1xina web, entre outras cousas, almacenar e recuperar informaci\u00f3n sobre os h\u00e1bitos de navegaci\u00f3n dun usuario ou do seu dispositivo. Cookies que utilizamos\u2022 Cookies t\u00e9cnicas: Son [&hellip;]","og_url":"https:\/\/hestiahealth.es\/gl\/cookies\/","og_site_name":"Hestia Health","article_modified_time":"2025-07-25T17:01:53+00:00","twitter_card":"summary_large_image","twitter_misc":{"Tempo de lectura":"3 minutos"},"schema":{"@context":"https:\/\/schema.org","@graph":[{"@type":"WebPage","@id":"https:\/\/hestiahealth.es\/gl\/cookies\/","url":"https:\/\/hestiahealth.es\/gl\/cookies\/","name":"Pol\u00edtica de cookies - Hestia Health","isPartOf":{"@id":"https:\/\/hestiahealth.es\/gl\/#website"},"datePublished":"2025-06-10T15:04:58+00:00","dateModified":"2025-07-25T17:01:53+00:00","breadcrumb":{"@id":"https:\/\/hestiahealth.es\/gl\/cookies\/#breadcrumb"},"inLanguage":"gl-ES","potentialAction":[{"@type":"ReadAction","target":["https:\/\/hestiahealth.es\/gl\/cookies\/"]}]},{"@type":"BreadcrumbList","@id":"https:\/\/hestiahealth.es\/gl\/cookies\/#breadcrumb","itemListElement":[{"@type":"ListItem","position":1,"name":"Portada","item":"https:\/\/hestiahealth.es\/gl\/"},{"@type":"ListItem","position":2,"name":"Pol\u00edtica de cookies"}]},{"@type":"WebSite","@id":"https:\/\/hestiahealth.es\/gl\/#website","url":"https:\/\/hestiahealth.es\/gl\/","name":"Hestia Health","description":"","publisher":{"@id":"https:\/\/hestiahealth.es\/gl\/#organization"},"potentialAction":[{"@type":"SearchAction","target":{"@type":"EntryPoint","urlTemplate":"https:\/\/hestiahealth.es\/gl\/?s={search_term_string}"},"query-input":{"@type":"PropertyValueSpecification","valueRequired":true,"valueName":"search_term_string"}}],"inLanguage":"gl-ES"},{"@type":"Organization","@id":"https:\/\/hestiahealth.es\/gl\/#organization","name":"Hestia Health","url":"https:\/\/hestiahealth.es\/gl\/","logo":{"@type":"ImageObject","inLanguage":"gl-ES","@id":"https:\/\/hestiahealth.es\/gl\/#\/schema\/logo\/image\/","url":"https:\/\/hestiahealth.es\/wp-content\/uploads\/2025\/06\/Logo_Hestia.svg","contentUrl":"https:\/\/hestiahealth.es\/wp-content\/uploads\/2025\/06\/Logo_Hestia.svg","width":201,"height":70,"caption":"Hestia Health"},"image":{"@id":"https:\/\/hestiahealth.es\/gl\/#\/schema\/logo\/image\/"},"sameAs":["https:\/\/www.linkedin.com\/company\/hestiahealth\/"]}]}},"_links":{"self":[{"href":"https:\/\/hestiahealth.es\/gl\/wp-json\/wp\/v2\/pages\/4346","targetHints":{"allow":["GET"]}}],"collection":[{"href":"https:\/\/hestiahealth.es\/gl\/wp-json\/wp\/v2\/pages"}],"about":[{"href":"https:\/\/hestiahealth.es\/gl\/wp-json\/wp\/v2\/types\/page"}],"author":[{"embeddable":true,"href":"https:\/\/hestiahealth.es\/gl\/wp-json\/wp\/v2\/users\/1"}],"replies":[{"embeddable":true,"href":"https:\/\/hestiahealth.es\/gl\/wp-json\/wp\/v2\/comments?post=4346"}],"version-history":[{"count":5,"href":"https:\/\/hestiahealth.es\/gl\/wp-json\/wp\/v2\/pages\/4346\/revisions"}],"predecessor-version":[{"id":4669,"href":"https:\/\/hestiahealth.es\/gl\/wp-json\/wp\/v2\/pages\/4346\/revisions\/4669"}],"wp:attachment":[{"href":"https:\/\/hestiahealth.es\/gl\/wp-json\/wp\/v2\/media?parent=4346"}],"curies":[{"name":"wp","href":"https:\/\/api.w.org\/{rel}","templated":true}]}}